{"id":141601,"date":"2025-01-01T20:56:43","date_gmt":"2025-01-10T22:55:23","guid":{"rendered":"https:\/\/staging.nbg.eu\/product\/area-419-ruger-american-short-action-scope-base\/"},"modified":"2025-01-10T22:57:07","modified_gmt":"2025-01-10T22:57:07","slug":"area-419-ruger-american-short-action-bazi-ghal-scope","status":"publish","type":"product","link":"https:\/\/staging.nbg.eu\/mt\/product\/area-419-ruger-american-short-action-bazi-ghal-scope\/","title":{"rendered":"Area 419 &#8211; Ruger American Short Action Bazi ghal Scope"},"content":{"rendered":"<div class=\"product-description\">\n<h2>Area 419 &#8211; Ba\u017ci ta&#8217; Skop g\u0127al Ruger American Short Action<\/h2>\n<p>Ba\u017ci ta&#8217; skop g\u0127ar-rifle Ruger American. Mag\u0127mula minn bi\u010b\u010ba wa\u0127da ta&#8217; aluminju T7075, din il-ba\u017ci hija:<\/p>\n<ul>\n<li>Immanifatturata internament g\u0127al qisien pre\u010bi\u017ci<\/li>\n<li>B&#8217;sa\u0127\u0127itha u re\u017cistenti<\/li>\n<li>Anodizzata sewda tat-Tip III<\/li>\n<li>Iddisinjata b&#8217;cant ta&#8217; 20MOA g\u0127al tiri itwal<\/li>\n<\/ul>\n<p>Tinkludi wrench g\u0127at-torque tal-viti tal-klamp (rakkomandat: 15 in\/lb). G\u0127al sparar fuq distanzi twal.<\/p>\n<h3>Spe\u010bifikazzjonijiet:<\/h3>\n<ul>\n<li>Pi\u017c: 0.2 lbs<\/li>\n<li>Dimensjonijiet: 8.5 \u00d7 1 \u00d7 1 in<\/li>\n<li>Manifattur: Area 419<\/li>\n<li>Daqs: 20MOA<\/li>\n<\/ul>\n<\/div>\n","protected":false},"excerpt":{"rendered":"<p>Ba\u017ci tal-iskop ta&#8217; 20MOA ma\u0127duma bi pre\u010bi\u017cjoni g\u0127ar-rifles Ruger American.<\/p>\n","protected":false},"featured_media":112128,"template":"","meta":{"_acf_changed":false},"product_brand":[11045],"product_cat":[730,642,390],"product_tag":[],"class_list":{"0":"post-141601","1":"product","2":"type-product","3":"status-publish","4":"has-post-thumbnail","6":"product_brand-area-419","7":"product_cat-rails-mt","8":"product_cat-rifle-mt","9":"product_cat-aiming","11":"first","12":"instock","13":"taxable","14":"shipping-taxable","15":"purchasable","16":"product-type-simple"},"acf":[],"_links":{"self":[{"href":"https:\/\/staging.nbg.eu\/mt\/wp-json\/wp\/v2\/product\/141601","targetHints":{"allow":["GET"]}}],"collection":[{"href":"https:\/\/staging.nbg.eu\/mt\/wp-json\/wp\/v2\/product"}],"about":[{"href":"https:\/\/staging.nbg.eu\/mt\/wp-json\/wp\/v2\/types\/product"}],"wp:featuredmedia":[{"embeddable":true,"href":"https:\/\/staging.nbg.eu\/mt\/wp-json\/wp\/v2\/media\/112128"}],"wp:attachment":[{"href":"https:\/\/staging.nbg.eu\/mt\/wp-json\/wp\/v2\/media?parent=141601"}],"wp:term":[{"taxonomy":"product_brand","embeddable":true,"href":"https:\/\/staging.nbg.eu\/mt\/wp-json\/wp\/v2\/product_brand?post=141601"},{"taxonomy":"product_cat","embeddable":true,"href":"https:\/\/staging.nbg.eu\/mt\/wp-json\/wp\/v2\/product_cat?post=141601"},{"taxonomy":"product_tag","embeddable":true,"href":"https:\/\/staging.nbg.eu\/mt\/wp-json\/wp\/v2\/product_tag?post=141601"}],"curies":[{"name":"wp","href":"https:\/\/api.w.org\/{rel}","templated":true}]}}