{"id":141389,"date":"2025-01-04T07:20:19","date_gmt":"2025-01-10T22:33:02","guid":{"rendered":"https:\/\/staging.nbg.eu\/product\/area-419-arcalock-clamp\/"},"modified":"2025-01-10T22:34:48","modified_gmt":"2025-01-10T22:34:48","slug":"area-419-arcalock-clamp","status":"publish","type":"product","link":"https:\/\/staging.nbg.eu\/mt\/product\/area-419-arcalock-clamp\/","title":{"rendered":"Area 419 &#8211; ARCALOCK Clamp"},"content":{"rendered":"<div class=\"product-description\">\n<h2>Area 419 &#8211; Klamp ARCALOCK<\/h2>\n<p>Il-klamp ARCALOCK minn Area 419 ja\u0127dem fuq kull rejl standard ARCA\/1.5&#8243; dovetail, joffri soluzzjoni mekkanikament imsakkar g\u0127al stabbilt\u00e0 a\u0127jar.<\/p>\n<ul>\n<li>Disinn ta&#8217; vit bi \u017cew\u0121 stadji g\u0127al moviment rapidu u torque addizzjonali<\/li>\n<li>Kompatibbli ma&#8217; Atlas Bipods u adattabbli g\u0127al Harris Bipods<\/li>\n<li>Funzjonalit\u00e0 ta&#8217; waqfa tal-barrikata versatili<\/li>\n<li>Kompatibbli lura ma&#8217; rejls ARCA standard<\/li>\n<li>Ma\u0127dum minn Aluminju 6061-T6 b&#8217;anodizzazzjoni tat-Tip III Hardcoat<\/li>\n<li>\u0126afif b&#8217;pi\u017c ta&#8217; 72.5 grammi<\/li>\n<\/ul>\n<p>Il-klamp ARCALOCK ta&#8217; Area 419 huwa a\u0121\u0121ornament g\u0127as-sistema tar-rifle ta&#8217; pre\u010bi\u017cjoni tieg\u0127ek.<\/p>\n<\/div>\n","protected":false},"excerpt":{"rendered":"<p>Qafla tal-ARCA sikura b&#8217;mekkani\u017cmu ta&#8217; llokkjar g\u0127al xkubetti ta&#8217; pre\u010bi\u017cjoni.<\/p>\n","protected":false},"featured_media":115253,"template":"","meta":{"_acf_changed":false},"product_brand":[11045],"product_cat":[730,642],"product_tag":[],"class_list":{"0":"post-141389","1":"product","2":"type-product","3":"status-publish","4":"has-post-thumbnail","6":"product_brand-area-419","7":"product_cat-rails-mt","8":"product_cat-rifle-mt","10":"first","11":"instock","12":"taxable","13":"shipping-taxable","14":"purchasable","15":"product-type-simple"},"acf":[],"_links":{"self":[{"href":"https:\/\/staging.nbg.eu\/mt\/wp-json\/wp\/v2\/product\/141389","targetHints":{"allow":["GET"]}}],"collection":[{"href":"https:\/\/staging.nbg.eu\/mt\/wp-json\/wp\/v2\/product"}],"about":[{"href":"https:\/\/staging.nbg.eu\/mt\/wp-json\/wp\/v2\/types\/product"}],"wp:featuredmedia":[{"embeddable":true,"href":"https:\/\/staging.nbg.eu\/mt\/wp-json\/wp\/v2\/media\/115253"}],"wp:attachment":[{"href":"https:\/\/staging.nbg.eu\/mt\/wp-json\/wp\/v2\/media?parent=141389"}],"wp:term":[{"taxonomy":"product_brand","embeddable":true,"href":"https:\/\/staging.nbg.eu\/mt\/wp-json\/wp\/v2\/product_brand?post=141389"},{"taxonomy":"product_cat","embeddable":true,"href":"https:\/\/staging.nbg.eu\/mt\/wp-json\/wp\/v2\/product_cat?post=141389"},{"taxonomy":"product_tag","embeddable":true,"href":"https:\/\/staging.nbg.eu\/mt\/wp-json\/wp\/v2\/product_tag?post=141389"}],"curies":[{"name":"wp","href":"https:\/\/api.w.org\/{rel}","templated":true}]}}