{"id":141271,"date":"2025-01-04T07:26:25","date_gmt":"2025-01-10T21:46:21","guid":{"rendered":"https:\/\/staging.nbg.eu\/product\/area-419-arcalock-clamp-black\/"},"modified":"2025-01-10T21:48:08","modified_gmt":"2025-01-10T21:48:08","slug":"area-419-arcalock-clamp-iswed","status":"publish","type":"product","link":"https:\/\/staging.nbg.eu\/mt\/product\/area-419-arcalock-clamp-iswed\/","title":{"rendered":"Area 419 &#8211; ARCALOCK Clamp Iswed"},"content":{"rendered":"<div class=\"product-description\">\n<h2>Area 419 &#8211; Klamp ARCALOCK (Iswed)<\/h2>\n<p>Il-klamp ARCALOCK ta&#8217; Area 419 f&#8217;kulur iswed ja\u0127dem fuq il-binarji standard ARCA\/1.5&#8243; dovetail, u joffri soluzzjoni mekkanikament imsakkar g\u0127al stabbilt\u00e0 a\u0127jar.<\/p>\n<ul>\n<li>Disinn ta&#8217; vit bi \u017cew\u0121 stadji g\u0127al moviment mg\u0127a\u0121\u0121el u torque addizzjonali<\/li>\n<li>Kompatibbli ma&#8217; Atlas Bipods u adattabbli g\u0127al Harris Bipods<\/li>\n<li>Kompatibbli lura ma&#8217; binarji standard ARCA<\/li>\n<li>Mag\u0127mul minn Aluminju 6061-T6 b&#8217;finitura anodizzata sewda tat-Tip III Hardcoat<\/li>\n<li>Vit tal-azzar inossidabbli 303<\/li>\n<li>Pi\u017c: 72.5 grammi<\/li>\n<\/ul>\n<p>Il-klamp ARCALOCK ta&#8217; Area 419 huwa ddisinjat u manifatturat fl-Istati Uniti.<\/p>\n<\/div>\n","protected":false},"excerpt":{"rendered":"<p>Morsa sikura g\u0127ar-ril ARCA b&#8217;pum iswed g\u0127al xkubetti ta&#8217; pre\u010bi\u017cjoni.<\/p>\n","protected":false},"featured_media":115377,"template":"","meta":{"_acf_changed":false},"product_brand":[11045],"product_cat":[730,642,390],"product_tag":[],"class_list":{"0":"post-141271","1":"product","2":"type-product","3":"status-publish","4":"has-post-thumbnail","6":"product_brand-area-419","7":"product_cat-rails-mt","8":"product_cat-rifle-mt","9":"product_cat-aiming","11":"first","12":"instock","13":"taxable","14":"shipping-taxable","15":"purchasable","16":"product-type-simple"},"acf":[],"_links":{"self":[{"href":"https:\/\/staging.nbg.eu\/mt\/wp-json\/wp\/v2\/product\/141271","targetHints":{"allow":["GET"]}}],"collection":[{"href":"https:\/\/staging.nbg.eu\/mt\/wp-json\/wp\/v2\/product"}],"about":[{"href":"https:\/\/staging.nbg.eu\/mt\/wp-json\/wp\/v2\/types\/product"}],"wp:featuredmedia":[{"embeddable":true,"href":"https:\/\/staging.nbg.eu\/mt\/wp-json\/wp\/v2\/media\/115377"}],"wp:attachment":[{"href":"https:\/\/staging.nbg.eu\/mt\/wp-json\/wp\/v2\/media?parent=141271"}],"wp:term":[{"taxonomy":"product_brand","embeddable":true,"href":"https:\/\/staging.nbg.eu\/mt\/wp-json\/wp\/v2\/product_brand?post=141271"},{"taxonomy":"product_cat","embeddable":true,"href":"https:\/\/staging.nbg.eu\/mt\/wp-json\/wp\/v2\/product_cat?post=141271"},{"taxonomy":"product_tag","embeddable":true,"href":"https:\/\/staging.nbg.eu\/mt\/wp-json\/wp\/v2\/product_tag?post=141271"}],"curies":[{"name":"wp","href":"https:\/\/api.w.org\/{rel}","templated":true}]}}