{"id":140977,"date":"2025-01-04T08:28:27","date_gmt":"2025-01-04T08:28:27","guid":{"rendered":"https:\/\/staging.nbg.eu\/product\/area-419-arcalock-dual-clamp-with-picatinny\/"},"modified":"2025-01-10T19:10:10","modified_gmt":"2025-01-10T19:10:10","slug":"area-419-arcalock-clamp-doppju-bi-picatinny","status":"publish","type":"product","link":"https:\/\/staging.nbg.eu\/mt\/product\/area-419-arcalock-clamp-doppju-bi-picatinny\/","title":{"rendered":"Area 419 &#8211; ARCALOCK Clamp Doppju bi Picatinny"},"content":{"rendered":"<div class=\"product-description\">\n<h2>Area 419 &#8211; ARCALOCK Klamp Doppju b&#8217;Picatinny<\/h2>\n<p>Dan il-klamp jimmanifattura fl-Amerika joffri funzjonalit\u00e0 doppja g\u0127al linji ARCALOCK u Picatinny.<\/p>\n<ul>\n<li>Tensjoni a\u0121\u0121ustabbli g\u0127al twa\u0127\u0127il fuq i\u017c-\u017cew\u0121 u\u010bu\u0127<\/li>\n<li>Swi\u010b\u010b ARCALOCK &#8220;On\/Off&#8221; g\u0127al kompatibbilt\u00e0 ma&#8217; manifatturi differenti<\/li>\n<li>Komponenti tal-azzar iebes g\u0127al twa\u0127\u0127il Picatinny<\/li>\n<li>Rabta ARMS 17S g\u0127all-u\u017cu ma&#8217; bipods komuni<\/li>\n<\/ul>\n<p>Mag\u0127mul minn aluminju 6061-T6 u azzar inossidabbli, ji\u017cen 1.25 lb u jkejjel 6&#8243; \u00d7 3.5&#8243; \u00d7 2&#8243;. G\u0127al sparaturi ta&#8217; distanza medja sa twila.<\/p>\n<p><strong>Nota:<\/strong> Mhux kompatibbli ma&#8217; xi apparat ARCALOCK ta&#8217; Area 419, inklu\u017c Garmin XERO Arms u RailChanger X.<\/p>\n<\/div>\n","protected":false},"excerpt":{"rendered":"<p>Klamp versatili ARCALOCK\/Picatinny g\u0127al sparar ta&#8217; pre\u010bi\u017cjoni.<\/p>\n","protected":false},"featured_media":115956,"template":"","meta":{"_acf_changed":false},"product_brand":[11045],"product_cat":[730,642],"product_tag":[],"class_list":{"0":"post-140977","1":"product","2":"type-product","3":"status-publish","4":"has-post-thumbnail","6":"product_brand-area-419","7":"product_cat-rails-mt","8":"product_cat-rifle-mt","10":"first","11":"outofstock","12":"taxable","13":"shipping-taxable","14":"purchasable","15":"product-type-simple"},"acf":[],"_links":{"self":[{"href":"https:\/\/staging.nbg.eu\/mt\/wp-json\/wp\/v2\/product\/140977","targetHints":{"allow":["GET"]}}],"collection":[{"href":"https:\/\/staging.nbg.eu\/mt\/wp-json\/wp\/v2\/product"}],"about":[{"href":"https:\/\/staging.nbg.eu\/mt\/wp-json\/wp\/v2\/types\/product"}],"wp:featuredmedia":[{"embeddable":true,"href":"https:\/\/staging.nbg.eu\/mt\/wp-json\/wp\/v2\/media\/115956"}],"wp:attachment":[{"href":"https:\/\/staging.nbg.eu\/mt\/wp-json\/wp\/v2\/media?parent=140977"}],"wp:term":[{"taxonomy":"product_brand","embeddable":true,"href":"https:\/\/staging.nbg.eu\/mt\/wp-json\/wp\/v2\/product_brand?post=140977"},{"taxonomy":"product_cat","embeddable":true,"href":"https:\/\/staging.nbg.eu\/mt\/wp-json\/wp\/v2\/product_cat?post=140977"},{"taxonomy":"product_tag","embeddable":true,"href":"https:\/\/staging.nbg.eu\/mt\/wp-json\/wp\/v2\/product_tag?post=140977"}],"curies":[{"name":"wp","href":"https:\/\/api.w.org\/{rel}","templated":true}]}}