{"id":140870,"date":"2025-01-04T07:33:44","date_gmt":"2025-01-10T19:01:43","guid":{"rendered":"https:\/\/staging.nbg.eu\/product\/area-419-arcalock-qd-clamp\/"},"modified":"2025-01-10T19:03:33","modified_gmt":"2025-01-10T19:03:33","slug":"area-419-arcalock-qd-clamp","status":"publish","type":"product","link":"https:\/\/staging.nbg.eu\/mt\/product\/area-419-arcalock-qd-clamp\/","title":{"rendered":"Area 419 &#8211; ARCALOCK QD Clamp"},"content":{"rendered":"<div class=\"product-description\">\n<h2>Area 419 &#8211; ARCALOCK QD Klamp<\/h2>\n<p>L-ARCALOCK QD Klamp ta&#8217; Area 419 ja\u0127dem fuq il-linji standard ARCA\/1.5&#8243; dovetail, u joffri soluzzjoni mekkanikament imsakkar g\u0127al stabbilt\u00e0 a\u0127jar.<\/p>\n<ul>\n<li>Disinn ta&#8217; vit bi \u017cew\u0121 stadji g\u0127al moviment rapidu u torque addizzjonali<\/li>\n<li>Kompatibbli ma&#8217; Atlas Bipods u adattabbli g\u0127al Harris Bipods<\/li>\n<li>Kompatibbli b&#8217;lura ma&#8217; linji standard ARCA<\/li>\n<li>Mag\u0127mul minn Aluminju 6061-T6 b&#8217;anodizzazzjoni sewda tat-Tip III Hardcoat<\/li>\n<li>Vit tal-azzar inossidabbli 303 g\u0127ad-durabbilt\u00e0<\/li>\n<li>\u0126afif b&#8217;pi\u017c ta&#8217; 72.5 grammi<\/li>\n<\/ul>\n<p>L-ARCALOCK QD Klamp huwa ddisinjat u manifatturat fl-Istati Uniti minn Area 419.<\/p>\n<\/div>\n","protected":false},"excerpt":{"rendered":"<p>Kexxun ARCA b&#8217;mekkani\u017cmu li jillokkja g\u0127al immuntar sigur, li jin\u0127all malajr.<\/p>\n","protected":false},"featured_media":115499,"template":"","meta":{"_acf_changed":false},"product_brand":[11045],"product_cat":[730,642,390],"product_tag":[],"class_list":{"0":"post-140870","1":"product","2":"type-product","3":"status-publish","4":"has-post-thumbnail","6":"product_brand-area-419","7":"product_cat-rails-mt","8":"product_cat-rifle-mt","9":"product_cat-aiming","11":"first","12":"instock","13":"taxable","14":"shipping-taxable","15":"purchasable","16":"product-type-simple"},"acf":[],"_links":{"self":[{"href":"https:\/\/staging.nbg.eu\/mt\/wp-json\/wp\/v2\/product\/140870","targetHints":{"allow":["GET"]}}],"collection":[{"href":"https:\/\/staging.nbg.eu\/mt\/wp-json\/wp\/v2\/product"}],"about":[{"href":"https:\/\/staging.nbg.eu\/mt\/wp-json\/wp\/v2\/types\/product"}],"wp:featuredmedia":[{"embeddable":true,"href":"https:\/\/staging.nbg.eu\/mt\/wp-json\/wp\/v2\/media\/115499"}],"wp:attachment":[{"href":"https:\/\/staging.nbg.eu\/mt\/wp-json\/wp\/v2\/media?parent=140870"}],"wp:term":[{"taxonomy":"product_brand","embeddable":true,"href":"https:\/\/staging.nbg.eu\/mt\/wp-json\/wp\/v2\/product_brand?post=140870"},{"taxonomy":"product_cat","embeddable":true,"href":"https:\/\/staging.nbg.eu\/mt\/wp-json\/wp\/v2\/product_cat?post=140870"},{"taxonomy":"product_tag","embeddable":true,"href":"https:\/\/staging.nbg.eu\/mt\/wp-json\/wp\/v2\/product_tag?post=140870"}],"curies":[{"name":"wp","href":"https:\/\/api.w.org\/{rel}","templated":true}]}}