{"id":140582,"date":"2025-01-04T07:09:46","date_gmt":"2025-01-10T17:49:00","guid":{"rendered":"https:\/\/staging.nbg.eu\/product\/area-419-arcalock-arm-for-garmin-xero\/"},"modified":"2025-01-10T17:50:59","modified_gmt":"2025-01-10T17:50:59","slug":"area-419-arcalock-braccja-ghal-garmin-xero","status":"publish","type":"product","link":"https:\/\/staging.nbg.eu\/mt\/product\/area-419-arcalock-braccja-ghal-garmin-xero\/","title":{"rendered":"Area 419 &#8211; ARCALOCK Braccja ghal Garmin Xero"},"content":{"rendered":"<div class=\"product-description\">\n<h2>Area 419 &#8211; ARCALOCK Arm g\u0127al Garmin Xero C1<\/h2>\n<p>Dan l-a\u010b\u010bessorju jippermetti diversi g\u0127a\u017cliet ta&#8217; immuntar g\u0127al Garmin Xero C1:<\/p>\n<ul>\n<li>F&#8217;linja mal-kanna (immuntar ta&#8217; diving board jew mal-\u0121enb)<\/li>\n<li>Offset bl-u\u017cu ta&#8217; ARCA rail jew pic rail imtawwal<\/li>\n<li>Jista&#8217; jinqala&#8217; g\u0127all-u\u017cu fuq kwalunkwe tripod kompatibbli ma&#8217; ARCA<\/li>\n<\/ul>\n<p>Mag\u0127mul minn aluminju billet, dan id-drieg\u0127 g\u0127andu disinn ta&#8217; immuntar 17S kompatibbli mal-klamps Arcalock tag\u0127na jew mal-klamp lever picatinny QD. G\u0127all-u\u017cu mal-Garmin Xero C1 Chronograph.<\/p>\n<h3>Spe\u010bifikazzjonijiet:<\/h3>\n<ul>\n<li>Pi\u017c: 1 lb<\/li>\n<li>Dimensjonijiet: 6&#8243; \u00d7 4&#8243; \u00d7 1&#8243;<\/li>\n<\/ul>\n<\/div>\n","protected":false},"excerpt":{"rendered":"<p>Mount versatili g\u0127al Garmin Xero C1: Kompatibbli ma&#8217; kanna, \u010bannol jew tripied.<\/p>\n","protected":false},"featured_media":114887,"template":"","meta":{"_acf_changed":false},"product_brand":[11045],"product_cat":[730,642],"product_tag":[],"class_list":{"0":"post-140582","1":"product","2":"type-product","3":"status-publish","4":"has-post-thumbnail","6":"product_brand-area-419","7":"product_cat-rails-mt","8":"product_cat-rifle-mt","10":"first","11":"instock","12":"taxable","13":"shipping-taxable","14":"purchasable","15":"product-type-variable","16":"wvs-archive-product-wrapper"},"acf":[],"_links":{"self":[{"href":"https:\/\/staging.nbg.eu\/mt\/wp-json\/wp\/v2\/product\/140582","targetHints":{"allow":["GET"]}}],"collection":[{"href":"https:\/\/staging.nbg.eu\/mt\/wp-json\/wp\/v2\/product"}],"about":[{"href":"https:\/\/staging.nbg.eu\/mt\/wp-json\/wp\/v2\/types\/product"}],"wp:featuredmedia":[{"embeddable":true,"href":"https:\/\/staging.nbg.eu\/mt\/wp-json\/wp\/v2\/media\/114887"}],"wp:attachment":[{"href":"https:\/\/staging.nbg.eu\/mt\/wp-json\/wp\/v2\/media?parent=140582"}],"wp:term":[{"taxonomy":"product_brand","embeddable":true,"href":"https:\/\/staging.nbg.eu\/mt\/wp-json\/wp\/v2\/product_brand?post=140582"},{"taxonomy":"product_cat","embeddable":true,"href":"https:\/\/staging.nbg.eu\/mt\/wp-json\/wp\/v2\/product_cat?post=140582"},{"taxonomy":"product_tag","embeddable":true,"href":"https:\/\/staging.nbg.eu\/mt\/wp-json\/wp\/v2\/product_tag?post=140582"}],"curies":[{"name":"wp","href":"https:\/\/api.w.org\/{rel}","templated":true}]}}