{"id":140318,"date":"2025-01-04T04:41:18","date_gmt":"2025-01-10T15:16:33","guid":{"rendered":"https:\/\/staging.nbg.eu\/product\/area-419-arcalock-12-m-lok-dovetail-rail\/"},"modified":"2025-01-10T15:18:32","modified_gmt":"2025-01-10T15:18:32","slug":"area-419-arcalock-12-m-lok-dovetail-rail","status":"publish","type":"product","link":"https:\/\/staging.nbg.eu\/mt\/product\/area-419-arcalock-12-m-lok-dovetail-rail\/","title":{"rendered":"Area 419 &#8211; ARCALOCK 12&#8243; M-LOK Dovetail Rail"},"content":{"rendered":"<div class=\"product-description\">\n<h2>Area 419 &#8211; ARCALOCK 12&#8243; M-LOK Rail bil-\u0126otba<\/h2>\n<p>Il-rail ARCALOCK 12&#8243; M-LOK minn Area 419 g\u0127andu dawn il-karatteristi\u010bi:<\/p>\n<ul>\n<li>\u0120nub tas-serratuti g\u0127al qfil mekkaniku ma&#8217; klamps ta&#8217; Area 419<\/li>\n<li>Kompatibbli ma&#8217; a\u010b\u010bessorji Arca standard<\/li>\n<li>Tul ta&#8217; 12-il pulzier<\/li>\n<li>Ji\u017cen 4.1 uqija<\/li>\n<li>Kompatibbli mal-istandard RRS 1.5&#8243; Dovetail<\/li>\n<li>Truf i\u010b\u010bamfrati u kantunieri ttondjati<\/li>\n<li>Finitura anodizzata Type 3 Hard Coat<\/li>\n<li>Mag\u0127mul fl-Istati Uniti minn Aluminju 6061-T6<\/li>\n<li>Slots M-LOK fin-na\u0127a ta&#8217; ta\u0127t g\u0127al aktar attachments<\/li>\n<\/ul>\n<p>Ir-rail ARCALOCK huwa ddisinjat biex ma ji\u017cloqx ta\u0127t pressjoni. Jinkludi l-hardware kollu me\u0127tie\u0121 g\u0127all-immuntar M-LOK.<\/p>\n<p><strong>Nota:<\/strong> Je\u0127tie\u0121 6 slots MLOK konsekuttivi g\u0127all-attachment. L-istop angolat tal-barrikata ta&#8217; wara jinbieg\u0127 separatament.<\/p>\n<\/div>\n","protected":false},"excerpt":{"rendered":"<p>Serraturi ta&#8217; 12&#8243; ARCA rail b&#8217;slots M-LOK. \u0120nub bix-xifer, \u0127afif, u durabbli.<\/p>\n","protected":false},"featured_media":112416,"template":"","meta":{"_acf_changed":false},"product_brand":[11045],"product_cat":[730,642,390],"product_tag":[],"class_list":{"0":"post-140318","1":"product","2":"type-product","3":"status-publish","4":"has-post-thumbnail","6":"product_brand-area-419","7":"product_cat-rails-mt","8":"product_cat-rifle-mt","9":"product_cat-aiming","11":"first","12":"instock","13":"taxable","14":"shipping-taxable","15":"purchasable","16":"product-type-variable","17":"wvs-archive-product-wrapper"},"acf":[],"_links":{"self":[{"href":"https:\/\/staging.nbg.eu\/mt\/wp-json\/wp\/v2\/product\/140318","targetHints":{"allow":["GET"]}}],"collection":[{"href":"https:\/\/staging.nbg.eu\/mt\/wp-json\/wp\/v2\/product"}],"about":[{"href":"https:\/\/staging.nbg.eu\/mt\/wp-json\/wp\/v2\/types\/product"}],"wp:featuredmedia":[{"embeddable":true,"href":"https:\/\/staging.nbg.eu\/mt\/wp-json\/wp\/v2\/media\/112416"}],"wp:attachment":[{"href":"https:\/\/staging.nbg.eu\/mt\/wp-json\/wp\/v2\/media?parent=140318"}],"wp:term":[{"taxonomy":"product_brand","embeddable":true,"href":"https:\/\/staging.nbg.eu\/mt\/wp-json\/wp\/v2\/product_brand?post=140318"},{"taxonomy":"product_cat","embeddable":true,"href":"https:\/\/staging.nbg.eu\/mt\/wp-json\/wp\/v2\/product_cat?post=140318"},{"taxonomy":"product_tag","embeddable":true,"href":"https:\/\/staging.nbg.eu\/mt\/wp-json\/wp\/v2\/product_tag?post=140318"}],"curies":[{"name":"wp","href":"https:\/\/api.w.org\/{rel}","templated":true}]}}