{"id":140166,"date":"2025-01-04T04:53:09","date_gmt":"2025-01-10T14:01:02","guid":{"rendered":"https:\/\/staging.nbg.eu\/product\/area-419-arcalock-12-universal-dovetail-rail\/"},"modified":"2025-01-10T14:02:46","modified_gmt":"2025-01-10T14:02:46","slug":"area-419-arcalock-12-universal-dovetail-rail","status":"publish","type":"product","link":"https:\/\/staging.nbg.eu\/mt\/product\/area-419-arcalock-12-universal-dovetail-rail\/","title":{"rendered":"Area 419 &#8211; ARCALOCK 12&#8243; Universal Dovetail Rail"},"content":{"rendered":"<div class=\"product-description\">\n<h2>Area 419 &#8211; ARCALOCK 12&#8243; Relia Universali Dovetail<\/h2>\n<p>Relia ARCALOCK 12&#8243; Universali Dovetail minn Area 419. Din ir-relia tinkludi:<\/p>\n<ul>\n<li>\u0120nub bis-snien g\u0127al qfil mekkaniku ma&#8217; klamps ta&#8217; Area 419<\/li>\n<li>Kompatibbilt\u00e0 ma&#8217; a\u010b\u010bessorji standard Arca<\/li>\n<li>Tul ta&#8217; 12-il pulzier<\/li>\n<li>Pi\u017c ta&#8217; 4.1 uqija<\/li>\n<li>Kompatibbilt\u00e0 mal-istandard RRS 1.5&#8243; Dovetail<\/li>\n<li>Truf irrumblati<\/li>\n<li>Diversi punti ta&#8217; konnessjoni<\/li>\n<li>Mag\u0127mula minn Aluminju 6061-T6 b&#8217;kisi anodizzat Tip 3<\/li>\n<li>Mag\u0127mula fl-Istati Uniti<\/li>\n<\/ul>\n<p>Sistema ta&#8217; relia ARCALOCK. \u0126ardwer MLOK mhux inklu\u017c.<\/p>\n<\/div>\n","protected":false},"excerpt":{"rendered":"<p>\u010aavetta 12&#8243; ARCA rail g\u0127al azzarini ta&#8217; pre\u010bi\u017cjoni. \u0126ardwer MLOK mhux inklu\u017c.<\/p>\n","protected":false},"featured_media":114654,"template":"","meta":{"_acf_changed":false},"product_brand":[11045],"product_cat":[730,642,390],"product_tag":[],"class_list":{"0":"post-140166","1":"product","2":"type-product","3":"status-publish","4":"has-post-thumbnail","6":"product_brand-area-419","7":"product_cat-rails-mt","8":"product_cat-rifle-mt","9":"product_cat-aiming","11":"first","12":"instock","13":"taxable","14":"shipping-taxable","15":"purchasable","16":"product-type-simple"},"acf":[],"_links":{"self":[{"href":"https:\/\/staging.nbg.eu\/mt\/wp-json\/wp\/v2\/product\/140166","targetHints":{"allow":["GET"]}}],"collection":[{"href":"https:\/\/staging.nbg.eu\/mt\/wp-json\/wp\/v2\/product"}],"about":[{"href":"https:\/\/staging.nbg.eu\/mt\/wp-json\/wp\/v2\/types\/product"}],"wp:featuredmedia":[{"embeddable":true,"href":"https:\/\/staging.nbg.eu\/mt\/wp-json\/wp\/v2\/media\/114654"}],"wp:attachment":[{"href":"https:\/\/staging.nbg.eu\/mt\/wp-json\/wp\/v2\/media?parent=140166"}],"wp:term":[{"taxonomy":"product_brand","embeddable":true,"href":"https:\/\/staging.nbg.eu\/mt\/wp-json\/wp\/v2\/product_brand?post=140166"},{"taxonomy":"product_cat","embeddable":true,"href":"https:\/\/staging.nbg.eu\/mt\/wp-json\/wp\/v2\/product_cat?post=140166"},{"taxonomy":"product_tag","embeddable":true,"href":"https:\/\/staging.nbg.eu\/mt\/wp-json\/wp\/v2\/product_tag?post=140166"}],"curies":[{"name":"wp","href":"https:\/\/api.w.org\/{rel}","templated":true}]}}