{"id":140054,"date":"2025-01-04T08:32:04","date_gmt":"2025-01-10T13:42:29","guid":{"rendered":"https:\/\/staging.nbg.eu\/product\/area-419-arcalock-17-universal-dovetail-rail\/"},"modified":"2025-01-10T13:44:16","modified_gmt":"2025-01-10T13:44:16","slug":"area-419-arcalock-17-universal-dovetail-rail","status":"publish","type":"product","link":"https:\/\/staging.nbg.eu\/mt\/product\/area-419-arcalock-17-universal-dovetail-rail\/","title":{"rendered":"Area 419 &#8211; ARCALOCK 17&#8243; Universal Dovetail Rail"},"content":{"rendered":"<div class=\"product-description\">\n<h2>Area 419 &#8211; ARCALOCK 17&#8243; Rail Dovetail Universali<\/h2>\n<p>Il-Rail Dovetail ARCALOCK ta&#8217; 17&#8243;. Dan ir-rail g\u0127andu:<\/p>\n<ul>\n<li>Na\u0127at msennin g\u0127al qfil mekkaniku ma&#8217; klamps ta&#8217; Area 419<\/li>\n<li>Kompatibbilt\u00e0 ma&#8217; a\u010b\u010bessorji standard Arca<\/li>\n<li>Konformit\u00e0 mal-istandard RRS 1.5&#8243; Dovetail<\/li>\n<li>Truf i\u010b\u010bamfrati<\/li>\n<li>Diversi punti ta&#8217; rbit<\/li>\n<li>Kostruzzjoni tal-Aluminju 6061-T6 b&#8217;kisi anodizzat Tip 3<\/li>\n<li>Mag\u0127mul fl-Istati Uniti b&#8217;materjali ta&#8217; ori\u0121ini domestika<\/li>\n<\/ul>\n<p>Jinkludi vit ta&#8217; azzjoni esti\u017c stil Remington 700 u \u0127ardwer tal-immuntar. <\/p>\n<p><em>Nota: Barrikata fissa ta&#8217; wara u \u0126ardwer MLOK mhumiex inklu\u017ci.<\/em><\/p>\n<\/div>\n","protected":false},"excerpt":{"rendered":"<p>&#8220;Serraturi tal-linja ARCA g\u0127al xkubetti ta&#8217; pre\u010bi\u017cjoni. 17&#8243; mag\u0127mul fl-Istati Uniti tal-aluminju.&#8221;<\/p>\n","protected":false},"featured_media":116052,"template":"","meta":{"_acf_changed":false},"product_brand":[11045],"product_cat":[730,642,390],"product_tag":[],"class_list":{"0":"post-140054","1":"product","2":"type-product","3":"status-publish","4":"has-post-thumbnail","6":"product_brand-area-419","7":"product_cat-rails-mt","8":"product_cat-rifle-mt","9":"product_cat-aiming","11":"first","12":"instock","13":"taxable","14":"shipping-taxable","15":"purchasable","16":"product-type-simple"},"acf":[],"_links":{"self":[{"href":"https:\/\/staging.nbg.eu\/mt\/wp-json\/wp\/v2\/product\/140054","targetHints":{"allow":["GET"]}}],"collection":[{"href":"https:\/\/staging.nbg.eu\/mt\/wp-json\/wp\/v2\/product"}],"about":[{"href":"https:\/\/staging.nbg.eu\/mt\/wp-json\/wp\/v2\/types\/product"}],"wp:featuredmedia":[{"embeddable":true,"href":"https:\/\/staging.nbg.eu\/mt\/wp-json\/wp\/v2\/media\/116052"}],"wp:attachment":[{"href":"https:\/\/staging.nbg.eu\/mt\/wp-json\/wp\/v2\/media?parent=140054"}],"wp:term":[{"taxonomy":"product_brand","embeddable":true,"href":"https:\/\/staging.nbg.eu\/mt\/wp-json\/wp\/v2\/product_brand?post=140054"},{"taxonomy":"product_cat","embeddable":true,"href":"https:\/\/staging.nbg.eu\/mt\/wp-json\/wp\/v2\/product_cat?post=140054"},{"taxonomy":"product_tag","embeddable":true,"href":"https:\/\/staging.nbg.eu\/mt\/wp-json\/wp\/v2\/product_tag?post=140054"}],"curies":[{"name":"wp","href":"https:\/\/api.w.org\/{rel}","templated":true}]}}