{"id":139872,"date":"2025-01-04T06:50:31","date_gmt":"2025-01-10T13:08:34","guid":{"rendered":"https:\/\/staging.nbg.eu\/product\/area-419-arcalock-6-m-lok-dovetail-rail\/"},"modified":"2025-01-10T13:10:31","modified_gmt":"2025-01-10T13:10:31","slug":"area-419-arcalock-6-m-lok-dovetail-rail","status":"publish","type":"product","link":"https:\/\/staging.nbg.eu\/mt\/product\/area-419-arcalock-6-m-lok-dovetail-rail\/","title":{"rendered":"Area 419 &#8211; ARCALOCK 6&#8243; M-LOK Dovetail Rail"},"content":{"rendered":"<div class=\"product-description\">\n<h2>Area 419 &#8211; ARCALOCK 6&#8243; M-LOK Dovetail Rail<\/h2>\n<p><strong>Nota: Je\u0127tie\u0121 3 slots konsekuttivi M-LOK g\u0127at-twa\u0127\u0127il.<\/strong><\/p>\n<p>Dan ir-rail ta&#8217; 6&#8243; g\u0127andu:<\/p>\n<ul>\n<li>\u0120nub issegati g\u0127al locking mekkaniku ma&#8217; klamps ta&#8217; Area 419<\/li>\n<li>Kompatibbilt\u00e0 ma&#8217; a\u010b\u010bessorji standard ARCA<\/li>\n<li>Pi\u017c \u0127afif ta&#8217; 2.2 oz<\/li>\n<li>Konformit\u00e0 mal-istandard RRS 1.5&#8243; Dovetail<\/li>\n<li>Truf i\u010b\u010bamfrati u kantunieri ttondjati<\/li>\n<li>Kostruzzjoni ta&#8217; Aluminju 6061-T6 b&#8217;kisja anodizzata tat-Tip 3<\/li>\n<li>Manifatturat fl-Istati Uniti b&#8217;materjali domesti\u010bi<\/li>\n<\/ul>\n<p>Jinkludi l-\u0127ardwer kollu me\u0127tie\u0121 g\u0127all-immuntar M-LOK.<\/p>\n<\/div>\n","protected":false},"excerpt":{"rendered":"<p>\u017bomm sod rail ta&#8217; 6&#8243; M-LOK Dovetail b&#8217;serraturi li jsakkru. Mag\u0127mul fl-Istati Uniti.<\/p>\n","protected":false},"featured_media":114267,"template":"","meta":{"_acf_changed":false},"product_brand":[11045],"product_cat":[730,642],"product_tag":[],"class_list":{"0":"post-139872","1":"product","2":"type-product","3":"status-publish","4":"has-post-thumbnail","6":"product_brand-area-419","7":"product_cat-rails-mt","8":"product_cat-rifle-mt","10":"first","11":"instock","12":"taxable","13":"shipping-taxable","14":"purchasable","15":"product-type-variable","16":"wvs-archive-product-wrapper"},"acf":[],"_links":{"self":[{"href":"https:\/\/staging.nbg.eu\/mt\/wp-json\/wp\/v2\/product\/139872","targetHints":{"allow":["GET"]}}],"collection":[{"href":"https:\/\/staging.nbg.eu\/mt\/wp-json\/wp\/v2\/product"}],"about":[{"href":"https:\/\/staging.nbg.eu\/mt\/wp-json\/wp\/v2\/types\/product"}],"wp:featuredmedia":[{"embeddable":true,"href":"https:\/\/staging.nbg.eu\/mt\/wp-json\/wp\/v2\/media\/114267"}],"wp:attachment":[{"href":"https:\/\/staging.nbg.eu\/mt\/wp-json\/wp\/v2\/media?parent=139872"}],"wp:term":[{"taxonomy":"product_brand","embeddable":true,"href":"https:\/\/staging.nbg.eu\/mt\/wp-json\/wp\/v2\/product_brand?post=139872"},{"taxonomy":"product_cat","embeddable":true,"href":"https:\/\/staging.nbg.eu\/mt\/wp-json\/wp\/v2\/product_cat?post=139872"},{"taxonomy":"product_tag","embeddable":true,"href":"https:\/\/staging.nbg.eu\/mt\/wp-json\/wp\/v2\/product_tag?post=139872"}],"curies":[{"name":"wp","href":"https:\/\/api.w.org\/{rel}","templated":true}]}}