{"id":139597,"date":"2025-01-04T11:00:05","date_gmt":"2025-01-10T12:07:15","guid":{"rendered":"https:\/\/staging.nbg.eu\/product\/area-419-improved-bipod-picatinny-rail-ibr\/"},"modified":"2025-01-10T12:30:17","modified_gmt":"2025-01-10T12:30:17","slug":"area-419-improved-bipod-picatinny-rail-ibr","status":"publish","type":"product","link":"https:\/\/staging.nbg.eu\/mt\/product\/area-419-improved-bipod-picatinny-rail-ibr\/","title":{"rendered":"Area 419 &#8211; Improved Bipod Picatinny Rail (IBR)"},"content":{"rendered":"<div class=\"product-description\">\n<h2>Area 419 &#8211; Rail Picatinny g\u0127al Bipod Imtejjeb (IBR)<\/h2>\n<p>Ir-rail Area 419 IBR huwa 4.8&#8243; b&#8217;10 slots, li joffri 43% aktar versatilit\u00e0 minn o\u0127rajn. Ji\u017cen 1.09oz, u huwa e\u0127fef i\u017cda aktar kapa\u010bi.<\/p>\n<ul>\n<li>Immanifatturat bi pre\u010bi\u017cjoni b&#8217;kantunieri tondi u truf i\u010b\u010banfrinati<\/li>\n<li>Jilqa&#8217; spazjar ta&#8217; toqob tal-viti minn 1.5&#8243; sa 3.475&#8243;<\/li>\n<li>Lug s\u0127i\u0127 g\u0127al muntaturi ta&#8217; bipod stil Larue<\/li>\n<li>Slots kollha jistg\u0127u jintu\u017caw irrispettivament mill-po\u017cizzjoni tal-viti<\/li>\n<li>Mag\u0127mul minn Aluminju 7075-T651 g\u0127al sa\u0127\u0127a u prestazzjoni \u0127afifa<\/li>\n<li>Mag\u0127mul fl-Istati Uniti b&#8217;materjali ta&#8217; ori\u0121ini Amerikana<\/li>\n<li>Jinkludi \u0127ardwer g\u0127all-installazzjoni<\/li>\n<\/ul>\n<p>L-Area 419 IBR joffri kwalit\u00e0 u funzjonalit\u00e0.<\/p>\n<\/div>\n","protected":false},"excerpt":{"rendered":"<p>L-IBR ta&#8217; Area 419: Rail g\u0127all-bipod \u0127afif u re\u017cistenti b&#8217;10 slots.<\/p>\n","protected":false},"featured_media":118180,"template":"","meta":{"_acf_changed":false},"product_brand":[11045],"product_cat":[730,642],"product_tag":[],"class_list":{"0":"post-139597","1":"product","2":"type-product","3":"status-publish","4":"has-post-thumbnail","6":"product_brand-area-419","7":"product_cat-rails-mt","8":"product_cat-rifle-mt","10":"first","11":"instock","12":"taxable","13":"shipping-taxable","14":"purchasable","15":"product-type-variable","16":"wvs-archive-product-wrapper"},"acf":[],"_links":{"self":[{"href":"https:\/\/staging.nbg.eu\/mt\/wp-json\/wp\/v2\/product\/139597","targetHints":{"allow":["GET"]}}],"collection":[{"href":"https:\/\/staging.nbg.eu\/mt\/wp-json\/wp\/v2\/product"}],"about":[{"href":"https:\/\/staging.nbg.eu\/mt\/wp-json\/wp\/v2\/types\/product"}],"wp:featuredmedia":[{"embeddable":true,"href":"https:\/\/staging.nbg.eu\/mt\/wp-json\/wp\/v2\/media\/118180"}],"wp:attachment":[{"href":"https:\/\/staging.nbg.eu\/mt\/wp-json\/wp\/v2\/media?parent=139597"}],"wp:term":[{"taxonomy":"product_brand","embeddable":true,"href":"https:\/\/staging.nbg.eu\/mt\/wp-json\/wp\/v2\/product_brand?post=139597"},{"taxonomy":"product_cat","embeddable":true,"href":"https:\/\/staging.nbg.eu\/mt\/wp-json\/wp\/v2\/product_cat?post=139597"},{"taxonomy":"product_tag","embeddable":true,"href":"https:\/\/staging.nbg.eu\/mt\/wp-json\/wp\/v2\/product_tag?post=139597"}],"curies":[{"name":"wp","href":"https:\/\/api.w.org\/{rel}","templated":true}]}}