{"id":139190,"date":"2025-01-04T11:14:34","date_gmt":"2025-01-04T11:14:34","guid":{"rendered":"https:\/\/staging.nbg.eu\/product\/fixed-scope-level-for-area-419-rings-and-mounts\/"},"modified":"2025-01-10T10:28:11","modified_gmt":"2025-01-10T10:28:11","slug":"livella-fissa-gal-scope-gal-ringsijiet-u-mounts-area-419","status":"publish","type":"product","link":"https:\/\/staging.nbg.eu\/mt\/product\/livella-fissa-gal-scope-gal-ringsijiet-u-mounts-area-419\/","title":{"rendered":"Livella fissa g\u0127al Scope g\u0127al Ringsijiet u Mounts Area 419"},"content":{"rendered":"<div class=\"product-description\">\n<h2>Livell ta&#8217; Skop Fiss g\u0127al \u010arieki u Muntaturi ta&#8217; Area 419<\/h2>\n<p>Il-Livell ta&#8217; Skop Fiss tag\u0127na g\u0127andu dawn il-karatteristi\u010bi:<\/p>\n<ul>\n<li>Vjal tal-ispirtu vi\u017cibbli sew g\u0127al qari fa\u010bli<\/li>\n<li>Disinn versatili kompatibbli ma&#8217; diversi punti ta&#8217; munta\u0121\u0121<\/li>\n<li>Mag\u0127mul minn Aluminju 6061 re\u017cistenti<\/li>\n<li>Manifatturat fl-Amerika<\/li>\n<\/ul>\n<p>Addattat g\u0127al sparaturi li jirrikjedu pre\u010bi\u017cjoni. Jista&#8217; jitwa\u0127\u0127al ma&#8217; kwalunkwe \u010birku jew muntatura tag\u0127na skont il-preferenza tieg\u0127ek.<\/p>\n<h3>Spe\u010bifikazzjonijiet:<\/h3>\n<ul>\n<li>Pi\u017c: 0.5 lbs<\/li>\n<li>Dimensjonijiet: 6 \u00d7 4 \u00d7 1 pulzieri<\/li>\n<\/ul>\n<p>Il-Livell ta&#8217; Skop Fiss tag\u0127na jg\u0127aqqad is-sempli\u010bit\u00e0 mal-pre\u010bi\u017cjoni.<\/p>\n<\/div>\n","protected":false},"excerpt":{"rendered":"<p>&#8220;Livell ta&#8217; skop vi\u017cibbli u ripetittiv. Aluminju mag\u0127mul fl-Istati Uniti. Immuntar versatili.&#8221;<\/p>\n","protected":false},"featured_media":118925,"template":"","meta":{"_acf_changed":false},"product_brand":[11045],"product_cat":[796,2916],"product_tag":[],"class_list":{"0":"post-139190","1":"product","2":"type-product","3":"status-publish","4":"has-post-thumbnail","6":"product_brand-area-419","7":"product_cat-aiming-mt","8":"product_cat-aiming-accessories-mt","10":"first","11":"instock","12":"taxable","13":"shipping-taxable","14":"purchasable","15":"product-type-simple"},"acf":[],"_links":{"self":[{"href":"https:\/\/staging.nbg.eu\/mt\/wp-json\/wp\/v2\/product\/139190","targetHints":{"allow":["GET"]}}],"collection":[{"href":"https:\/\/staging.nbg.eu\/mt\/wp-json\/wp\/v2\/product"}],"about":[{"href":"https:\/\/staging.nbg.eu\/mt\/wp-json\/wp\/v2\/types\/product"}],"wp:featuredmedia":[{"embeddable":true,"href":"https:\/\/staging.nbg.eu\/mt\/wp-json\/wp\/v2\/media\/118925"}],"wp:attachment":[{"href":"https:\/\/staging.nbg.eu\/mt\/wp-json\/wp\/v2\/media?parent=139190"}],"wp:term":[{"taxonomy":"product_brand","embeddable":true,"href":"https:\/\/staging.nbg.eu\/mt\/wp-json\/wp\/v2\/product_brand?post=139190"},{"taxonomy":"product_cat","embeddable":true,"href":"https:\/\/staging.nbg.eu\/mt\/wp-json\/wp\/v2\/product_cat?post=139190"},{"taxonomy":"product_tag","embeddable":true,"href":"https:\/\/staging.nbg.eu\/mt\/wp-json\/wp\/v2\/product_tag?post=139190"}],"curies":[{"name":"wp","href":"https:\/\/api.w.org\/{rel}","templated":true}]}}