{"id":139083,"date":"2025-01-04T11:21:50","date_gmt":"2025-01-04T11:21:50","guid":{"rendered":"https:\/\/staging.nbg.eu\/product\/area-419-master-funnel-kit\/"},"modified":"2025-01-10T10:22:50","modified_gmt":"2025-01-10T10:22:50","slug":"area-419-master-funnel-kit","status":"publish","type":"product","link":"https:\/\/staging.nbg.eu\/mt\/product\/area-419-master-funnel-kit\/","title":{"rendered":"Area 419 &#8211; Master Funnel Kit"},"content":{"rendered":"<h2>Area 419 &#8211; Kitt tal-Lembut Ewlieni<\/h2>\n<p>Il-Kitt tal-Lembut Ewlieni ta&#8217; Area 419 jinkludi:<\/p>\n<ul>\n<li>Korp tal-Lembut 1<\/li>\n<li>6 Irjus Spe\u010bifi\u010bi g\u0127all-Kalibru b&#8217;Kodi\u010bi tal-Kulur (22 cal, 6mm\/243, 6.5mm\/264, 7mm\/284, 30 cal, 338 cal)<\/li>\n<li>Blokk tal-\u0126a\u017cna 1<\/li>\n<\/ul>\n<p>Mag\u0127mul minn aluminju 6061-T6, dan il-lembut inaqqas l-ista\u010b\u010bar statiku u jtejjeb il-fluss tal-porvli. L-irjus li jistg\u0127u jinbidlu joffru qisien adattati g\u0127al kull kalibru. Id-disinn jinkludi:<\/p>\n<ul>\n<li>Intern imqarqax g\u0127al fluss a\u0127jar tal-porvli<\/li>\n<li>Mankijiet immanifatturati g\u0127al qbid a\u0127jar<\/li>\n<li>U\u010bu\u0127 lixxi biex ma je\u0127ilx il-porvli<\/li>\n<\/ul>\n<p>Mag\u0127mul fl-Istati Uniti, dan il-kitt huwa g\u0127all-ikkargjar mill-\u0121did pre\u010bi\u017c.<\/p>\n","protected":false},"excerpt":{"rendered":"<p>Kit tal-Lembut Prin\u010bipali tal-Area 419: Rikarikament ta&#8217; pre\u010bi\u017cjoni b&#8217;6 irjus ta&#8217; kalibru.<\/p>\n","protected":false},"featured_media":119069,"template":"","meta":{"_acf_changed":false},"product_brand":[11045],"product_cat":[1076,1232],"product_tag":[],"class_list":{"0":"post-139083","1":"product","2":"type-product","3":"status-publish","4":"has-post-thumbnail","6":"product_brand-area-419","7":"product_cat-reloading-mt","8":"product_cat-reloading-accessories-mt","10":"first","11":"instock","12":"taxable","13":"shipping-taxable","14":"purchasable","15":"product-type-simple"},"acf":[],"_links":{"self":[{"href":"https:\/\/staging.nbg.eu\/mt\/wp-json\/wp\/v2\/product\/139083","targetHints":{"allow":["GET"]}}],"collection":[{"href":"https:\/\/staging.nbg.eu\/mt\/wp-json\/wp\/v2\/product"}],"about":[{"href":"https:\/\/staging.nbg.eu\/mt\/wp-json\/wp\/v2\/types\/product"}],"wp:featuredmedia":[{"embeddable":true,"href":"https:\/\/staging.nbg.eu\/mt\/wp-json\/wp\/v2\/media\/119069"}],"wp:attachment":[{"href":"https:\/\/staging.nbg.eu\/mt\/wp-json\/wp\/v2\/media?parent=139083"}],"wp:term":[{"taxonomy":"product_brand","embeddable":true,"href":"https:\/\/staging.nbg.eu\/mt\/wp-json\/wp\/v2\/product_brand?post=139083"},{"taxonomy":"product_cat","embeddable":true,"href":"https:\/\/staging.nbg.eu\/mt\/wp-json\/wp\/v2\/product_cat?post=139083"},{"taxonomy":"product_tag","embeddable":true,"href":"https:\/\/staging.nbg.eu\/mt\/wp-json\/wp\/v2\/product_tag?post=139083"}],"curies":[{"name":"wp","href":"https:\/\/api.w.org\/{rel}","templated":true}]}}