{"id":137794,"date":"2025-01-04T10:53:28","date_gmt":"2025-01-04T10:53:28","guid":{"rendered":"https:\/\/staging.nbg.eu\/product\/area-419-harris-bipod-adapter\/"},"modified":"2025-01-09T15:58:20","modified_gmt":"2025-01-09T15:58:20","slug":"area-419-adapter-gal-bipod-harris","status":"publish","type":"product","link":"https:\/\/staging.nbg.eu\/mt\/product\/area-419-adapter-gal-bipod-harris\/","title":{"rendered":"Area 419 &#8211; Adapter g\u0127al Bipod Harris"},"content":{"rendered":"<div class=\"product-description\">\n<h2>Area 419 &#8211; Adapter tal-Bipod Harris<\/h2>\n<p>L-Adapter Area 419, ma\u0127dum g\u0127al bipods Harris tat-tip &#8220;S&#8221; (Swivel). Dan l-adapter jippermettilek twa\u0127\u0127al il-bipod tieg\u0127ek ma&#8217; Ba\u017cijiet ta&#8217; Klamp ARCALOCK jew adapters tar-rail tal-Bipod Atlas.<\/p>\n<ul>\n<li>Jissostitwixxi l-pjattaforma ta&#8217; mmuntar ori\u0121inali tal-istud swivel<\/li>\n<li>Kompatibbli ma&#8217; vit ta&#8217; tensjoni tal-fabbrika jew KMW Pod Loc<\/li>\n<li>Mag\u0127mul minn aluminju 6061-T6<\/li>\n<li>Finitura Anodizzata Iebsa tat-Tip III Iswed<\/li>\n<li>\u0126afif, ji\u017cen 0.2 lbs<\/li>\n<li>Daqs: 1.5 \u00d7 1.5 \u00d7 1.5 pulzieri<\/li>\n<\/ul>\n<p><strong>Nota:<\/strong> Bipod u klamp mhux inklu\u017ci. Mhux kompatibbli ma&#8217; Barricade Stop.<\/p>\n<\/div>\n","protected":false},"excerpt":{"rendered":"<p>Adatta l-Bipods Swivel Harris g\u0127al sistemi ta&#8217; roti ARCALOCK jew Atlas.<\/p>\n","protected":false},"featured_media":117897,"template":"","meta":{"_acf_changed":false},"product_brand":[11045],"product_cat":[2958,730,642],"product_tag":[],"class_list":{"0":"post-137794","1":"product","2":"type-product","3":"status-publish","4":"has-post-thumbnail","6":"product_brand-area-419","7":"product_cat-bipods-mt","8":"product_cat-rails-mt","9":"product_cat-rifle-mt","11":"first","12":"outofstock","13":"taxable","14":"shipping-taxable","15":"purchasable","16":"product-type-simple"},"acf":[],"_links":{"self":[{"href":"https:\/\/staging.nbg.eu\/mt\/wp-json\/wp\/v2\/product\/137794","targetHints":{"allow":["GET"]}}],"collection":[{"href":"https:\/\/staging.nbg.eu\/mt\/wp-json\/wp\/v2\/product"}],"about":[{"href":"https:\/\/staging.nbg.eu\/mt\/wp-json\/wp\/v2\/types\/product"}],"wp:featuredmedia":[{"embeddable":true,"href":"https:\/\/staging.nbg.eu\/mt\/wp-json\/wp\/v2\/media\/117897"}],"wp:attachment":[{"href":"https:\/\/staging.nbg.eu\/mt\/wp-json\/wp\/v2\/media?parent=137794"}],"wp:term":[{"taxonomy":"product_brand","embeddable":true,"href":"https:\/\/staging.nbg.eu\/mt\/wp-json\/wp\/v2\/product_brand?post=137794"},{"taxonomy":"product_cat","embeddable":true,"href":"https:\/\/staging.nbg.eu\/mt\/wp-json\/wp\/v2\/product_cat?post=137794"},{"taxonomy":"product_tag","embeddable":true,"href":"https:\/\/staging.nbg.eu\/mt\/wp-json\/wp\/v2\/product_tag?post=137794"}],"curies":[{"name":"wp","href":"https:\/\/api.w.org\/{rel}","templated":true}]}}