{"id":137429,"date":"2025-01-04T07:45:36","date_gmt":"2025-01-09T11:25:14","guid":{"rendered":"https:\/\/staging.nbg.eu\/product\/area-419-picatinny-1913-adapter-for-arcalock-clamps\/"},"modified":"2025-01-09T11:26:59","modified_gmt":"2025-01-09T11:26:59","slug":"area-419-adapter-picatinny1913-gal-clamps-arcalock","status":"publish","type":"product","link":"https:\/\/staging.nbg.eu\/mt\/product\/area-419-adapter-picatinny1913-gal-clamps-arcalock\/","title":{"rendered":"Area 419 &#8211; Adapter Picatinny\/1913 g\u0127al Clamps ARCALOCK"},"content":{"rendered":"<h2>Area 419 &#8211; Adapter Picatinny\/1913 g\u0127al Klampijiet ARCALOCK<\/h2>\n<p>Dan l-adapter ta&#8217; 4 slots ta&#8217; Picatinny rail huwa ddisinjat biex jintegra mal-Klamp ARCALOCK tag\u0127na. Dan l-adapter jippermetti l-u\u017cu ta&#8217; kwalunkwe bipod kompatibbli ma&#8217; Picatinny mal-setup e\u017cistenti tieg\u0127ek.<\/p>\n<h2>Karatteristi\u010bi Ewlenin:<\/h2>\n<ul>\n<li>Kompatibbli ma&#8217; mudelli Atlas BT10 2-Screw, Evo, u bipods o\u0127ra kompatibbli ma&#8217; pic<\/li>\n<li>Manifatturat internament<\/li>\n<li>Flush cup integrata g\u0127at-twa\u0127\u0127il tas-sling<\/li>\n<li>Disinn \u0127afif u kompatt<\/li>\n<\/ul>\n<h2>Spe\u010bifikazzjonijiet:<\/h2>\n<ul>\n<li>Pi\u017c: 0.2 lbs<\/li>\n<li>Dimensjonijiet: 2&#8243; \u00d7 0.5&#8243; \u00d7 0.5&#8243;<\/li>\n<li>Manifattur: B&amp;T Industries<\/li>\n<\/ul>\n<p>A\u0121\u0121orna l-Klamp ARCALOCK tieg\u0127ek biex i\u017c\u017cid il-versatilit\u00e0 fis-setup tal-isparar tieg\u0127ek.<\/p>\n","protected":false},"excerpt":{"rendered":"<p>Rail pic b&#8217;4 slots g\u0127all-Clamp ARCALOCK, jaqbel mal-bipods Atlas u Evo.<\/p>\n","protected":false},"featured_media":115692,"template":"","meta":{"_acf_changed":false},"product_brand":[11045],"product_cat":[730,642,390],"product_tag":[],"class_list":{"0":"post-137429","1":"product","2":"type-product","3":"status-publish","4":"has-post-thumbnail","6":"product_brand-area-419","7":"product_cat-rails-mt","8":"product_cat-rifle-mt","9":"product_cat-aiming","11":"first","12":"instock","13":"taxable","14":"shipping-taxable","15":"purchasable","16":"product-type-simple"},"acf":[],"_links":{"self":[{"href":"https:\/\/staging.nbg.eu\/mt\/wp-json\/wp\/v2\/product\/137429","targetHints":{"allow":["GET"]}}],"collection":[{"href":"https:\/\/staging.nbg.eu\/mt\/wp-json\/wp\/v2\/product"}],"about":[{"href":"https:\/\/staging.nbg.eu\/mt\/wp-json\/wp\/v2\/types\/product"}],"wp:featuredmedia":[{"embeddable":true,"href":"https:\/\/staging.nbg.eu\/mt\/wp-json\/wp\/v2\/media\/115692"}],"wp:attachment":[{"href":"https:\/\/staging.nbg.eu\/mt\/wp-json\/wp\/v2\/media?parent=137429"}],"wp:term":[{"taxonomy":"product_brand","embeddable":true,"href":"https:\/\/staging.nbg.eu\/mt\/wp-json\/wp\/v2\/product_brand?post=137429"},{"taxonomy":"product_cat","embeddable":true,"href":"https:\/\/staging.nbg.eu\/mt\/wp-json\/wp\/v2\/product_cat?post=137429"},{"taxonomy":"product_tag","embeddable":true,"href":"https:\/\/staging.nbg.eu\/mt\/wp-json\/wp\/v2\/product_tag?post=137429"}],"curies":[{"name":"wp","href":"https:\/\/api.w.org\/{rel}","templated":true}]}}