{"id":134783,"date":"2024-11-26T10:13:16","date_gmt":"2024-11-26T10:13:16","guid":{"rendered":"https:\/\/staging.nbg.eu\/product\/geissele-ak-high-energy-main-spring\/"},"modified":"2025-01-08T19:00:35","modified_gmt":"2025-01-08T19:00:35","slug":"molla-principali-ta-energija-golja-geissele-ak","status":"publish","type":"product","link":"https:\/\/staging.nbg.eu\/mt\/product\/molla-principali-ta-energija-golja-geissele-ak\/","title":{"rendered":"Molla Prin\u010bipali ta&#8217; Ener\u0121ija G\u0127olja Geissele AK"},"content":{"rendered":"<div class=\"product-description\">\n<h2>Molla Prin\u010bipali ta&#8217; Ener\u0121ija G\u0127olja ta&#8217; Geissele g\u0127all-AK<\/h2>\n<p>Il-Molla Prin\u010bipali ta&#8217; Ener\u0121ija G\u0127olja ta&#8217; Geissele g\u0127all-AK toffri dawn il-karatteristi\u010bi:<\/p>\n<ul>\n<li>Kostruzzjoni b&#8217;wajer wie\u0127ed ta&#8217; Chrome Silicon<\/li>\n<li>Manifatturata skont l-ispe\u010bifikazzjonijiet ASTM A401<\/li>\n<li>25% aktar torque minn molli prin\u010bipali standard tal-fabbrika<\/li>\n<li>\u0126in ta&#8217; lock imnaqqas<\/li>\n<li>Konsistenza mi\u017cjuda fl-ignition tal-primer<\/li>\n<\/ul>\n<p>Din il-molla hija ma\u0127suba biex ittejjeb l-affidabilit\u00e0 u r-reazzjoni tal-AK. Il-Molla Prin\u010bipali ta&#8217; Ener\u0121ija G\u0127olja ta&#8217; Geissele g\u0127all-AK tipprovdi prestazzjoni u konsistenza.<\/p>\n<\/div>\n","protected":false},"excerpt":{"rendered":"<p>\u017bid il-prestazzjoni tal-AK47\/74 b&#8217;din il-molla ta&#8217; sostituzzjoni b&#8217;ener\u0121ija g\u0127olja.<\/p>\n","protected":false},"featured_media":81151,"template":"","meta":{"_acf_changed":false},"product_brand":[11394],"product_cat":[1370],"product_tag":[],"class_list":{"0":"post-134783","1":"product","2":"type-product","3":"status-publish","4":"has-post-thumbnail","6":"product_brand-geissele","7":"product_cat-ak-tuning-mt","9":"first","10":"instock","11":"taxable","12":"shipping-taxable","13":"product-type-simple"},"acf":[],"_links":{"self":[{"href":"https:\/\/staging.nbg.eu\/mt\/wp-json\/wp\/v2\/product\/134783","targetHints":{"allow":["GET"]}}],"collection":[{"href":"https:\/\/staging.nbg.eu\/mt\/wp-json\/wp\/v2\/product"}],"about":[{"href":"https:\/\/staging.nbg.eu\/mt\/wp-json\/wp\/v2\/types\/product"}],"wp:featuredmedia":[{"embeddable":true,"href":"https:\/\/staging.nbg.eu\/mt\/wp-json\/wp\/v2\/media\/81151"}],"wp:attachment":[{"href":"https:\/\/staging.nbg.eu\/mt\/wp-json\/wp\/v2\/media?parent=134783"}],"wp:term":[{"taxonomy":"product_brand","embeddable":true,"href":"https:\/\/staging.nbg.eu\/mt\/wp-json\/wp\/v2\/product_brand?post=134783"},{"taxonomy":"product_cat","embeddable":true,"href":"https:\/\/staging.nbg.eu\/mt\/wp-json\/wp\/v2\/product_cat?post=134783"},{"taxonomy":"product_tag","embeddable":true,"href":"https:\/\/staging.nbg.eu\/mt\/wp-json\/wp\/v2\/product_tag?post=134783"}],"curies":[{"name":"wp","href":"https:\/\/api.w.org\/{rel}","templated":true}]}}