{"id":134526,"date":"2024-11-26T10:10:26","date_gmt":"2025-01-08T18:00:44","guid":{"rendered":"https:\/\/staging.nbg.eu\/product\/geissele-ak-braided-spring\/"},"modified":"2025-01-08T18:02:33","modified_gmt":"2025-01-08T18:02:33","slug":"geissele-ak-braided-spring","status":"publish","type":"product","link":"https:\/\/staging.nbg.eu\/mt\/product\/geissele-ak-braided-spring\/","title":{"rendered":"Geissele AK Braided Spring"},"content":{"rendered":"<div class=\"product-description\">\n<h2>Molla Mibruma Geissele AK<\/h2>\n<p>A\u0121\u0121orna r-rifle tal-pjattaforma AK47\/74 tieg\u0127ek bil-Molla Prin\u010bipali Mibruma ALG AK, sostituzzjoni g\u0127all-molla standard tieg\u0127ek tar-ritrazzjoni. Ma\u0127duma fl-Istati Uniti, din il-molla tinkludi:<\/p>\n<ul>\n<li>Tliet \u0127ajt ta&#8217; wajer tal-mu\u017cika<\/li>\n<li>Kostruzzjoni mibruma g\u0127al durabilit\u00e0<\/li>\n<li>\u010aiklu u affidabilit\u00e0 mtejba<\/li>\n<li>Kompatibbli ma&#8217; varjanti tal-AK47 u AK74<\/li>\n<\/ul>\n<p>Din il-molla toffri operazzjoni aktar bla xkiel u prestazzjoni konsistenti. Id-disinn mibrum jipprovdi lon\u0121evit\u00e0 akbar meta mqabbel ma&#8217; molol b&#8217;wajer wie\u0127ed tradizzjonali, li ji\u017cgura li l-AK tieg\u0127ek i\u017comm il-prestazzjoni g\u0127al snin. Din il-molla hija a\u0121\u0121ornament g\u0127all-funzjonalit\u00e0 tar-rifle tieg\u0127ek.<\/p>\n<\/div>\n","protected":false},"excerpt":{"rendered":"<p>\u017bid il-prestazzjoni tal-AK47\/74 b&#8217;molla prin\u010bipali minsu\u0121a mag\u0127mula fl-Istati Uniti.<\/p>\n","protected":false},"featured_media":81104,"template":"","meta":{"_acf_changed":false},"product_brand":[11394],"product_cat":[1370],"product_tag":[],"class_list":{"0":"post-134526","1":"product","2":"type-product","3":"status-publish","4":"has-post-thumbnail","6":"product_brand-geissele","7":"product_cat-ak-tuning-mt","9":"first","10":"instock","11":"taxable","12":"shipping-taxable","13":"product-type-simple"},"acf":[],"_links":{"self":[{"href":"https:\/\/staging.nbg.eu\/mt\/wp-json\/wp\/v2\/product\/134526","targetHints":{"allow":["GET"]}}],"collection":[{"href":"https:\/\/staging.nbg.eu\/mt\/wp-json\/wp\/v2\/product"}],"about":[{"href":"https:\/\/staging.nbg.eu\/mt\/wp-json\/wp\/v2\/types\/product"}],"wp:featuredmedia":[{"embeddable":true,"href":"https:\/\/staging.nbg.eu\/mt\/wp-json\/wp\/v2\/media\/81104"}],"wp:attachment":[{"href":"https:\/\/staging.nbg.eu\/mt\/wp-json\/wp\/v2\/media?parent=134526"}],"wp:term":[{"taxonomy":"product_brand","embeddable":true,"href":"https:\/\/staging.nbg.eu\/mt\/wp-json\/wp\/v2\/product_brand?post=134526"},{"taxonomy":"product_cat","embeddable":true,"href":"https:\/\/staging.nbg.eu\/mt\/wp-json\/wp\/v2\/product_cat?post=134526"},{"taxonomy":"product_tag","embeddable":true,"href":"https:\/\/staging.nbg.eu\/mt\/wp-json\/wp\/v2\/product_tag?post=134526"}],"curies":[{"name":"wp","href":"https:\/\/api.w.org\/{rel}","templated":true}]}}