{"id":134237,"date":"2024-11-17T08:22:03","date_gmt":"2025-01-08T17:29:19","guid":{"rendered":"https:\/\/staging.nbg.eu\/product\/geissele-ak-recoil-spring\/"},"modified":"2025-01-08T17:31:15","modified_gmt":"2025-01-08T17:31:15","slug":"geissele-ak-recoil-spring","status":"publish","type":"product","link":"https:\/\/staging.nbg.eu\/mt\/product\/geissele-ak-recoil-spring\/","title":{"rendered":"Geissele AK Recoil Spring"},"content":{"rendered":"<div class=\"product-description\">\n<h2>Molla tar-Rikoil tal-AK Geissele<\/h2>\n<p>Il-molla tar-rikoil ALG AK g\u0127all-arma tan-nar AK. Dan id-disinn joffri durabbilt\u00e0 u affidabbilt\u00e0 g\u0127all-arma tan-nar tieg\u0127ek.<\/p>\n<ul>\n<li>Manifatturata minn azzar tas-silikon tal-kromju<\/li>\n<li>Re\u017cistenza g\u0127ax-xokk tal-impatt u r-rilassament<\/li>\n<li>Disinn b&#8217;2-3 kojls mejta fi\u010b-\u010bentru<\/li>\n<li>Tipprevjeni \u0127sara armonika u \u017c\u017comm it-tul liberu<\/li>\n<\/ul>\n<p>Din il-molla g\u0127andha disinn li jbiddel il-frekwenza naturali tag\u0127ha, li ji\u017cgura prestazzjoni konsistenti u tul tal-\u0127ajja mtawwal. Din il-molla tar-rikoil toffri stabbilt\u00e0 tal-isparar u tnaqqas l-u\u017cu tal-arma tan-nar tieg\u0127ek.<\/p>\n<\/div>\n","protected":false},"excerpt":{"rendered":"<p>Molla tar-Ri\u010beviment Geissele AK: Re\u017cistenti, re\u017cistenti g\u0127ax-xokk, tnaqqas l-armonika.<\/p>\n","protected":false},"featured_media":81057,"template":"","meta":{"_acf_changed":false},"product_brand":[11394],"product_cat":[1370],"product_tag":[],"class_list":{"0":"post-134237","1":"product","2":"type-product","3":"status-publish","4":"has-post-thumbnail","6":"product_brand-geissele","7":"product_cat-ak-tuning-mt","9":"first","10":"instock","11":"taxable","12":"shipping-taxable","13":"product-type-simple"},"acf":[],"_links":{"self":[{"href":"https:\/\/staging.nbg.eu\/mt\/wp-json\/wp\/v2\/product\/134237","targetHints":{"allow":["GET"]}}],"collection":[{"href":"https:\/\/staging.nbg.eu\/mt\/wp-json\/wp\/v2\/product"}],"about":[{"href":"https:\/\/staging.nbg.eu\/mt\/wp-json\/wp\/v2\/types\/product"}],"wp:featuredmedia":[{"embeddable":true,"href":"https:\/\/staging.nbg.eu\/mt\/wp-json\/wp\/v2\/media\/81057"}],"wp:attachment":[{"href":"https:\/\/staging.nbg.eu\/mt\/wp-json\/wp\/v2\/media?parent=134237"}],"wp:term":[{"taxonomy":"product_brand","embeddable":true,"href":"https:\/\/staging.nbg.eu\/mt\/wp-json\/wp\/v2\/product_brand?post=134237"},{"taxonomy":"product_cat","embeddable":true,"href":"https:\/\/staging.nbg.eu\/mt\/wp-json\/wp\/v2\/product_cat?post=134237"},{"taxonomy":"product_tag","embeddable":true,"href":"https:\/\/staging.nbg.eu\/mt\/wp-json\/wp\/v2\/product_tag?post=134237"}],"curies":[{"name":"wp","href":"https:\/\/api.w.org\/{rel}","templated":true}]}}