{"id":134107,"date":"2024-11-27T16:45:20","date_gmt":"2025-01-08T17:18:02","guid":{"rendered":"https:\/\/staging.nbg.eu\/product\/area-419-remington-700-short-action-improved-scope-rail-isr-sa\/"},"modified":"2025-01-08T17:19:59","modified_gmt":"2025-01-08T17:19:59","slug":"area-419-remington-700-short-action-improved-scope-rail-isr-sa","status":"publish","type":"product","link":"https:\/\/staging.nbg.eu\/mt\/product\/area-419-remington-700-short-action-improved-scope-rail-isr-sa\/","title":{"rendered":"Area 419 &#8211; Remington 700 Short Action Improved Scope Rail (ISR-SA)"},"content":{"rendered":"<div class=\"product-description\">\n<h2>Area 419 &#8211; Remington 700 Short Action Rail tal-Iskop Imtejjeb (ISR-SA)<\/h2>\n<p>L-Area 419 ISR-SA huwa rail tal-iskop g\u0127al xkubetti Remington 700 Short Action. Mag\u0127mul minn Aluminju 7075, dan ir-rail g\u0127andu:<\/p>\n<ul>\n<li>Recoil lug integrali mmaxinjat<\/li>\n<li>Disponibbli f&#8217;ver\u017cjonijiet Full Slotted u ARC Top<\/li>\n<li>Kompatibbli ma&#8217; viti #6 u #8 (inklu\u017ci)<\/li>\n<li>Immaxinjat b&#8217;wi\u010b\u010b 1:1<\/li>\n<li>Konformi ma&#8217; MIL-STD-1913<\/li>\n<li>Finitura anodizzata sewda tat-Tip III Hardcoat<\/li>\n<li>Qtug\u0127 tal-port tal-e\u0121ezzjoni g\u0127at-tag\u0127bija minn fuq<\/li>\n<\/ul>\n<p>Ag\u0127\u017cel bejn g\u0127a\u017cliet ta&#8217; 20 MOA u 30 MOA. Pi\u017c: 0.2 lbs. Dimensjonijiet: 8.25 \u00d7 1 \u00d7 1 pulzier.<\/p>\n<\/div>\n","protected":false},"excerpt":{"rendered":"<p>Railing tal-iskop im\u0127addem bi pre\u010bi\u017cjoni 7075 Al g\u0127al Remington 700 SA<\/p>\n","protected":false},"featured_media":108108,"template":"","meta":{"_acf_changed":false},"product_brand":[11045],"product_cat":[730,642],"product_tag":[],"class_list":{"0":"post-134107","1":"product","2":"type-product","3":"status-publish","4":"has-post-thumbnail","6":"product_brand-area-419","7":"product_cat-rails-mt","8":"product_cat-rifle-mt","10":"first","11":"instock","12":"taxable","13":"shipping-taxable","14":"purchasable","15":"product-type-variable","16":"wvs-archive-product-wrapper"},"acf":[],"_links":{"self":[{"href":"https:\/\/staging.nbg.eu\/mt\/wp-json\/wp\/v2\/product\/134107","targetHints":{"allow":["GET"]}}],"collection":[{"href":"https:\/\/staging.nbg.eu\/mt\/wp-json\/wp\/v2\/product"}],"about":[{"href":"https:\/\/staging.nbg.eu\/mt\/wp-json\/wp\/v2\/types\/product"}],"wp:featuredmedia":[{"embeddable":true,"href":"https:\/\/staging.nbg.eu\/mt\/wp-json\/wp\/v2\/media\/108108"}],"wp:attachment":[{"href":"https:\/\/staging.nbg.eu\/mt\/wp-json\/wp\/v2\/media?parent=134107"}],"wp:term":[{"taxonomy":"product_brand","embeddable":true,"href":"https:\/\/staging.nbg.eu\/mt\/wp-json\/wp\/v2\/product_brand?post=134107"},{"taxonomy":"product_cat","embeddable":true,"href":"https:\/\/staging.nbg.eu\/mt\/wp-json\/wp\/v2\/product_cat?post=134107"},{"taxonomy":"product_tag","embeddable":true,"href":"https:\/\/staging.nbg.eu\/mt\/wp-json\/wp\/v2\/product_tag?post=134107"}],"curies":[{"name":"wp","href":"https:\/\/api.w.org\/{rel}","templated":true}]}}