{"id":133721,"date":"2024-11-02T08:42:18","date_gmt":"2025-01-08T16:50:22","guid":{"rendered":"https:\/\/staging.nbg.eu\/product\/sprinco-usa-spring-kit-xp-buffer-spring-dual-extractor-spring\/"},"modified":"2025-01-08T16:52:07","modified_gmt":"2025-01-08T16:52:07","slug":"sprinco-usa-spring-kit-xp-buffer-spring-dual-extractor-spring","status":"publish","type":"product","link":"https:\/\/staging.nbg.eu\/mt\/product\/sprinco-usa-spring-kit-xp-buffer-spring-dual-extractor-spring\/","title":{"rendered":"SPRINCO USA Spring Kit-XP Buffer Spring \/ Dual Extractor Spring"},"content":{"rendered":"<div class=\"product-description\">\n<h2>SPRINCO USA Kit ta&#8217; Molol-Molla tal-Buffer XP \/ Molla Doppja tal-Estrattur<\/h2>\n<p>Il-Molla tal-Buffer Extra Power ta&#8217; SPRINCO USA ttejjeb l-affidabbilt\u00e0 tal-AR tieg\u0127ek. Din il-molla \u0121iet iddisinjata fl-2006 g\u0127al Tim ta&#8217; Modernizzazzjoni tal-Forzi, u tindirizza kwistjonijiet ta&#8217; funzjoni tal-karabin M4 f&#8217;ambjenti diffi\u010bli.<\/p>\n<ul>\n<li>25% aktar tag\u0127bijiet tad-disinn meta mqabbla mal-molla Bajda<\/li>\n<li>Adattata g\u0127al 9mm, 6.8 SPC, 6.5 Grendel, .450 BM, .450 SOCOM, .500 Beowulf, u Colt LE6920<\/li>\n<li>Dokumenti ta&#8217; pro\u010bedura ta&#8217; ttunjar inklu\u017ci g\u0127al prestazzjoni ottimali<\/li>\n<\/ul>\n<p>Nota: Il-prestazzjoni tista&#8217; tvarja skont il-valuri tal-port u t-tag\u0127bijiet tal-munizzjon. Ikkonsulta d-dokumentazzjoni pprovduta qabel l-u\u017cu.<\/p>\n<\/div>\n","protected":false},"excerpt":{"rendered":"<p>Molla tal-buffer AR imsa\u0127\u0127a g\u0127al affidabbilt\u00e0 a\u0127jar f&#8217;ambjenti impenjattivi.<\/p>\n","protected":false},"featured_media":76561,"template":"","meta":{"_acf_changed":false},"product_brand":[],"product_cat":[643],"product_tag":[],"class_list":{"0":"post-133721","1":"product","2":"type-product","3":"status-publish","4":"has-post-thumbnail","6":"product_cat-rifle-parts-mt","8":"first","9":"instock","10":"taxable","11":"shipping-taxable","12":"purchasable","13":"product-type-simple"},"acf":[],"_links":{"self":[{"href":"https:\/\/staging.nbg.eu\/mt\/wp-json\/wp\/v2\/product\/133721","targetHints":{"allow":["GET"]}}],"collection":[{"href":"https:\/\/staging.nbg.eu\/mt\/wp-json\/wp\/v2\/product"}],"about":[{"href":"https:\/\/staging.nbg.eu\/mt\/wp-json\/wp\/v2\/types\/product"}],"wp:featuredmedia":[{"embeddable":true,"href":"https:\/\/staging.nbg.eu\/mt\/wp-json\/wp\/v2\/media\/76561"}],"wp:attachment":[{"href":"https:\/\/staging.nbg.eu\/mt\/wp-json\/wp\/v2\/media?parent=133721"}],"wp:term":[{"taxonomy":"product_brand","embeddable":true,"href":"https:\/\/staging.nbg.eu\/mt\/wp-json\/wp\/v2\/product_brand?post=133721"},{"taxonomy":"product_cat","embeddable":true,"href":"https:\/\/staging.nbg.eu\/mt\/wp-json\/wp\/v2\/product_cat?post=133721"},{"taxonomy":"product_tag","embeddable":true,"href":"https:\/\/staging.nbg.eu\/mt\/wp-json\/wp\/v2\/product_tag?post=133721"}],"curies":[{"name":"wp","href":"https:\/\/api.w.org\/{rel}","templated":true}]}}