{"id":131966,"date":"2025-01-01T20:52:41","date_gmt":"2025-01-07T16:59:16","guid":{"rendered":"https:\/\/staging.nbg.eu\/product\/area-419-match-scope-rings\/"},"modified":"2025-01-07T17:01:23","modified_gmt":"2025-01-07T17:01:23","slug":"area-419-match-scope-rings","status":"publish","type":"product","link":"https:\/\/staging.nbg.eu\/mt\/product\/area-419-match-scope-rings\/","title":{"rendered":"Area 419 MATCH Scope Rings"},"content":{"rendered":"<div class=\"product-description\">\n<h2>\u010arieki tal-Iskop MATCH ta&#8217; Area 419<\/h2>\n<p>\u010arieki tal-Iskop MATCH ta&#8217; Area 419 jipprovdu qbid affidabbli tal-ottika tieg\u0127ek.<\/p>\n<ul>\n<li>\u010arieki b&#8217;numru tas-serje, imqabbla g\u0127all-pre\u010bi\u017cjoni<\/li>\n<li>Interni tal-aluminju mhux ippro\u010bessat g\u0127al qbid tal-ottika<\/li>\n<li>Imtaqqba bi pre\u010bi\u017cjoni b\u0127ala settijiet f&#8217;\u010bentri ta&#8217; xog\u0127ol bil-magni<\/li>\n<li>Immarkati bil-lej\u017cer b\u0127ala settijiet imqabbla<\/li>\n<li>Mag\u0127mula minn Aluminju 7075 tal-Grad Ajruspazjali<\/li>\n<li>Kisi Anodizzat tat-Tip 3 Hardcoat (toqba interna tal-aluminju mhux ippro\u010bessat)<\/li>\n<li>Disponibbli f&#8217;dijametri ta&#8217; tubi ta&#8217; 30mm, 34mm, 35mm, u 36mm<\/li>\n<li>G\u0127oli ta&#8217; immuntar Baxx (24mm), Medju (28mm), u G\u0127oli (32mm)<\/li>\n<\/ul>\n<p>\u010arieki tal-Iskop MATCH ta&#8217; Area 419 huma g\u0127odda g\u0127all-immuntar tal-ottika.<\/p>\n<\/div>\n","protected":false},"excerpt":{"rendered":"<p>\u010arieki tal-iskop imqabbla bi pre\u010bi\u017cjoni u serializzati g\u0127al stabbilt\u00e0 ottika finali.<\/p>\n","protected":false},"featured_media":109095,"template":"","meta":{"_acf_changed":false},"product_brand":[11045],"product_cat":[796],"product_tag":[],"class_list":{"0":"post-131966","1":"product","2":"type-product","3":"status-publish","4":"has-post-thumbnail","6":"product_brand-area-419","7":"product_cat-aiming-mt","9":"first","10":"instock","11":"taxable","12":"shipping-taxable","13":"purchasable","14":"product-type-variable","15":"wvs-archive-product-wrapper"},"acf":[],"_links":{"self":[{"href":"https:\/\/staging.nbg.eu\/mt\/wp-json\/wp\/v2\/product\/131966","targetHints":{"allow":["GET"]}}],"collection":[{"href":"https:\/\/staging.nbg.eu\/mt\/wp-json\/wp\/v2\/product"}],"about":[{"href":"https:\/\/staging.nbg.eu\/mt\/wp-json\/wp\/v2\/types\/product"}],"wp:featuredmedia":[{"embeddable":true,"href":"https:\/\/staging.nbg.eu\/mt\/wp-json\/wp\/v2\/media\/109095"}],"wp:attachment":[{"href":"https:\/\/staging.nbg.eu\/mt\/wp-json\/wp\/v2\/media?parent=131966"}],"wp:term":[{"taxonomy":"product_brand","embeddable":true,"href":"https:\/\/staging.nbg.eu\/mt\/wp-json\/wp\/v2\/product_brand?post=131966"},{"taxonomy":"product_cat","embeddable":true,"href":"https:\/\/staging.nbg.eu\/mt\/wp-json\/wp\/v2\/product_cat?post=131966"},{"taxonomy":"product_tag","embeddable":true,"href":"https:\/\/staging.nbg.eu\/mt\/wp-json\/wp\/v2\/product_tag?post=131966"}],"curies":[{"name":"wp","href":"https:\/\/api.w.org\/{rel}","templated":true}]}}