{"id":130837,"date":"2025-01-01T20:50:51","date_gmt":"2025-01-07T14:16:39","guid":{"rendered":"https:\/\/staging.nbg.eu\/product\/low-profile-red-dot-plates-for-area-419-tactical-mounts\/"},"modified":"2025-01-07T14:18:41","modified_gmt":"2025-01-07T14:18:41","slug":"pjanci-red-dot-profil-baxx-ghal-area-419-tactical-mounts","status":"publish","type":"product","link":"https:\/\/staging.nbg.eu\/mt\/product\/pjanci-red-dot-profil-baxx-ghal-area-419-tactical-mounts\/","title":{"rendered":"Pjanci Red-Dot Profil Baxx ghal Area 419 Tactical Mounts"},"content":{"rendered":"<div class=\"product-description\">\n<h2>Pjan\u010bi Red-Dot ta&#8217; Profil Baxx g\u0127al Munta\u0121\u0121i Area 419<\/h2>\n<p>Pjan\u010bi red-dot ta&#8217; profil baxx, ma\u0127suba g\u0127al munta\u0121\u0121i tatti\u010bi. Dawn il-pjan\u010bi mag\u0127mula b&#8217;CNC jinkludu:<\/p>\n<ul>\n<li>Finitura anodizzata sewda tat-Tip III Hardcoat<\/li>\n<li>Viti tal-immuntar captive g\u0127al installazzjoni fa\u010bli<\/li>\n<li>Mag\u0127mula fl-Amerka minn Aluminju 7075<\/li>\n<li>Sistema ta&#8217; immuntar b&#8217;taper doppju<\/li>\n<li>Durabbilt\u00e0 u ri\u0121idit\u00e0 g\u0127al ritorn pre\u010bi\u017c g\u0127a\u017c-\u017cero<\/li>\n<\/ul>\n<p>Disponibbli f&#8217;footprints RMR, ACRO, u DPP, kompatibbli ma&#8217; firxa wiesg\u0127a ta&#8217; otti\u010bi. Ji\u017cnu 0.25 lbs, b&#8217;qisien ta&#8217; 6&#8243; \u00d7 4&#8243; \u00d7 1&#8243;.<\/p>\n<p>Pjan\u010bi red-dot mag\u0127mula minn Area 419.<\/p>\n<\/div>\n","protected":false},"excerpt":{"rendered":"<p>Pjattri red-dot siguri u versatili g\u0127all-Muntaturi Tatti\u010bi ta&#8217; Area 419.<\/p>\n","protected":false},"featured_media":109002,"template":"","meta":{"_acf_changed":false},"product_brand":[11045],"product_cat":[796,2916],"product_tag":[],"class_list":{"0":"post-130837","1":"product","2":"type-product","3":"status-publish","4":"has-post-thumbnail","6":"product_brand-area-419","7":"product_cat-aiming-mt","8":"product_cat-aiming-accessories-mt","10":"first","11":"instock","12":"taxable","13":"shipping-taxable","14":"purchasable","15":"product-type-variable","16":"wvs-archive-product-wrapper"},"acf":[],"_links":{"self":[{"href":"https:\/\/staging.nbg.eu\/mt\/wp-json\/wp\/v2\/product\/130837","targetHints":{"allow":["GET"]}}],"collection":[{"href":"https:\/\/staging.nbg.eu\/mt\/wp-json\/wp\/v2\/product"}],"about":[{"href":"https:\/\/staging.nbg.eu\/mt\/wp-json\/wp\/v2\/types\/product"}],"wp:featuredmedia":[{"embeddable":true,"href":"https:\/\/staging.nbg.eu\/mt\/wp-json\/wp\/v2\/media\/109002"}],"wp:attachment":[{"href":"https:\/\/staging.nbg.eu\/mt\/wp-json\/wp\/v2\/media?parent=130837"}],"wp:term":[{"taxonomy":"product_brand","embeddable":true,"href":"https:\/\/staging.nbg.eu\/mt\/wp-json\/wp\/v2\/product_brand?post=130837"},{"taxonomy":"product_cat","embeddable":true,"href":"https:\/\/staging.nbg.eu\/mt\/wp-json\/wp\/v2\/product_cat?post=130837"},{"taxonomy":"product_tag","embeddable":true,"href":"https:\/\/staging.nbg.eu\/mt\/wp-json\/wp\/v2\/product_tag?post=130837"}],"curies":[{"name":"wp","href":"https:\/\/api.w.org\/{rel}","templated":true}]}}