{"id":130622,"date":"2024-11-02T06:44:40","date_gmt":"2025-01-07T14:08:44","guid":{"rendered":"https:\/\/staging.nbg.eu\/product\/sons-of-liberty-gun-worksar-15-castle-nuts\/"},"modified":"2025-01-07T14:10:27","modified_gmt":"2025-01-07T14:10:27","slug":"sons-of-liberty-gun-works-ar-15-castle-nuts","status":"publish","type":"product","link":"https:\/\/staging.nbg.eu\/mt\/product\/sons-of-liberty-gun-works-ar-15-castle-nuts\/","title":{"rendered":"SONS OF LIBERTY GUN WORKS AR-15 Castle Nuts"},"content":{"rendered":"<div class=\"product-description\">\n<h2>SONS OF LIBERTY GUN WORKS AR-15 Castle Nuts<\/h2>\n<p>Ibdel il-castle nuts tal-AR-15 tieg\u0127ek b&#8217;dawk ta&#8217; SONS OF LIBERTY GUN WORKS (SOLGW). Dawn il-parts ta&#8217; sostituzzjoni huma importanti biex i\u017c\u017comm il-funzjoni ottimali tal-arma tan-nar tieg\u0127ek.<\/p>\n<ul>\n<li>Manifatturati g\u0127al tolleranzi e\u017catti<\/li>\n<li>Kompatibbli ma&#8217; kull mudell ta&#8217; AR-15<\/li>\n<li>Ji\u017cguraw assembla\u0121\u0121 u affidabilit\u00e0 korretti<\/li>\n<li>Ji\u017cnu 1 oz biss<\/li>\n<li>Disinn kompatt ta&#8217; pulzier<\/li>\n<\/ul>\n<p>SOLGW joffri dawn il-castle nuts re\u017cistenti. U\u017ca SOLGW g\u0127al parts ta&#8217; sostituzzjoni li jil\u0127qu l-og\u0127la standards g\u0127all-AR-15 tieg\u0127ek.<\/p>\n<p><strong>Parir:<\/strong> Ftakar biex tistakja n-nuts g\u0127al sigurt\u00e0 u lon\u0121evit\u00e0 addizzjonali!<\/p>\n<\/div>\n","protected":false},"excerpt":{"rendered":"<p>Castle Nut tal-AR-15 mag\u0127mula bi pre\u010bi\u017cjoni. Durabbli, taqbel universalment. Daqs ta&#8217; 1&#8243;.<\/p>\n","protected":false},"featured_media":76421,"template":"","meta":{"_acf_changed":false},"product_brand":[],"product_cat":[643],"product_tag":[],"class_list":{"0":"post-130622","1":"product","2":"type-product","3":"status-publish","4":"has-post-thumbnail","6":"product_cat-rifle-parts-mt","8":"first","9":"instock","10":"taxable","11":"shipping-taxable","12":"purchasable","13":"product-type-simple"},"acf":[],"_links":{"self":[{"href":"https:\/\/staging.nbg.eu\/mt\/wp-json\/wp\/v2\/product\/130622","targetHints":{"allow":["GET"]}}],"collection":[{"href":"https:\/\/staging.nbg.eu\/mt\/wp-json\/wp\/v2\/product"}],"about":[{"href":"https:\/\/staging.nbg.eu\/mt\/wp-json\/wp\/v2\/types\/product"}],"wp:featuredmedia":[{"embeddable":true,"href":"https:\/\/staging.nbg.eu\/mt\/wp-json\/wp\/v2\/media\/76421"}],"wp:attachment":[{"href":"https:\/\/staging.nbg.eu\/mt\/wp-json\/wp\/v2\/media?parent=130622"}],"wp:term":[{"taxonomy":"product_brand","embeddable":true,"href":"https:\/\/staging.nbg.eu\/mt\/wp-json\/wp\/v2\/product_brand?post=130622"},{"taxonomy":"product_cat","embeddable":true,"href":"https:\/\/staging.nbg.eu\/mt\/wp-json\/wp\/v2\/product_cat?post=130622"},{"taxonomy":"product_tag","embeddable":true,"href":"https:\/\/staging.nbg.eu\/mt\/wp-json\/wp\/v2\/product_tag?post=130622"}],"curies":[{"name":"wp","href":"https:\/\/api.w.org\/{rel}","templated":true}]}}