{"id":129777,"date":"2024-01-30T18:11:57","date_gmt":"2025-01-07T12:20:46","guid":{"rendered":"https:\/\/staging.nbg.eu\/product\/area-419-tactical-one-piece-scope-mount\/"},"modified":"2025-01-07T12:22:50","modified_gmt":"2025-01-07T12:22:50","slug":"area-419-tactical-one-piece-scope-mount","status":"publish","type":"product","link":"https:\/\/staging.nbg.eu\/mt\/product\/area-419-tactical-one-piece-scope-mount\/","title":{"rendered":"Area 419 Tactical One-Piece Scope Mount"},"content":{"rendered":"<div class=\"product-description\">\n<h2>Immuntar ta&#8217; Skop ta&#8217; Bi\u010b\u010ba Wa\u0127da Area 419 Tactical<\/h2>\n<p>Dan l-immuntar ta&#8217; skop g\u0127andu \u010brieki mqabbla mal-bore finali u interni tal-aluminju mhux pro\u010bessat. Joffri qabda fuq l-ottika tieg\u0127ek ming\u0127ajr pi\u017c \u017cejjed.<\/p>\n<ul>\n<li>Immiljat CNC fl-Amerika minn Aluminju 7075<\/li>\n<li>Aluminju mhux pro\u010bessat, u\u010bu\u0127 ta&#8217; kuntatt tal-iskop imtaqqbin bi pre\u010bi\u017cjoni<\/li>\n<li>Diversi punti ta&#8217; mmuntar g\u0127all-a\u010b\u010bessorji<\/li>\n<li>\u017bbarri ta&#8217; qbid tar-reil separati g\u0127al qabda massima<\/li>\n<li>Pinnijiet ta&#8217; gwida tal-azzar g\u0127all-allinjament<\/li>\n<li>\u0126ardwer tal-istainless steel nitridat apposta<\/li>\n<li>Mehmu\u017ca ta&#8217; a\u010b\u010bessorji fuq ri\u0121ida \u0127afna b&#8217;patent pendenti<\/li>\n<\/ul>\n<p>Disponibbli f&#8217;diversi dijametri u g\u0127oljiet tat-tubi, b&#8217;g\u0127a\u017cliet ta&#8217; kant ta&#8217; 0 MOA jew 20 MOA. Pi\u017c: 1.5 lbs. Dimensjonijiet: 9.5 \u00d7 5.8 \u00d7 2.8 pulzieri.<\/p>\n<\/div>\n","protected":false},"excerpt":{"rendered":"<p>Kamm tal-iskop im\u0127affra bi pre\u010bi\u017cjoni u ri\u0121ida \u0127afna g\u0127al affidabilit\u00e0 bla paragun.<\/p>\n","protected":false},"featured_media":108370,"template":"","meta":{"_acf_changed":false},"product_brand":[11045],"product_cat":[796],"product_tag":[],"class_list":{"0":"post-129777","1":"product","2":"type-product","3":"status-publish","4":"has-post-thumbnail","6":"product_brand-area-419","7":"product_cat-aiming-mt","9":"first","10":"instock","11":"taxable","12":"shipping-taxable","13":"purchasable","14":"product-type-variable","15":"wvs-archive-product-wrapper"},"acf":[],"_links":{"self":[{"href":"https:\/\/staging.nbg.eu\/mt\/wp-json\/wp\/v2\/product\/129777","targetHints":{"allow":["GET"]}}],"collection":[{"href":"https:\/\/staging.nbg.eu\/mt\/wp-json\/wp\/v2\/product"}],"about":[{"href":"https:\/\/staging.nbg.eu\/mt\/wp-json\/wp\/v2\/types\/product"}],"wp:featuredmedia":[{"embeddable":true,"href":"https:\/\/staging.nbg.eu\/mt\/wp-json\/wp\/v2\/media\/108370"}],"wp:attachment":[{"href":"https:\/\/staging.nbg.eu\/mt\/wp-json\/wp\/v2\/media?parent=129777"}],"wp:term":[{"taxonomy":"product_brand","embeddable":true,"href":"https:\/\/staging.nbg.eu\/mt\/wp-json\/wp\/v2\/product_brand?post=129777"},{"taxonomy":"product_cat","embeddable":true,"href":"https:\/\/staging.nbg.eu\/mt\/wp-json\/wp\/v2\/product_cat?post=129777"},{"taxonomy":"product_tag","embeddable":true,"href":"https:\/\/staging.nbg.eu\/mt\/wp-json\/wp\/v2\/product_tag?post=129777"}],"curies":[{"name":"wp","href":"https:\/\/api.w.org\/{rel}","templated":true}]}}