{"id":129166,"date":"2025-01-01T20:36:12","date_gmt":"2025-01-07T10:13:52","guid":{"rendered":"https:\/\/staging.nbg.eu\/product\/high-profile-red-dot-plates-for-area-419-tactical-mounts\/"},"modified":"2025-01-07T10:15:56","modified_gmt":"2025-01-07T10:15:56","slug":"pjanci-red-dot-profil-gholi-ghal-area-419-tactical-mounts","status":"publish","type":"product","link":"https:\/\/staging.nbg.eu\/mt\/product\/pjanci-red-dot-profil-gholi-ghal-area-419-tactical-mounts\/","title":{"rendered":"Pjanci Red-Dot Profil Gholi ghal Area 419 Tactical Mounts"},"content":{"rendered":"<h2>Pjan\u010bi Red-Dot ta&#8217; Profil G\u0127oli g\u0127al Muntaturi Tatti\u010bi Area 419<\/h2>\n<p>Pjan\u010bi Red-Dot ta&#8217; Profil G\u0127oli g\u0127all-Muntaturi ta&#8217; Skop ta&#8217; Bi\u010b\u010ba Wa\u0127da Tattika. Dawn il-pjan\u010bi joffru funzjonalit\u00e0 u durabilit\u00e0.<\/p>\n<h2>Karatteristi\u010bi Ewlenin:<\/h2>\n<ul>\n<li>Immuntar b&#8217;taper doppju bil-patent pendenti g\u0127al twa\u0127\u0127il sigur<\/li>\n<li>Versattili: Kompatibbli ma&#8217; livelli, karti tad-dope, red dots, u laser range finders<\/li>\n<li>Durabilit\u00e0 u ri\u0121idit\u00e0 g\u0127al ritorn g\u0127al \u017cero<\/li>\n<li>Disponibbli f&#8217;g\u0127a\u017cliet ta&#8217; G\u0127oli Standard u Baxx<\/li>\n<li>Immillat CNC fl-Amerka minn Aluminju 7075<\/li>\n<li>Finitura anodizzata sewda Hardcoat Tip III<\/li>\n<\/ul>\n<p>Ag\u0127\u017cel bejn g\u0127oli Standard (1.11&#8243; g\u0127oli) u Baxx (0.70&#8243; g\u0127oli). It-tnejn g\u0127andhom linji MIL-STD-1913 spec u viti ta&#8217; mmuntar captive g\u0127al installazzjoni fa\u010bli.<\/p>\n<p>Pi\u017c: 1 lbs<br \/>\nDimensjonijiet: 6 \u00d7 3.5 \u00d7 2 pulzier<\/p>\n","protected":false},"excerpt":{"rendered":"<p>\u017bgur, rail versatili g\u0127ad-dwal \u0127omor u a\u010b\u010bessorji fuq muntaturi tatti\u010bi.<\/p>\n","protected":false},"featured_media":108718,"template":"","meta":{"_acf_changed":false},"product_brand":[11045],"product_cat":[796,2916],"product_tag":[],"class_list":{"0":"post-129166","1":"product","2":"type-product","3":"status-publish","4":"has-post-thumbnail","6":"product_brand-area-419","7":"product_cat-aiming-mt","8":"product_cat-aiming-accessories-mt","10":"first","11":"instock","12":"taxable","13":"shipping-taxable","14":"purchasable","15":"product-type-variable","16":"wvs-archive-product-wrapper"},"acf":[],"_links":{"self":[{"href":"https:\/\/staging.nbg.eu\/mt\/wp-json\/wp\/v2\/product\/129166","targetHints":{"allow":["GET"]}}],"collection":[{"href":"https:\/\/staging.nbg.eu\/mt\/wp-json\/wp\/v2\/product"}],"about":[{"href":"https:\/\/staging.nbg.eu\/mt\/wp-json\/wp\/v2\/types\/product"}],"wp:featuredmedia":[{"embeddable":true,"href":"https:\/\/staging.nbg.eu\/mt\/wp-json\/wp\/v2\/media\/108718"}],"wp:attachment":[{"href":"https:\/\/staging.nbg.eu\/mt\/wp-json\/wp\/v2\/media?parent=129166"}],"wp:term":[{"taxonomy":"product_brand","embeddable":true,"href":"https:\/\/staging.nbg.eu\/mt\/wp-json\/wp\/v2\/product_brand?post=129166"},{"taxonomy":"product_cat","embeddable":true,"href":"https:\/\/staging.nbg.eu\/mt\/wp-json\/wp\/v2\/product_cat?post=129166"},{"taxonomy":"product_tag","embeddable":true,"href":"https:\/\/staging.nbg.eu\/mt\/wp-json\/wp\/v2\/product_tag?post=129166"}],"curies":[{"name":"wp","href":"https:\/\/api.w.org\/{rel}","templated":true}]}}