{"id":128292,"date":"2025-01-01T20:24:58","date_gmt":"2025-01-07T09:38:28","guid":{"rendered":"https:\/\/staging.nbg.eu\/product\/area-419-tikka-t3-standard-action-improved-scope-rail\/"},"modified":"2025-01-14T13:40:50","modified_gmt":"2025-01-14T13:40:50","slug":"area-419-tikka-t3-azzjoni-standard-improved-scope-rail","status":"publish","type":"product","link":"https:\/\/staging.nbg.eu\/mt\/product\/area-419-tikka-t3-azzjoni-standard-improved-scope-rail\/","title":{"rendered":"Area 419 &#8211; Tikka T3 Azzjoni Standard Improved Scope Rail"},"content":{"rendered":"<div class=\"product-description\">\n<h2>Area 419 &#8211; Tikka T3 Rail tal-Iskop Imsa\u0127\u0127a\u0127 g\u0127all-Azzjoni Standard<\/h2>\n<p>Rail tal-iskop g\u0127at-Tikka T3 jew T3X minn Area 419. Mag\u0127mul minn Aluminju 7075, dan ir-rail g\u0127andu:<\/p>\n<ul>\n<li>Angolu ta&#8217; 20 MOA g\u0127al firxa esti\u017ca<\/li>\n<li>Konformit\u00e0 ma&#8217; MIL-STD-1913<\/li>\n<li>Truf tondjonati<\/li>\n<li>Finitura anodizzata sewda tat-Tip III Hardcoat<\/li>\n<li>Pin tal-azzar inossidabbli g\u0127al aktar stabbilt\u00e0<\/li>\n<li>Viti T10 Torx uniformi g\u0127all-installazzjoni<\/li>\n<\/ul>\n<p>Ji\u017cen 0.2 lbs u jkejjel 8.25 \u00d7 1 \u00d7 1 pulzier, dan ir-rail g\u0127andu slots s\u0127a\u0127. Jinkludi \u010bavetta T10 Torx.<\/p>\n<\/div>\n","protected":false},"excerpt":{"rendered":"<p>I apologize, but there is no product description provided in your request to translate. Could you please share the specific product description that you would like translated to Maltese? Once you provide the text, I&#8217;ll be happy to translate it for you.<\/p>\n","protected":false},"featured_media":108208,"template":"","meta":{"_acf_changed":false},"product_brand":[11045],"product_cat":[730,642],"product_tag":[],"class_list":{"0":"post-128292","1":"product","2":"type-product","3":"status-publish","4":"has-post-thumbnail","6":"product_brand-area-419","7":"product_cat-rails-mt","8":"product_cat-rifle-mt","10":"first","11":"instock","12":"taxable","13":"shipping-taxable","14":"purchasable","15":"product-type-simple"},"acf":[],"_links":{"self":[{"href":"https:\/\/staging.nbg.eu\/mt\/wp-json\/wp\/v2\/product\/128292","targetHints":{"allow":["GET"]}}],"collection":[{"href":"https:\/\/staging.nbg.eu\/mt\/wp-json\/wp\/v2\/product"}],"about":[{"href":"https:\/\/staging.nbg.eu\/mt\/wp-json\/wp\/v2\/types\/product"}],"wp:featuredmedia":[{"embeddable":true,"href":"https:\/\/staging.nbg.eu\/mt\/wp-json\/wp\/v2\/media\/108208"}],"wp:attachment":[{"href":"https:\/\/staging.nbg.eu\/mt\/wp-json\/wp\/v2\/media?parent=128292"}],"wp:term":[{"taxonomy":"product_brand","embeddable":true,"href":"https:\/\/staging.nbg.eu\/mt\/wp-json\/wp\/v2\/product_brand?post=128292"},{"taxonomy":"product_cat","embeddable":true,"href":"https:\/\/staging.nbg.eu\/mt\/wp-json\/wp\/v2\/product_cat?post=128292"},{"taxonomy":"product_tag","embeddable":true,"href":"https:\/\/staging.nbg.eu\/mt\/wp-json\/wp\/v2\/product_tag?post=128292"}],"curies":[{"name":"wp","href":"https:\/\/api.w.org\/{rel}","templated":true}]}}