{"id":106631,"date":"2024-01-30T18:13:57","date_gmt":"2024-12-30T09:39:10","guid":{"rendered":"https:\/\/staging.nbg.eu\/product\/tangent-theta-tt735p-7-35x56mm-professional\/"},"modified":"2024-12-30T09:41:00","modified_gmt":"2024-12-30T09:41:00","slug":"tangent-theta-tt735p-7-35x56mm-professjonali","status":"publish","type":"product","link":"https:\/\/staging.nbg.eu\/mt\/product\/tangent-theta-tt735p-7-35x56mm-professjonali\/","title":{"rendered":"Tangent Theta TT735P (7-35x56mm Professjonali)"},"content":{"rendered":"<div class=\"product-description\">\n<p>Tangent Theta twaqqfet fl-2013 fin-Nova Scotia, il-Kanada bl-g\u0127an li tipprodu\u010bi l-a\u0127jar skopijiet tar-rifles fid-dinja. L-iskopijiet huma mmuntati bl-idejn, ittestjati u spezzjonati individwalment minn tim ta&#8217; disinjaturi otti\u010bi, in\u0121iniera mekkani\u010bi u sparaturi ta&#8217; distanzi twal ta&#8217; klassi internazzjonali.<\/p>\n<h2>Teleskopju tar-Rifle Professjonali Tangent Theta TT735P 7-35x56mm<\/h2>\n<p>It-Tangent Theta TT735P huwa strument ta&#8217; mira ta&#8217; pre\u010bi\u017cjoni g\u0127al sparaturi professjonali. Dan it-teleskopju tar-rifle ta&#8217; 7-35x56mm jg\u0127aqqad teknolo\u0121ija avvanzata ma&#8217; durabilit\u00e0 g\u0127al prestazzjoni f&#8217;kundizzjonijiet diffi\u010bli.<\/p>\n<h2>Karatteristi\u010bi Ewlenin:<\/h2>\n<ul>\n<li>Firxa ta&#8217; tkabbir 7-35x g\u0127al identifikazzjoni ta&#8217; miri f&#8217;distanzi twal<\/li>\n<li>Lenti objettiva ta&#8217; 56mm g\u0127al \u0121bir ta&#8217; dawl<\/li>\n<li>Tubu prin\u010bipali ta&#8217; 36mm g\u0127al integrit\u00e0 strutturali u firxa ta&#8217; a\u0121\u0121ustament<\/li>\n<li>A\u0121\u0121ustament tal-parallassi sa 10 metri<\/li>\n<li>11-il setting ta&#8217; illuminazzjoni tar-reticle<\/li>\n<li>Karatteristika TOOL-LESS RE-ZERO\u00ae (US Patent # 10,591,253)<\/li>\n<li>Knobs mhux traduttibbli b&#8217;zero-stop ta&#8217; elevazzjoni<\/li>\n<li>Elevazzjoni double-turn b&#8217;indikatur ta&#8217; rivoluzzjoni<\/li>\n<li>Diopter li jista&#8217; ji\u0121i llokjat g\u0127al fokus personalizzat<\/li>\n<\/ul>\n<h2>Kwalit\u00e0:<\/h2>\n<p>Manifatturat fil-Kanada, it-TT735P huwa ttestjat g\u0127al kundizzjonijiet ambjentali \u0127orox. G\u0127andu finitura mattata Anodized Type II, klassifikazzjoni kontra l-ilma ta&#8217; 4 sig\u0127at f&#8217;10 metri, u klassifikazzjoni kontra x-xokkijiet ta&#8217; 700g f&#8217;10,000 \u010biklu.<\/p>\n<\/div>\n<h2>Reticles:<\/h2>\n<ol>\n<li data-line-height=\"xs\">Reticle Horus Tremor3<\/li>\n<li data-line-height=\"xs\">JTAC<\/li>\n<li data-line-height=\"xs\">Gen 3 XR Fine<\/li>\n<\/ol>\n<div class=\"product-description\">\n<h2>Ottika ta&#8217; Pre\u010bi\u017cjoni:<\/h2>\n<p>Ag\u0127\u017cel minn tliet g\u0127a\u017cliet ta&#8217; reticle: Horus Tremor3, JTAC, jew Gen 3 XR Fine. It-TT735P g\u0127andu eye relief ta&#8217; 90mm u field of view minn 5.41m f&#8217;100m (7x) sa 1.08m f&#8217;100m (35x).<\/p>\n<h2>A\u0121\u0121ustamenti ta&#8217; Livell Professjonali:<\/h2>\n<p>Ri\u017coluzzjoni ta&#8217; a\u0121\u0121ustament ta&#8217; 0.1 mrad, firxa totali ta&#8217; elevazzjoni ta&#8217; 30 mrad, u firxa totali ta&#8217; windage ta&#8217; 14 mrad. L-a\u0121\u0121ustament tal-parallassi tal-\u0121enb u d-diopter li jista&#8217; ji\u0121i llokjat ji\u017cguraw stampa \u010bara f&#8217;kull distanza.<\/p>\n<p>It-Tangent Theta TT735P huwa l-g\u0127a\u017cla ta&#8217; sparaturi ta&#8217; livell g\u0127oli.<\/p>\n<\/div>\n","protected":false},"excerpt":{"rendered":"<p>It-Tangent Theta 7-35x56mm Professional huwa l-iskop tar-rifle li tag\u0127\u017cel g\u0127al sparar fuq distanzi estremi.<\/p>\n","protected":false},"featured_media":81002,"template":"","meta":{"_acf_changed":false},"product_brand":[11897],"product_cat":[796,2720],"product_tag":[],"class_list":{"0":"post-106631","1":"product","2":"type-product","3":"status-publish","4":"has-post-thumbnail","6":"product_brand-tangent-theta","7":"product_cat-aiming-mt","8":"product_cat-magnified-optics-mt","10":"first","11":"instock","12":"taxable","13":"shipping-taxable","14":"purchasable","15":"product-type-variable","16":"wvs-archive-product-wrapper"},"acf":[],"_links":{"self":[{"href":"https:\/\/staging.nbg.eu\/mt\/wp-json\/wp\/v2\/product\/106631","targetHints":{"allow":["GET"]}}],"collection":[{"href":"https:\/\/staging.nbg.eu\/mt\/wp-json\/wp\/v2\/product"}],"about":[{"href":"https:\/\/staging.nbg.eu\/mt\/wp-json\/wp\/v2\/types\/product"}],"wp:featuredmedia":[{"embeddable":true,"href":"https:\/\/staging.nbg.eu\/mt\/wp-json\/wp\/v2\/media\/81002"}],"wp:attachment":[{"href":"https:\/\/staging.nbg.eu\/mt\/wp-json\/wp\/v2\/media?parent=106631"}],"wp:term":[{"taxonomy":"product_brand","embeddable":true,"href":"https:\/\/staging.nbg.eu\/mt\/wp-json\/wp\/v2\/product_brand?post=106631"},{"taxonomy":"product_cat","embeddable":true,"href":"https:\/\/staging.nbg.eu\/mt\/wp-json\/wp\/v2\/product_cat?post=106631"},{"taxonomy":"product_tag","embeddable":true,"href":"https:\/\/staging.nbg.eu\/mt\/wp-json\/wp\/v2\/product_tag?post=106631"}],"curies":[{"name":"wp","href":"https:\/\/api.w.org\/{rel}","templated":true}]}}