{"id":84536,"date":"2024-11-17T07:25:58","date_gmt":"2024-12-18T10:04:46","guid":{"rendered":"https:\/\/staging.nbg.eu\/product\/tangent-theta-tt315m-3-15x50mm-marksman\/"},"modified":"2024-12-30T08:45:21","modified_gmt":"2024-12-30T08:45:21","slug":"tangent-theta-tt315m-3-15x50mm-marksman","status":"publish","type":"product","link":"https:\/\/staging.nbg.eu\/lv\/product\/tangent-theta-tt315m-3-15x50mm-marksman\/","title":{"rendered":"Tangent Theta TT315M (3-15x50mm Marksman)"},"content":{"rendered":"<div class=\"product-description\">\n<p>Tangent Theta tika dibin\u0101ts 2013. gad\u0101 Jaunskotij\u0101, Kan\u0101d\u0101 ar m\u0113r\u0137i ra\u017eot lab\u0101kos \u0161autenes t\u0113mek\u013cus pasaul\u0113. T\u0113mek\u013ci tiek mont\u0113ti ar rok\u0101m, individu\u0101li p\u0101rbaud\u012bti un test\u0113ti komand\u0101, kur\u0101 ietilpst optikas dizaineri, meh\u0101niskie in\u017eenieri un starptautiska l\u012bme\u0146a t\u0101l\u0161\u0101v\u0113ji.<\/p>\n<h2>Tangent Theta TT315M 3-15x50mm \u0161autenes t\u0113meklis<\/h2>\n<p>Tangent Theta TT315M ir vid\u0113jas distances prec\u012bz\u0101s \u0161au\u0161anas instruments, kas paredz\u0113ts policijas un dro\u0161\u012bbas dienesta \u0161\u0101v\u0113jiem. \u0160is vieglais profesion\u0101lais \u0161autenes t\u0113meklis apvieno moderno tehnolo\u0123iju ar augstu optisko veiktsp\u0113ju.<\/p>\n<h2>Galven\u0101s iez\u012bmes:<\/h2>\n<ul>\n<li>50mm objekt\u012bva l\u0113ca lab\u0101kai gaismas uztver\u0161anai<\/li>\n<li>30mm galven\u0101 caurule uzlabotai iztur\u012bbai<\/li>\n<li>Meh\u0101niskais s\u0101nu v\u0113ja virziena indikators<\/li>\n<li>11 t\u012bklojuma apgaismojuma iestat\u012bjumi da\u017e\u0101diem gaismas apst\u0101k\u013ciem<\/li>\n<li>S\u0101nu paralakses regul\u0113\u0161ana prec\u012bzai fokus\u0113\u0161anai<\/li>\n<li>Netransform\u0113jo\u0161\u0101s pogas ar pac\u0113luma nulles aizturi<\/li>\n<li>Divk\u0101r\u0161s pac\u0113lums ar apgrieziena un s\u0101nu v\u0113ja virziena indikatoru<\/li>\n<li>Daudzpus\u012bgs 3-15x palielin\u0101juma diapazons<\/li>\n<li>Blo\u0137\u0113jams \u0101tri regul\u0113jams dioptrs<\/li>\n<\/ul>\n<h2>Optisk\u0101 izcil\u012bba:<\/h2>\n<p>TT315M pied\u0101v\u0101 optimiz\u0113tu optisko ce\u013cu, nodro\u0161inot augstu att\u0113la kvalit\u0101ti. Tas \u013cauj \u0161\u0101v\u0113jiem saskat\u012bt s\u012bkas m\u0113r\u0137a deta\u013cas un ilgsto\u0161i saglab\u0101t m\u0113r\u0137i bez acu noguruma.<\/p>\n<h2>Prec\u012bza regul\u0113\u0161ana:<\/h2>\n<p>TT315M ir prec\u012bzi regul\u0113\u0161anas meh\u0101nismi ar nulles aiztur\u0113m, meh\u0101nisko apgriezienu un s\u0101nu v\u0113ja virziena indikatoriem, kas nov\u0113r\u0161 regul\u0113\u0161anas k\u013c\u016bdas, nodro\u0161inot precizit\u0101ti kritisk\u0101s situ\u0101cij\u0101s.<\/p>\n<h2>T\u012bklojuma opcijas:<\/h2>\n<ul>\n<li>Gen 2XR<\/li>\n<li>MoA<\/li>\n<li>Gen 2 Mil-Dot<\/li>\n<li>Gen 3XR<\/li>\n<\/ul>\n<h2>Tehnisk\u0101s specifik\u0101cijas:<\/h2>\n<ul>\n<li>Garums: 351mm<\/li>\n<li>Svars: 786g<\/li>\n<li>Redzeslauks @ 3x: 7,3 gr\u0101di (12,8m @ 100m)<\/li>\n<li>Redzeslauks @ 15x: 1,6 gr\u0101di (2,8m @ 100m)<\/li>\n<li>Acs att\u0101lums: 90mm<\/li>\n<li>Kop\u0113jais pac\u0113luma regul\u0113\u0161anas diapazons: 18 mrad (60 MoA)<\/li>\n<li>Kop\u0113jais s\u0101nu v\u0113ja regul\u0113\u0161anas diapazons: +\/- 12 mrad (+\/-40 MoA)<\/li>\n<li>Regul\u0113\u0161anas iz\u0161\u0137irtsp\u0113ja: 0,1 mrad vai 1\/4 MoA<\/li>\n<li>Paralakses regul\u0113\u0161anas diapazons: 50m l\u012bdz bezgal\u012bbai<\/li>\n<\/ul>\n<h2>Iztur\u012bba:<\/h2>\n<p>TT315M ir iztur\u012bgs pret skarbiem apst\u0101k\u013ciem, \u016bdensiztur\u012bgs 4 stundas 10 metru dzi\u013cum\u0101 un triecieniztur\u012bgs l\u012bdz 700g 10 000 ciklos. T\u0101 \u0101r\u0113j\u0101 apdare ir II tipa anod\u0113ta mat\u0113ta virsma papildu aizsardz\u012bbai.<\/p>\n<h2>Iek\u013cautie piederumi:<\/h2>\n<p>Tenebraex l\u0113cu v\u0101ci\u0146i un ARD (atstarojuma nov\u0113r\u0161anas ier\u012bce) ir iek\u013cauti k\u0101 standarta piederumi.<\/p>\n<\/div>\n","protected":false},"excerpt":{"rendered":"<p>Prec\u012bzs 3-15x50mm t\u0113meklis \u0161\u0101v\u0113jiem. Optim\u0101ls att\u0113ls, nulles apst\u0101\u0161an\u0101s, apgaismots.<\/p>\n","protected":false},"featured_media":167617,"template":"","meta":{"_acf_changed":false},"product_brand":[11895],"product_cat":[13803,13771],"product_tag":[],"class_list":{"0":"post-84536","1":"product","2":"type-product","3":"status-publish","4":"has-post-thumbnail","6":"product_brand-tangent-theta","7":"product_cat-merkesana","8":"product_cat-palielinosa-optika","10":"first","11":"instock","12":"taxable","13":"shipping-taxable","14":"purchasable","15":"product-type-variable","16":"wvs-archive-product-wrapper"},"acf":[],"_links":{"self":[{"href":"https:\/\/staging.nbg.eu\/lv\/wp-json\/wp\/v2\/product\/84536","targetHints":{"allow":["GET"]}}],"collection":[{"href":"https:\/\/staging.nbg.eu\/lv\/wp-json\/wp\/v2\/product"}],"about":[{"href":"https:\/\/staging.nbg.eu\/lv\/wp-json\/wp\/v2\/types\/product"}],"wp:featuredmedia":[{"embeddable":true,"href":"https:\/\/staging.nbg.eu\/lv\/wp-json\/wp\/v2\/media\/167617"}],"wp:attachment":[{"href":"https:\/\/staging.nbg.eu\/lv\/wp-json\/wp\/v2\/media?parent=84536"}],"wp:term":[{"taxonomy":"product_brand","embeddable":true,"href":"https:\/\/staging.nbg.eu\/lv\/wp-json\/wp\/v2\/product_brand?post=84536"},{"taxonomy":"product_cat","embeddable":true,"href":"https:\/\/staging.nbg.eu\/lv\/wp-json\/wp\/v2\/product_cat?post=84536"},{"taxonomy":"product_tag","embeddable":true,"href":"https:\/\/staging.nbg.eu\/lv\/wp-json\/wp\/v2\/product_tag?post=84536"}],"curies":[{"name":"wp","href":"https:\/\/api.w.org\/{rel}","templated":true}]}}