{"id":83669,"date":"2024-11-27T16:38:30","date_gmt":"2024-12-17T12:42:35","guid":{"rendered":"https:\/\/staging.nbg.eu\/product\/super-precision-t1-mount-absolute-co-witness-ddc\/"},"modified":"2024-12-17T12:44:30","modified_gmt":"2024-12-17T12:44:30","slug":"super-precision-t1-stiprinajums-absolute-co-witness-ddc","status":"publish","type":"product","link":"https:\/\/staging.nbg.eu\/lv\/product\/super-precision-t1-stiprinajums-absolute-co-witness-ddc\/","title":{"rendered":"Super Precision T1 Stiprinajums &#8211; Absolute Co-Witness &#8211; DDC"},"content":{"rendered":"<div class=\"product-description\">\n<h2>T1 Stiprin\u0101jums &#8211; Absol\u016bt\u0101 L\u012bdznov\u0113ro\u0161ana &#8211; DDC<\/h2>\n<p>T1 stiprin\u0101jums Aimpoint T1 vai l\u012bdz\u012bg\u0101m sarkan\u0101 punkta optik\u0101m. Izgatavots no viena 7075-T6 alum\u012bnija gabala, \u0161is stiprin\u0101jums nodro\u0161ina iztur\u012bbu un veiktsp\u0113ju.<\/p>\n<ul>\n<li>Absol\u016bt\u0101s l\u012bdznov\u0113ro\u0161anas augstums<\/li>\n<li>DDC (Tuksne\u0161a Net\u012brumu Kr\u0101sa) 3. tipa ciet\u0101 p\u0101rkl\u0101juma anod\u0113\u0161anas apdare<\/li>\n<li>Uzlabota uzgrie\u017e\u0146a un skr\u016bves piestiprin\u0101\u0161anas metode, nodro\u0161inot 1,400 m\u0101rci\u0146u saspie\u0161anas sp\u0113ku<\/li>\n<li>3 b\u012bdes izci\u013c\u0146i stabilit\u0101tei un atgrie\u0161anai nulles poz\u012bcij\u0101<\/li>\n<li>Viegla konstrukcija, tikai 2 unces<\/li>\n<\/ul>\n<p>Geissele stiprin\u0101juma risin\u0101jums ar uzman\u012bbu pret deta\u013c\u0101m un kvalit\u0101ti.<\/p>\n<\/div>\n","protected":false},"excerpt":{"rendered":"<p>Prec\u012bzs T1 optiskais stiprin\u0101jums, absol\u016bta ko-witness, DDC apdare, \u012bpa\u0161i dro\u0161s<\/p>\n","protected":false},"featured_media":82841,"template":"","meta":{"_acf_changed":false},"product_brand":[11383],"product_cat":[13803],"product_tag":[],"class_list":{"0":"post-83669","1":"product","2":"type-product","3":"status-publish","4":"has-post-thumbnail","6":"product_brand-geissele","7":"product_cat-merkesana","9":"first","10":"instock","11":"taxable","12":"shipping-taxable","13":"product-type-simple"},"acf":[],"_links":{"self":[{"href":"https:\/\/staging.nbg.eu\/lv\/wp-json\/wp\/v2\/product\/83669","targetHints":{"allow":["GET"]}}],"collection":[{"href":"https:\/\/staging.nbg.eu\/lv\/wp-json\/wp\/v2\/product"}],"about":[{"href":"https:\/\/staging.nbg.eu\/lv\/wp-json\/wp\/v2\/types\/product"}],"wp:featuredmedia":[{"embeddable":true,"href":"https:\/\/staging.nbg.eu\/lv\/wp-json\/wp\/v2\/media\/82841"}],"wp:attachment":[{"href":"https:\/\/staging.nbg.eu\/lv\/wp-json\/wp\/v2\/media?parent=83669"}],"wp:term":[{"taxonomy":"product_brand","embeddable":true,"href":"https:\/\/staging.nbg.eu\/lv\/wp-json\/wp\/v2\/product_brand?post=83669"},{"taxonomy":"product_cat","embeddable":true,"href":"https:\/\/staging.nbg.eu\/lv\/wp-json\/wp\/v2\/product_cat?post=83669"},{"taxonomy":"product_tag","embeddable":true,"href":"https:\/\/staging.nbg.eu\/lv\/wp-json\/wp\/v2\/product_tag?post=83669"}],"curies":[{"name":"wp","href":"https:\/\/api.w.org\/{rel}","templated":true}]}}