{"id":83647,"date":"2024-11-02T06:43:16","date_gmt":"2024-11-02T06:43:16","guid":{"rendered":"https:\/\/staging.nbg.eu\/product\/sons-of-liberty-gun-works-ar-15-buffer-h3\/"},"modified":"2024-12-17T13:05:43","modified_gmt":"2024-12-17T13:05:43","slug":"sons-of-liberty-gun-works-ar-15-buferis-h3","status":"publish","type":"product","link":"https:\/\/staging.nbg.eu\/lv\/product\/sons-of-liberty-gun-works-ar-15-buferis-h3\/","title":{"rendered":"Sons of Liberty Gun Works &#8211; AR 15 Buferis H3"},"content":{"rendered":"<div class=\"product-description\">\n<h2>Sons of Liberty Gun Works &#8211; AR 15 Buferis H3<\/h2>\n<p>SOLGW H3 buferis ir izstr\u0101d\u0101ts AR-15 darb\u012bbas uzlabo\u0161anai. \u0160\u012b deta\u013ca ir izgatavota ar prec\u012bz\u0101m pielaid\u0113m, lai nodro\u0161in\u0101tu optim\u0101lu \u0161aujamiero\u010da funkcionalit\u0101ti.<\/p>\n<ul>\n<li>Sader\u012bgs ar visiem AR-15 mode\u013ciem<\/li>\n<li>Svars: 5.4 unces<\/li>\n<li>Izm\u0113rs: 1 colla<\/li>\n<li>Skaidri mar\u0137\u0113ts vieglai svara identific\u0113\u0161anai<\/li>\n<\/ul>\n<p>SOLGW H3 buferis ir paredz\u0113ts, lai samazin\u0101tu saj\u016btamo atsitienu un uzlabotu ciklu. Tas ir paredz\u0113ts AR-15 uzticam\u012bbas un vienm\u0113r\u012bgas darb\u012bbas uztur\u0113\u0161anai.<\/p>\n<p>Sons of Liberty Gun Works pied\u0101v\u0101 kvalit\u0101ti un veiktsp\u0113ju.<\/p>\n<\/div>\n","protected":false},"excerpt":{"rendered":"<p>Sons of Liberty H3 AR-15 buferis: Prec\u012bzs, iztur\u012bgs, 5.4 un\u010du svars.<\/p>\n","protected":false},"featured_media":76326,"template":"","meta":{"_acf_changed":false},"product_brand":[],"product_cat":[13776],"product_tag":[],"class_list":{"0":"post-83647","1":"product","2":"type-product","3":"status-publish","4":"has-post-thumbnail","6":"product_cat-sautenes-uzlabojumi","8":"first","9":"outofstock","10":"taxable","11":"shipping-taxable","12":"purchasable","13":"product-type-simple"},"acf":[],"_links":{"self":[{"href":"https:\/\/staging.nbg.eu\/lv\/wp-json\/wp\/v2\/product\/83647","targetHints":{"allow":["GET"]}}],"collection":[{"href":"https:\/\/staging.nbg.eu\/lv\/wp-json\/wp\/v2\/product"}],"about":[{"href":"https:\/\/staging.nbg.eu\/lv\/wp-json\/wp\/v2\/types\/product"}],"wp:featuredmedia":[{"embeddable":true,"href":"https:\/\/staging.nbg.eu\/lv\/wp-json\/wp\/v2\/media\/76326"}],"wp:attachment":[{"href":"https:\/\/staging.nbg.eu\/lv\/wp-json\/wp\/v2\/media?parent=83647"}],"wp:term":[{"taxonomy":"product_brand","embeddable":true,"href":"https:\/\/staging.nbg.eu\/lv\/wp-json\/wp\/v2\/product_brand?post=83647"},{"taxonomy":"product_cat","embeddable":true,"href":"https:\/\/staging.nbg.eu\/lv\/wp-json\/wp\/v2\/product_cat?post=83647"},{"taxonomy":"product_tag","embeddable":true,"href":"https:\/\/staging.nbg.eu\/lv\/wp-json\/wp\/v2\/product_tag?post=83647"}],"curies":[{"name":"wp","href":"https:\/\/api.w.org\/{rel}","templated":true}]}}