{"id":83625,"date":"2024-11-27T08:29:48","date_gmt":"2024-11-27T08:29:48","guid":{"rendered":"https:\/\/staging.nbg.eu\/product\/geissele-ak-trigger-ultimate-with-lightning-bow-akt-ul\/"},"modified":"2024-12-17T12:30:45","modified_gmt":"2024-12-17T12:30:45","slug":"geissele-ak-atvilknis-ultimate-ar-lightning-bow-akt-ul","status":"publish","type":"product","link":"https:\/\/staging.nbg.eu\/lv\/product\/geissele-ak-atvilknis-ultimate-ar-lightning-bow-akt-ul\/","title":{"rendered":"Geissele AK Atvilknis Ultimate ar Lightning Bow (AKT-UL)"},"content":{"rendered":"<div class=\"product-description\">\n<h2>Geissele AK spr\u016bds Ultimate ar Lightning Bow (AKT-UL)<\/h2>\n<p>AK47 vai AK74 uzlabo\u0161anai paredz\u0113ts ALG AK spr\u016bds Ultimate ar Lightning Bow (AKT-UL). \u0160is vienpak\u0101pes spr\u016bds pied\u0101v\u0101:<\/p>\n<ul>\n<li>\u012as\u0101ku vilkmi un as\u0101ku atgrie\u0161anos precizit\u0101tes uzlabo\u0161anai<\/li>\n<li>Izgatavots no augstas kvalit\u0101tes t\u0113rauda sakaus\u0113juma<\/li>\n<li>Lightning Bow dizains lab\u0101kai kontrolei<\/li>\n<li>Ra\u017eots ASV, veicina 922(r) atbilst\u012bbu<\/li>\n<\/ul>\n<p>AKT-UL ir piem\u0113rots prec\u012bzai un m\u0113r\u0137a \u0161au\u0161anai. Piez\u012bme: Ieteicama profesion\u0101la uzst\u0101d\u012b\u0161ana iesp\u0113jamo piel\u0101go\u0161anas pras\u012bbu d\u0113\u013c. Nav sader\u012bgs ar 12. kalibra un 308 \/ 7.62x54r variantiem.<\/p>\n<\/div>\n","protected":false},"excerpt":{"rendered":"<p>Prec\u012bzs AK spr\u016bds ar Lightning Bow uzlabotai kontrolei un saj\u016btai.<\/p>\n","protected":false},"featured_media":82194,"template":"","meta":{"_acf_changed":false},"product_brand":[],"product_cat":[13761,13764,13827,13776],"product_tag":[],"class_list":{"0":"post-83625","1":"product","2":"type-product","3":"status-publish","4":"has-post-thumbnail","6":"product_cat-ak-uzlabojumi","7":"product_cat-gailis","8":"product_cat-sautene","9":"product_cat-sautenes-uzlabojumi","11":"first","12":"instock","13":"taxable","14":"shipping-taxable","15":"product-type-simple"},"acf":[],"_links":{"self":[{"href":"https:\/\/staging.nbg.eu\/lv\/wp-json\/wp\/v2\/product\/83625","targetHints":{"allow":["GET"]}}],"collection":[{"href":"https:\/\/staging.nbg.eu\/lv\/wp-json\/wp\/v2\/product"}],"about":[{"href":"https:\/\/staging.nbg.eu\/lv\/wp-json\/wp\/v2\/types\/product"}],"wp:featuredmedia":[{"embeddable":true,"href":"https:\/\/staging.nbg.eu\/lv\/wp-json\/wp\/v2\/media\/82194"}],"wp:attachment":[{"href":"https:\/\/staging.nbg.eu\/lv\/wp-json\/wp\/v2\/media?parent=83625"}],"wp:term":[{"taxonomy":"product_brand","embeddable":true,"href":"https:\/\/staging.nbg.eu\/lv\/wp-json\/wp\/v2\/product_brand?post=83625"},{"taxonomy":"product_cat","embeddable":true,"href":"https:\/\/staging.nbg.eu\/lv\/wp-json\/wp\/v2\/product_cat?post=83625"},{"taxonomy":"product_tag","embeddable":true,"href":"https:\/\/staging.nbg.eu\/lv\/wp-json\/wp\/v2\/product_tag?post=83625"}],"curies":[{"name":"wp","href":"https:\/\/api.w.org\/{rel}","templated":true}]}}