{"id":83581,"date":"2024-11-01T14:01:14","date_gmt":"2024-12-17T12:12:28","guid":{"rendered":"https:\/\/staging.nbg.eu\/product\/sons-of-liberty-gun-works-ar-15-buffer-h2\/"},"modified":"2024-12-17T12:58:40","modified_gmt":"2024-12-17T12:58:40","slug":"sons-of-liberty-gun-works-ar-15-buferis-h2","status":"publish","type":"product","link":"https:\/\/staging.nbg.eu\/lv\/product\/sons-of-liberty-gun-works-ar-15-buferis-h2\/","title":{"rendered":"Sons of Liberty Gun Works &#8211; AR 15 Buferis H2"},"content":{"rendered":"<div class=\"product-description\">\n<h2>Sons of Liberty Gun Works &#8211; AR 15 Buferis H2<\/h2>\n<p>AR-15 buferis H2 no Sons of Liberty Gun Works (SOLGW). \u0160\u012b deta\u013ca nodro\u0161ina iero\u010da funkcionalit\u0101ti.<\/p>\n<ul>\n<li>Sader\u012bgs ar visiem AR-15 mode\u013ciem<\/li>\n<li>Ra\u017eots atbilsto\u0161i prec\u012bz\u0101m pielaides norm\u0101m<\/li>\n<li>Mar\u0137\u0113ts svara identifik\u0101cijai<\/li>\n<li>Svars: 4.6 unces<\/li>\n<li>Izm\u0113ri: 1 colla<\/li>\n<\/ul>\n<p>\u0160is H2 buferis uztur AR-15 uzticam\u012bbu un darb\u012bbu. SOLGW ra\u017eot\u0101 komponente nodro\u0161ina past\u0101v\u012bgu veiktsp\u0113ju.<\/p>\n<\/div>\n","protected":false},"excerpt":{"rendered":"<p>SOLGW AR-15 H2 buferis: Prec\u012bzi izgatavots 4.6 un\u010du aizvietot\u0101js vienm\u0113r\u012bgai un uzticamai darb\u012bbai<\/p>\n","protected":false},"featured_media":76279,"template":"","meta":{"_acf_changed":false},"product_brand":[],"product_cat":[13776],"product_tag":[],"class_list":{"0":"post-83581","1":"product","2":"type-product","3":"status-publish","4":"has-post-thumbnail","6":"product_cat-sautenes-uzlabojumi","8":"first","9":"instock","10":"taxable","11":"shipping-taxable","12":"purchasable","13":"product-type-simple"},"acf":[],"_links":{"self":[{"href":"https:\/\/staging.nbg.eu\/lv\/wp-json\/wp\/v2\/product\/83581","targetHints":{"allow":["GET"]}}],"collection":[{"href":"https:\/\/staging.nbg.eu\/lv\/wp-json\/wp\/v2\/product"}],"about":[{"href":"https:\/\/staging.nbg.eu\/lv\/wp-json\/wp\/v2\/types\/product"}],"wp:featuredmedia":[{"embeddable":true,"href":"https:\/\/staging.nbg.eu\/lv\/wp-json\/wp\/v2\/media\/76279"}],"wp:attachment":[{"href":"https:\/\/staging.nbg.eu\/lv\/wp-json\/wp\/v2\/media?parent=83581"}],"wp:term":[{"taxonomy":"product_brand","embeddable":true,"href":"https:\/\/staging.nbg.eu\/lv\/wp-json\/wp\/v2\/product_brand?post=83581"},{"taxonomy":"product_cat","embeddable":true,"href":"https:\/\/staging.nbg.eu\/lv\/wp-json\/wp\/v2\/product_cat?post=83581"},{"taxonomy":"product_tag","embeddable":true,"href":"https:\/\/staging.nbg.eu\/lv\/wp-json\/wp\/v2\/product_tag?post=83581"}],"curies":[{"name":"wp","href":"https:\/\/api.w.org\/{rel}","templated":true}]}}