{"id":83559,"date":"2024-11-27T08:27:04","date_gmt":"2024-12-17T12:02:51","guid":{"rendered":"https:\/\/staging.nbg.eu\/product\/geissele-ak-trigger-enhanced-with-lightning-bow-akt-el\/"},"modified":"2024-12-17T12:04:56","modified_gmt":"2024-12-17T12:04:56","slug":"geissele-ak-atvilknis-uzlabots-ar-lightning-bow-akt-el","status":"publish","type":"product","link":"https:\/\/staging.nbg.eu\/lv\/product\/geissele-ak-atvilknis-uzlabots-ar-lightning-bow-akt-el\/","title":{"rendered":"Geissele AK Atvilknis Uzlabots ar Lightning Bow (AKT-EL)"},"content":{"rendered":"<div class=\"product-description\">\n<h2>Geissele AK m\u0113l\u012bte ar Lightning Bow (AKT-EL)<\/h2>\n<p>AK47\/AK74 \u0161au\u0161anas m\u0113l\u012bte (AKT-EL). \u0160\u012b vienpak\u0101pes m\u0113l\u012bte pied\u0101v\u0101:<\/p>\n<ul>\n<li>\u012as\u0101ku m\u0113l\u012btes g\u0101jienu<\/li>\n<li>Izgatavota no augstas kvalit\u0101tes t\u0113rauda sakaus\u0113juma<\/li>\n<li>Mang\u0101na fosf\u0101ta p\u0101rkl\u0101jums aizsardz\u012bbai pret koroziju<\/li>\n<li>Lightning Bow\u00ae dizains lab\u0101kai kontrolei<\/li>\n<li>Ra\u017eots ASV (North Wales, PA)<\/li>\n<li>Veicina 922(r) atbilst\u012bbu ar trim deta\u013c\u0101m<\/li>\n<\/ul>\n<p><strong>Piez\u012bme:<\/strong> Nav sader\u012bga ar 12. kalibra un 308 \/ 7.62x54r variantiem. Ieteicama profesion\u0101la uzst\u0101d\u012b\u0161ana.<\/p>\n<\/div>\n","protected":false},"excerpt":{"rendered":"<p>Uzlabots AK spr\u016bds ar Lightning Bow tehnolo\u0123iju vienm\u0113r\u012bg\u0101kam un \u012bs\u0101kam nospie\u0161anas g\u0101jienam.<\/p>\n","protected":false},"featured_media":82124,"template":"","meta":{"_acf_changed":false},"product_brand":[11383],"product_cat":[13761,13764,13776],"product_tag":[],"class_list":{"0":"post-83559","1":"product","2":"type-product","3":"status-publish","4":"has-post-thumbnail","6":"product_brand-geissele","7":"product_cat-ak-uzlabojumi","8":"product_cat-gailis","9":"product_cat-sautenes-uzlabojumi","11":"first","12":"instock","13":"taxable","14":"shipping-taxable","15":"product-type-simple"},"acf":[],"_links":{"self":[{"href":"https:\/\/staging.nbg.eu\/lv\/wp-json\/wp\/v2\/product\/83559","targetHints":{"allow":["GET"]}}],"collection":[{"href":"https:\/\/staging.nbg.eu\/lv\/wp-json\/wp\/v2\/product"}],"about":[{"href":"https:\/\/staging.nbg.eu\/lv\/wp-json\/wp\/v2\/types\/product"}],"wp:featuredmedia":[{"embeddable":true,"href":"https:\/\/staging.nbg.eu\/lv\/wp-json\/wp\/v2\/media\/82124"}],"wp:attachment":[{"href":"https:\/\/staging.nbg.eu\/lv\/wp-json\/wp\/v2\/media?parent=83559"}],"wp:term":[{"taxonomy":"product_brand","embeddable":true,"href":"https:\/\/staging.nbg.eu\/lv\/wp-json\/wp\/v2\/product_brand?post=83559"},{"taxonomy":"product_cat","embeddable":true,"href":"https:\/\/staging.nbg.eu\/lv\/wp-json\/wp\/v2\/product_cat?post=83559"},{"taxonomy":"product_tag","embeddable":true,"href":"https:\/\/staging.nbg.eu\/lv\/wp-json\/wp\/v2\/product_tag?post=83559"}],"curies":[{"name":"wp","href":"https:\/\/api.w.org\/{rel}","templated":true}]}}