{"id":83537,"date":"2024-11-27T07:42:23","date_gmt":"2024-11-27T07:42:23","guid":{"rendered":"https:\/\/staging.nbg.eu\/product\/geissele-30-round-6mm-arc-magazine-black\/"},"modified":"2024-12-17T11:54:46","modified_gmt":"2024-12-17T11:54:46","slug":"geissele-30-patronu-6mm-arc-magazina-melna","status":"publish","type":"product","link":"https:\/\/staging.nbg.eu\/lv\/product\/geissele-30-patronu-6mm-arc-magazina-melna\/","title":{"rendered":"Geissele 30 patronu 6mm ARC Magazina \u2013 Melna"},"content":{"rendered":"<h2>Geissele 30 aptveru 6mm ARC magaz\u012bna \u2013 Melna<\/h2>\n<p>Geissele 6mm ARC magaz\u012bna ir izstr\u0101d\u0101ta \u012bpa\u0161i 6mm ARC patronai, nodro\u0161inot konsekventu padevi un veiktsp\u0113ju. T\u0101 ir ra\u017eota ASV.<\/p>\n<h3>Galven\u0101s iez\u012bmes:<\/h3>\n<ul>\n<li>30 aptveru ietilp\u012bba<\/li>\n<li>Uzlabota viengabala konstrukcija<\/li>\n<li>L\u0101zermetin\u0101ta iztur\u012bbai<\/li>\n<li>410 ner\u016bs\u0113jo\u0161\u0101 t\u0113rauda korpuss ar melnu nitr\u012bda p\u0101rkl\u0101jumu<\/li>\n<li>Pretsv\u0101rst\u012bbu padeve vienm\u0113r\u012bgai darb\u012bbai<\/li>\n<li>Korozijiztur\u012bgs dizains<\/li>\n<li>Ner\u016bs\u0113jo\u0161\u0101 t\u0113rauda kvadr\u0101tveida atspere<\/li>\n<li>Kop\u0113jais garums: 8,1 collas<\/li>\n<\/ul>\n<p>\u0160\u012b magaz\u012bna apvieno in\u017eenieriju ar augstas kvalit\u0101tes materi\u0101liem. Paredz\u0113ta 6mm ARC \u0161au\u0161anai.<\/p>\n","protected":false},"excerpt":{"rendered":"<p>Iztur\u012bga 30 \u0161\u0101vienu 6mm ARC aptvere. Ner\u016bs\u0113jo\u0161ais t\u0113rauds, sl\u012bpuma nov\u0113r\u0161anas padeve.<\/p>\n","protected":false},"featured_media":81893,"template":"","meta":{"_acf_changed":false},"product_brand":[11383],"product_cat":[13827,13810],"product_tag":[],"class_list":{"0":"post-83537","1":"product","2":"type-product","3":"status-publish","4":"has-post-thumbnail","6":"product_brand-geissele","7":"product_cat-sautene","8":"product_cat-sautenes-zurnali","10":"first","11":"instock","12":"taxable","13":"shipping-taxable","14":"product-type-simple"},"acf":[],"_links":{"self":[{"href":"https:\/\/staging.nbg.eu\/lv\/wp-json\/wp\/v2\/product\/83537","targetHints":{"allow":["GET"]}}],"collection":[{"href":"https:\/\/staging.nbg.eu\/lv\/wp-json\/wp\/v2\/product"}],"about":[{"href":"https:\/\/staging.nbg.eu\/lv\/wp-json\/wp\/v2\/types\/product"}],"wp:featuredmedia":[{"embeddable":true,"href":"https:\/\/staging.nbg.eu\/lv\/wp-json\/wp\/v2\/media\/81893"}],"wp:attachment":[{"href":"https:\/\/staging.nbg.eu\/lv\/wp-json\/wp\/v2\/media?parent=83537"}],"wp:term":[{"taxonomy":"product_brand","embeddable":true,"href":"https:\/\/staging.nbg.eu\/lv\/wp-json\/wp\/v2\/product_brand?post=83537"},{"taxonomy":"product_cat","embeddable":true,"href":"https:\/\/staging.nbg.eu\/lv\/wp-json\/wp\/v2\/product_cat?post=83537"},{"taxonomy":"product_tag","embeddable":true,"href":"https:\/\/staging.nbg.eu\/lv\/wp-json\/wp\/v2\/product_tag?post=83537"}],"curies":[{"name":"wp","href":"https:\/\/api.w.org\/{rel}","templated":true}]}}