{"id":83489,"date":"2024-11-16T09:48:51","date_gmt":"2024-11-16T09:48:51","guid":{"rendered":"https:\/\/staging.nbg.eu\/product\/elcan-specterdr-1-5x-6x\/"},"modified":"2024-12-16T11:08:58","modified_gmt":"2024-12-16T11:08:58","slug":"elcan-specterdr-15x6x","status":"publish","type":"product","link":"https:\/\/staging.nbg.eu\/lv\/product\/elcan-specterdr-15x6x\/","title":{"rendered":"ELCAN SpecterDR 1.5x\/6x"},"content":{"rendered":"<div class=\"product-description\">\n<h2>ELCAN SpecterDR 1.5x\/6x Du\u0101l\u0101s lomas optiskais t\u0113meklis<\/h2>\n<p>ELCAN SpecterDR 1.5x\/6x ir du\u0101l\u0101s lomas optiskais t\u0113meklis taktiskaj\u0101m oper\u0101cij\u0101m. \u0160\u012b optika apvieno daudzpus\u012bbu, precizit\u0101ti un iztur\u012bbu.<\/p>\n<h2>Galven\u0101s funkcijas:<\/h2>\n<ul>\n<li>Du\u0101l\u0101 palielin\u0101juma: 1.5x tuvai c\u012b\u0146ai un 6x t\u0101lai iesaistei<\/li>\n<li>Optika ar pla\u0161u acu atstatumu<\/li>\n<li>\u0100tra palielin\u0101juma mai\u0146a ar sviru<\/li>\n<li>Integr\u0113tas Picatinny sliedes piederumiem<\/li>\n<li>CERAKOTE\u00ae p\u0101rkl\u0101jums meln\u0101 vai tum\u0161i br\u016bn\u0101 kr\u0101s\u0101<\/li>\n<li>Izgaismots t\u012bklojums ar izv\u0113lamu sarkano punktu<\/li>\n<li>Ar bateriju darbin\u0101ms LED apgaismojums ar vair\u0101kiem spilgtuma iestat\u012bjumiem<\/li>\n<li>Sader\u012bgs ar nakts redzam\u012bbas ier\u012bc\u0113m<\/li>\n<\/ul>\n<h2>T\u012bklojumi:<\/h2>\n<ul>\n<li>5.56 BDC t\u012bklojums<\/li>\n<li>7.62 BDC t\u012bklojums<\/li>\n<\/ul>\n<h2>Specifik\u0101cijas:<\/h2>\n<ul>\n<li>Garums: 183mm<\/li>\n<li>Platums: 69mm<\/li>\n<li>Augstums: 73mm<\/li>\n<li>Svars: 715g<\/li>\n<li>Redzam\u012bbas lauks: 16\u00b0 pie 1.5x, 4\u00b0 pie 6x<\/li>\n<li>Acu atstatums: 70mm<\/li>\n<li>Baterija: CR2032 (3v litija)<\/li>\n<li>Baterijas darb\u012bbas laiks: L\u012bdz 1730 stund\u0101m<\/li>\n<\/ul>\n<p>SpecterDR 1.5x\/6x ir piem\u0113rots \u0161au\u0161anai liel\u0101 att\u0101lum\u0101. Kodin\u0101ti stikla t\u012bklojumi nodro\u0161ina redzam\u012bbu ar\u012b bez str\u0101vas, bet ARMS sviras stiprin\u0101juma sist\u0113ma nodro\u0161ina dro\u0161u mont\u0101\u017eu uz Picatinny slied\u0113m.<\/p>\n<p>Pieejams papildu XOPTEK\u2122 mikro refleksa t\u0113meklis tuvai \u0161au\u0161anai.<\/p>\n<p>Pieejami 5.56 NATO (CX5455) vai 7.62 NATO (CX5456) t\u012bklojuma varianti. ELCAN SpecterDR 1.5x\/6x ir iztur\u012bgs pret triecieniem un piem\u0113rots lieto\u0161anai da\u017e\u0101dos laikapst\u0101k\u013cos.<\/p>\n<\/div>\n","protected":false},"excerpt":{"rendered":"<p>Div\u0113j\u0101das funkcijas optiskais t\u0113m\u0113klis ar 1,5x\/6x palielin\u0101jumu un skaidru optiku.<\/p>\n","protected":false},"featured_media":79089,"template":"","meta":{"_acf_changed":false},"product_brand":[11293],"product_cat":[13803,13771],"product_tag":[],"class_list":{"0":"post-83489","1":"product","2":"type-product","3":"status-publish","4":"has-post-thumbnail","6":"product_brand-elcan","7":"product_cat-merkesana","8":"product_cat-palielinosa-optika","10":"first","11":"outofstock","12":"taxable","13":"shipping-taxable","14":"purchasable","15":"product-type-simple"},"acf":[],"_links":{"self":[{"href":"https:\/\/staging.nbg.eu\/lv\/wp-json\/wp\/v2\/product\/83489","targetHints":{"allow":["GET"]}}],"collection":[{"href":"https:\/\/staging.nbg.eu\/lv\/wp-json\/wp\/v2\/product"}],"about":[{"href":"https:\/\/staging.nbg.eu\/lv\/wp-json\/wp\/v2\/types\/product"}],"wp:featuredmedia":[{"embeddable":true,"href":"https:\/\/staging.nbg.eu\/lv\/wp-json\/wp\/v2\/media\/79089"}],"wp:attachment":[{"href":"https:\/\/staging.nbg.eu\/lv\/wp-json\/wp\/v2\/media?parent=83489"}],"wp:term":[{"taxonomy":"product_brand","embeddable":true,"href":"https:\/\/staging.nbg.eu\/lv\/wp-json\/wp\/v2\/product_brand?post=83489"},{"taxonomy":"product_cat","embeddable":true,"href":"https:\/\/staging.nbg.eu\/lv\/wp-json\/wp\/v2\/product_cat?post=83489"},{"taxonomy":"product_tag","embeddable":true,"href":"https:\/\/staging.nbg.eu\/lv\/wp-json\/wp\/v2\/product_tag?post=83489"}],"curies":[{"name":"wp","href":"https:\/\/api.w.org\/{rel}","templated":true}]}}