{"id":83445,"date":"2024-11-16T09:53:46","date_gmt":"2024-12-16T10:51:10","guid":{"rendered":"https:\/\/staging.nbg.eu\/product\/elcan-specterdr-1x-4x\/"},"modified":"2024-12-16T10:53:35","modified_gmt":"2024-12-16T10:53:35","slug":"elcan-specterdr-1x4x","status":"publish","type":"product","link":"https:\/\/staging.nbg.eu\/lv\/product\/elcan-specterdr-1x4x\/","title":{"rendered":"ELCAN SpecterDR 1x\/4x"},"content":{"rendered":"<h2>ELCAN SpecterDR 1x\/4x Du\u0101l\u0101s lomas optiskais t\u0113m\u0113klis<\/h2>\n<p>ELCAN SpecterDR 1x\/4x 2024. gada modelis &#8211; du\u0101l\u0101 redzes lauka optiskais t\u0113m\u0113klis.<\/p>\n<h2>Galven\u0101s \u012bpa\u0161\u012bbas:<\/h2>\n<ul>\n<li>Integr\u0113tas Picatinny sliedes<\/li>\n<li>Abpus\u0113jas palielin\u0101juma p\u0101rsl\u0113g\u0161anas sviras<\/li>\n<li>Uzlaboti bateriju v\u0101ci\u0146i<\/li>\n<li>CERAKOTE\u00ae apdare meln\u0101 vai tum\u0161i br\u016bn\u0101 kr\u0101s\u0101 (FDE)<\/li>\n<li>T\u016bl\u012bt\u0113ja p\u0101rsl\u0113g\u0161an\u0101s starp 4x palielin\u0101jumu un 1x tuv\u0101s distances t\u0113m\u0113kli<\/li>\n<li>Optimiz\u0113ts optiskais ce\u013c\u0161 un vien\u0101ds acs att\u0101lums abos re\u017e\u012bmos<\/li>\n<li>Izgaismots t\u0113meklis vai sarkans punkts centr\u0101<\/li>\n<li>Pla\u0161s redzes lauks 1x re\u017e\u012bm\u0101<\/li>\n<li>Skaidrs att\u0113ls 4x re\u017e\u012bm\u0101<\/li>\n<\/ul>\n<h2>T\u0113mek\u013ci:<\/h2>\n<ul>\n<li>5.56 (CX5395)<\/li>\n<li>7.62 (CX5396)<\/li>\n<\/ul>\n<h2>Tehnisk\u0101 specifik\u0101cija:<\/h2>\n<ul>\n<li>Palielin\u0101jums: 4x \/ 1x<\/li>\n<li>Izm\u0113ri: 153mm x 68mm x 72mm (nomin\u0101lais)<\/li>\n<li>Svars: 655g (nomin\u0101lais)<\/li>\n<li>T\u0113meklis: Du\u0101la biezuma balistiskais t\u0113meklis ar izv\u0113lamu sarkano punktu<\/li>\n<li>Redzes lauks: 26\u00b0 @ 1x, 6.5\u00b0 @ 4x<\/li>\n<li>Acs att\u0101lums: 70mm<\/li>\n<li>Baterija: CR2032 (3v litija)<\/li>\n<li>Baterijas darb\u012bbas laiks: L\u012bdz 1730 stund\u0101m<\/li>\n<li>Regul\u0113\u0161anas diapazons: 120 le\u0146\u0137a min\u016btes<\/li>\n<\/ul>\n<h2>Papildu XOPTEK\u2122 Mikro refleksa t\u0113m\u0113klis<\/h2>\n<p>XOPTEK\u2122 Mikro refleksa t\u0113m\u0113klis ir viegls \u0101tr\u0101s t\u0113m\u0113\u0161anas ier\u012bce tuviem un vid\u0113jiem m\u0113r\u0137iem.<\/p>\n<p>ELCAN SpecterDR 1x\/4x ir izstr\u0101d\u0101ts, lai iztur\u0113tu m\u016bsdienu profesion\u0101lo lieto\u0161anu, pied\u0101v\u0101jot risin\u0101jumu gan vid\u0113ja att\u0101luma, gan tuv\u0101s distances m\u0113r\u0137iem.<\/p>\n","protected":false},"excerpt":{"rendered":"<p>ELCAN SpecterDR 1x\/4x: Div\u0113j\u0101das lomas t\u0113m\u0113klis ar t\u016bl\u012bt\u0113ju palielin\u0101juma p\u0101rsl\u0113g\u0161anu.<\/p>\n","protected":false},"featured_media":79343,"template":"","meta":{"_acf_changed":false},"product_brand":[],"product_cat":[13803,13771],"product_tag":[],"class_list":{"0":"post-83445","1":"product","2":"type-product","3":"status-publish","4":"has-post-thumbnail","6":"product_cat-merkesana","7":"product_cat-palielinosa-optika","9":"first","10":"instock","11":"taxable","12":"shipping-taxable","13":"purchasable","14":"product-type-variable","15":"wvs-archive-product-wrapper"},"acf":[],"_links":{"self":[{"href":"https:\/\/staging.nbg.eu\/lv\/wp-json\/wp\/v2\/product\/83445","targetHints":{"allow":["GET"]}}],"collection":[{"href":"https:\/\/staging.nbg.eu\/lv\/wp-json\/wp\/v2\/product"}],"about":[{"href":"https:\/\/staging.nbg.eu\/lv\/wp-json\/wp\/v2\/types\/product"}],"wp:featuredmedia":[{"embeddable":true,"href":"https:\/\/staging.nbg.eu\/lv\/wp-json\/wp\/v2\/media\/79343"}],"wp:attachment":[{"href":"https:\/\/staging.nbg.eu\/lv\/wp-json\/wp\/v2\/media?parent=83445"}],"wp:term":[{"taxonomy":"product_brand","embeddable":true,"href":"https:\/\/staging.nbg.eu\/lv\/wp-json\/wp\/v2\/product_brand?post=83445"},{"taxonomy":"product_cat","embeddable":true,"href":"https:\/\/staging.nbg.eu\/lv\/wp-json\/wp\/v2\/product_cat?post=83445"},{"taxonomy":"product_tag","embeddable":true,"href":"https:\/\/staging.nbg.eu\/lv\/wp-json\/wp\/v2\/product_tag?post=83445"}],"curies":[{"name":"wp","href":"https:\/\/api.w.org\/{rel}","templated":true}]}}