{"id":83379,"date":"2024-11-01T13:52:15","date_gmt":"2024-11-01T13:52:15","guid":{"rendered":"https:\/\/staging.nbg.eu\/product\/daa-target-bag-classic-ipsc-target\/"},"modified":"2024-12-16T09:55:46","modified_gmt":"2024-12-16T09:55:46","slug":"daa-merkja-soma-klasiskais-ipsc-merkis","status":"publish","type":"product","link":"https:\/\/staging.nbg.eu\/lv\/product\/daa-merkja-soma-klasiskais-ipsc-merkis\/","title":{"rendered":"DAA Merkja Soma, Klasiskais (IPSC) merkis"},"content":{"rendered":"<h2>DAA m\u0113r\u0137u soma, klasisk\u0101 (IPSC)<\/h2>\n<p>DAA m\u0113r\u0137u soma satur:<\/p>\n<ul>\n<li>D6000 tekstila konstrukcija<\/li>\n<li>Galvenaj\u0101 nodal\u012bjum\u0101 ietilpst 20+ pilna izm\u0113ra klasiskos IPSC m\u0113r\u0137us<\/li>\n<li>Tr\u012bs \u0101r\u0113j\u0101s kabatas:\n<ul>\n<li>Kabata \u0101trai m\u0113r\u0137u l\u0101p\u012bt\u0101jam<\/li>\n<li>Kabata skavot\u0101jam<\/li>\n<li>Visp\u0101r\u0113ja kabata lentei, skav\u0101m un instrumentiem<\/li>\n<\/ul>\n<\/li>\n<li>Divas piel\u0101gojamas siksnas met\u0101la m\u0113r\u0137u \u0101\u0137iem<\/li>\n<li>Plecu siksna un polster\u0113ts rokturis<\/li>\n<\/ul>\n<p>Organiz\u0113jiet visas ar m\u0113r\u0137iem saist\u012bt\u0101s lietas vien\u0101 som\u0101. Atbr\u012bvojiet rokas \u0161au\u0161anas som\u0101m un mun\u012bcijai.<\/p>\n","protected":false},"excerpt":{"rendered":"<p>DAA m\u0113r\u0137u soma: \u0112rti organiz\u0113jiet un p\u0101rn\u0113s\u0101jiet IPSC m\u0113r\u0137us.<\/p>\n","protected":false},"featured_media":76232,"template":"","meta":{"_acf_changed":false},"product_brand":[11271],"product_cat":[13794,13840],"product_tag":[],"class_list":{"0":"post-83379","1":"product","2":"type-product","3":"status-publish","4":"has-post-thumbnail","6":"product_brand-doublealpha","7":"product_cat-ekipejums","8":"product_cat-sausanas-somas","10":"first","11":"outofstock","12":"taxable","13":"shipping-taxable","14":"purchasable","15":"product-type-simple"},"acf":[],"_links":{"self":[{"href":"https:\/\/staging.nbg.eu\/lv\/wp-json\/wp\/v2\/product\/83379","targetHints":{"allow":["GET"]}}],"collection":[{"href":"https:\/\/staging.nbg.eu\/lv\/wp-json\/wp\/v2\/product"}],"about":[{"href":"https:\/\/staging.nbg.eu\/lv\/wp-json\/wp\/v2\/types\/product"}],"wp:featuredmedia":[{"embeddable":true,"href":"https:\/\/staging.nbg.eu\/lv\/wp-json\/wp\/v2\/media\/76232"}],"wp:attachment":[{"href":"https:\/\/staging.nbg.eu\/lv\/wp-json\/wp\/v2\/media?parent=83379"}],"wp:term":[{"taxonomy":"product_brand","embeddable":true,"href":"https:\/\/staging.nbg.eu\/lv\/wp-json\/wp\/v2\/product_brand?post=83379"},{"taxonomy":"product_cat","embeddable":true,"href":"https:\/\/staging.nbg.eu\/lv\/wp-json\/wp\/v2\/product_cat?post=83379"},{"taxonomy":"product_tag","embeddable":true,"href":"https:\/\/staging.nbg.eu\/lv\/wp-json\/wp\/v2\/product_tag?post=83379"}],"curies":[{"name":"wp","href":"https:\/\/api.w.org\/{rel}","templated":true}]}}