{"id":78602,"date":"2024-01-30T18:15:03","date_gmt":"2024-01-30T18:15:03","guid":{"rendered":"https:\/\/staging.nbg.eu\/product\/kmr-w-02-umbra-x\/"},"modified":"2025-02-19T16:16:17","modified_gmt":"2025-02-19T16:16:17","slug":"kmr-w-02-umbra-x","status":"publish","type":"product","link":"https:\/\/staging.nbg.eu\/lv\/product\/kmr-w-02-umbra-x\/","title":{"rendered":"KMR W-02 Umbra X"},"content":{"rendered":"<div class=\"product-description\">\n<h2>KMR W-02 Umbra X: IDPA Div\u012bzijas<\/h2>\n<p>KMR W-02 Umbra X ir viegla, bet jaud\u012bga pistole, kas paredz\u0113ta sporta un hobija \u0161au\u0161anas entuziastiem. Piem\u0113rota svara ierobe\u017eojumu discipl\u012bn\u0101m, piem\u0113ram, IDPA, \u0161is kompaktais ierocis nodro\u0161ina labu veiktsp\u0113ju un precizit\u0101ti.<\/p>\n<h2>Galven\u0101s iez\u012bmes:<\/h2>\n<ul>\n<li>4,5&#8243; smags, rievots, nitrid\u0113ts stobrs ar BRS (stobra stabiliz\u0101cijas sist\u0113mu)<\/li>\n<li>Optisko t\u0113mek\u013cu saskarnes (OR) gatav\u012bba piel\u0101go\u0161anai<\/li>\n<li>CNC apstr\u0101d\u0101ts t\u0113rauda r\u0101mis iztur\u012bbai<\/li>\n<li>SA\/DA spr\u016bda meh\u0101nisms ar \u012bsu atiestat\u012b\u0161anu<\/li>\n<li>16+1 patronu aptveres ietilp\u012bba<\/li>\n<li>WAVES duralum\u012bnija rokturi tum\u0161i sarkan\u0101 kr\u0101s\u0101<\/li>\n<li>Regul\u0113jama duralum\u012bnija aptveres atbr\u012bvo\u0161anas poga<\/li>\n<li>\u0160\u0137iedru optiskais priek\u0161\u0113jais t\u0113meklis (1 mm) un regul\u0113jams OR aizmugur\u0113jais t\u0113meklis<\/li>\n<li>Nitrid\u0113ts r\u0101mis un sl\u012bdnis meln\u0101 kr\u0101s\u0101<\/li>\n<\/ul>\n<h2>Specifik\u0101cijas:<\/h2>\n<ul>\n<li>Kalibrs: 9&#215;19, 9&#215;21<\/li>\n<li>Kop\u0113jais garums: 208 mm (8,2 collas)<\/li>\n<li>Stobra garums: 114 mm (4,5 collas)<\/li>\n<li>Svars ar tuk\u0161u aptveri: 1210 g (43 unces)<\/li>\n<li>Spr\u016bda vilkme: 17,5 N (SA) \/ 45 N (DA)<\/li>\n<\/ul>\n<p>KMR W-02 Umbra X ir apr\u012bkots ar KMR piederumiem. \u0160\u012b pistole pied\u0101v\u0101 jaudas un precizit\u0101tes l\u012bdzsvaru.<\/p>\n<p>Komplekt\u0101 ietilpst: 3 aptveres, KMR pistoles futr\u0101lis, t\u012br\u012b\u0161anas komplekts, KMR e\u013c\u013ca, BRS mont\u0101\u017eas adapteris, aizmugur\u0113j\u0101 t\u0113mek\u013ca regul\u0113\u0161anas uzgrie\u017e\u0146u atsl\u0113ga, lietot\u0101ja rokasgr\u0101mata un garantijas karte.<\/p>\n<p><strong>KMR W-02 Umbra X \u2013 \u0161au\u0161anas precizit\u0101tei.<\/strong><\/p>\n<\/div>\n","protected":false},"excerpt":{"rendered":"<p>I apologize, but there is no product description provided in your message for me to translate. Could you please share the specific product description you&#8217;d like translated to Latvian? Once you provide the text, I&#8217;ll be happy to translate it for you.<\/p>\n","protected":false},"featured_media":76068,"template":"","meta":{"_acf_changed":false},"product_brand":[11512],"product_cat":[13784,13774],"product_tag":[],"class_list":{"0":"post-78602","1":"product","2":"type-product","3":"status-publish","4":"has-post-thumbnail","6":"product_brand-kmr-precision","7":"product_cat-pistole","8":"product_cat-pistoles","10":"first","11":"outofstock","12":"taxable","13":"shipping-taxable","14":"product-type-simple"},"acf":[],"_links":{"self":[{"href":"https:\/\/staging.nbg.eu\/lv\/wp-json\/wp\/v2\/product\/78602","targetHints":{"allow":["GET"]}}],"collection":[{"href":"https:\/\/staging.nbg.eu\/lv\/wp-json\/wp\/v2\/product"}],"about":[{"href":"https:\/\/staging.nbg.eu\/lv\/wp-json\/wp\/v2\/types\/product"}],"wp:featuredmedia":[{"embeddable":true,"href":"https:\/\/staging.nbg.eu\/lv\/wp-json\/wp\/v2\/media\/76068"}],"wp:attachment":[{"href":"https:\/\/staging.nbg.eu\/lv\/wp-json\/wp\/v2\/media?parent=78602"}],"wp:term":[{"taxonomy":"product_brand","embeddable":true,"href":"https:\/\/staging.nbg.eu\/lv\/wp-json\/wp\/v2\/product_brand?post=78602"},{"taxonomy":"product_cat","embeddable":true,"href":"https:\/\/staging.nbg.eu\/lv\/wp-json\/wp\/v2\/product_cat?post=78602"},{"taxonomy":"product_tag","embeddable":true,"href":"https:\/\/staging.nbg.eu\/lv\/wp-json\/wp\/v2\/product_tag?post=78602"}],"curies":[{"name":"wp","href":"https:\/\/api.w.org\/{rel}","templated":true}]}}