{"id":75332,"date":"2024-10-30T20:07:58","date_gmt":"2024-10-30T20:07:58","guid":{"rendered":"https:\/\/staging.nbg.eu\/product\/daa-hard-case-large-430\/"},"modified":"2024-11-01T09:07:56","modified_gmt":"2024-11-01T09:07:56","slug":"daa-cietais-koferis-large-430","status":"publish","type":"product","link":"https:\/\/staging.nbg.eu\/lv\/product\/daa-cietais-koferis-large-430\/","title":{"rendered":"DAA cietais koferis Large-430"},"content":{"rendered":"<div class=\"product-description\">\n<h2>DAA Cietais Koferis Liels-430<\/h2>\n<p>IP67 sertific\u0113tais DAA Cietais Koferis Liels-430 nodro\u0161ina aizsardz\u012bbu j\u016bsu v\u0113rt\u012bgaj\u0101m mant\u0101m. Piem\u0113rots \u0161aujamiero\u010diem, fotogr\u0101fijas apr\u012bkojumam, j\u016bras apr\u012bkojumam un citiem priek\u0161metiem.<\/p>\n<ul>\n<li>\u016adensnecaurlaid\u012bgs bl\u012bv\u0113jums un autom\u0101tiskais spiediena izl\u012bdzin\u0101\u0161anas v\u0101rsts<\/li>\n<li>Viegli atverami dubultie aizvari un caurumi piekaramaj\u0101m sl\u0113dzen\u0113m<\/li>\n<li>Sakraujama blo\u0137\u0113\u0161anas sist\u0113ma ar papildu stiprin\u0101juma punktiem<\/li>\n<li>Iek\u013cauts 4 da\u013cu putu komplekts piel\u0101gojamam iek\u0161\u0113jam izk\u0101rtojumam<\/li>\n<li>Pieejams meln\u0101 vai oran\u017e\u0101 kr\u0101s\u0101<\/li>\n<\/ul>\n<p>\u0100r\u0113jie izm\u0113ri: 464 x 366 x 176 mm (18,27 x 14,41 x 6,93 collas)<br \/>\n  Iek\u0161\u0113jie izm\u0113ri: 426 x 290 x 159 mm (16,77 x 11,41 x 6,26 collas)<br \/>\n  Svars: 3,1 kg<\/p>\n<\/div>\n","protected":false},"excerpt":{"rendered":"<p>Iztur\u012bgs, \u016bdensnecaurlaid\u012bgs futr\u0101lis v\u0113rt\u012bgam apr\u012bkojumam. IP67 sertific\u0113ts, daudzpus\u012bgs.<\/p>\n","protected":false},"featured_media":74474,"template":"","meta":{"_acf_changed":false},"product_brand":[11271],"product_cat":[13794,13816],"product_tag":[],"class_list":{"0":"post-75332","1":"product","2":"type-product","3":"status-publish","4":"has-post-thumbnail","6":"product_brand-doublealpha","7":"product_cat-ekipejums","8":"product_cat-parnesasanas-somas","10":"first","11":"outofstock","12":"taxable","13":"shipping-taxable","14":"purchasable","15":"product-type-simple"},"acf":[],"_links":{"self":[{"href":"https:\/\/staging.nbg.eu\/lv\/wp-json\/wp\/v2\/product\/75332","targetHints":{"allow":["GET"]}}],"collection":[{"href":"https:\/\/staging.nbg.eu\/lv\/wp-json\/wp\/v2\/product"}],"about":[{"href":"https:\/\/staging.nbg.eu\/lv\/wp-json\/wp\/v2\/types\/product"}],"wp:featuredmedia":[{"embeddable":true,"href":"https:\/\/staging.nbg.eu\/lv\/wp-json\/wp\/v2\/media\/74474"}],"wp:attachment":[{"href":"https:\/\/staging.nbg.eu\/lv\/wp-json\/wp\/v2\/media?parent=75332"}],"wp:term":[{"taxonomy":"product_brand","embeddable":true,"href":"https:\/\/staging.nbg.eu\/lv\/wp-json\/wp\/v2\/product_brand?post=75332"},{"taxonomy":"product_cat","embeddable":true,"href":"https:\/\/staging.nbg.eu\/lv\/wp-json\/wp\/v2\/product_cat?post=75332"},{"taxonomy":"product_tag","embeddable":true,"href":"https:\/\/staging.nbg.eu\/lv\/wp-json\/wp\/v2\/product_tag?post=75332"}],"curies":[{"name":"wp","href":"https:\/\/api.w.org\/{rel}","templated":true}]}}