{"id":75310,"date":"2024-10-30T20:55:00","date_gmt":"2024-11-01T09:04:58","guid":{"rendered":"https:\/\/staging.nbg.eu\/product\/daa-hard-case-xl-505\/"},"modified":"2024-11-01T09:06:44","modified_gmt":"2024-11-01T09:06:44","slug":"daa-cietais-koferis-xl-505","status":"publish","type":"product","link":"https:\/\/staging.nbg.eu\/lv\/product\/daa-cietais-koferis-xl-505\/","title":{"rendered":"DAA cietais koferis XL-505"},"content":{"rendered":"<div class=\"product-description\">\n<h2>DAA Cietais Koferis XL-505<\/h2>\n<p>IP67 sertific\u0113tais DAA Cietais Koferis XL-505 nodro\u0161ina aizsardz\u012bbu j\u016bsu v\u0113rt\u012bgaj\u0101m liet\u0101m. Piem\u0113rots \u0161aujamiero\u010diem, fotogr\u0101fijas apr\u012bkojumam, j\u016bras apr\u012bkojumam un citam. \u0160is koferis ir izstr\u0101d\u0101ts, lai iztur\u0113tu sare\u017e\u0123\u012btus apst\u0101k\u013cus.<\/p>\n<ul>\n<li>\u016adensiztur\u012bgs un putek\u013cu necaurlaid\u012bgs dizains<\/li>\n<li>Triecieniztur\u012bga konstrukcija<\/li>\n<li>Autom\u0101tisks spiediena izl\u012bdzin\u0101\u0161anas v\u0101rsts<\/li>\n<li>\u010cetras viegli atveramas dubult\u0101s sl\u0113dzenes<\/li>\n<li>M\u012bksts rokturis un divas sl\u0113dze\u0146u atveres<\/li>\n<li>Sakraujama savieno\u0161anas sist\u0113ma<\/li>\n<li>Piel\u0101gojams putu iek\u0161\u0113jais sl\u0101nis<\/li>\n<\/ul>\n<p>Pieejams meln\u0101 vai oran\u017e\u0101 kr\u0101s\u0101, XL-505 \u0101r\u0113jie izm\u0113ri ir 555 x 428 x 211 mm, un tas sver 4,1 kg. Ar savu daudzpus\u012bgo dizainu un funkcij\u0101m, \u0161is koferis ir risin\u0101jums j\u016bsu apr\u012bkojuma aizsardz\u012bbai jebkur\u0101 vid\u0113.<\/p>\n<\/div>\n","protected":false},"excerpt":{"rendered":"<p>Iztur\u012bgs, \u016bdensiztur\u012bgs futr\u0101lis v\u0113rt\u012bgam apr\u012bkojumam. Piel\u0101gojams putu iek\u0161\u0113jais sl\u0101nis.<\/p>\n","protected":false},"featured_media":74705,"template":"","meta":{"_acf_changed":false},"product_brand":[11271],"product_cat":[13794,13816],"product_tag":[],"class_list":{"0":"post-75310","1":"product","2":"type-product","3":"status-publish","4":"has-post-thumbnail","6":"product_brand-doublealpha","7":"product_cat-ekipejums","8":"product_cat-parnesasanas-somas","10":"first","11":"instock","12":"taxable","13":"shipping-taxable","14":"purchasable","15":"product-type-simple"},"acf":[],"_links":{"self":[{"href":"https:\/\/staging.nbg.eu\/lv\/wp-json\/wp\/v2\/product\/75310","targetHints":{"allow":["GET"]}}],"collection":[{"href":"https:\/\/staging.nbg.eu\/lv\/wp-json\/wp\/v2\/product"}],"about":[{"href":"https:\/\/staging.nbg.eu\/lv\/wp-json\/wp\/v2\/types\/product"}],"wp:featuredmedia":[{"embeddable":true,"href":"https:\/\/staging.nbg.eu\/lv\/wp-json\/wp\/v2\/media\/74705"}],"wp:attachment":[{"href":"https:\/\/staging.nbg.eu\/lv\/wp-json\/wp\/v2\/media?parent=75310"}],"wp:term":[{"taxonomy":"product_brand","embeddable":true,"href":"https:\/\/staging.nbg.eu\/lv\/wp-json\/wp\/v2\/product_brand?post=75310"},{"taxonomy":"product_cat","embeddable":true,"href":"https:\/\/staging.nbg.eu\/lv\/wp-json\/wp\/v2\/product_cat?post=75310"},{"taxonomy":"product_tag","embeddable":true,"href":"https:\/\/staging.nbg.eu\/lv\/wp-json\/wp\/v2\/product_tag?post=75310"}],"curies":[{"name":"wp","href":"https:\/\/api.w.org\/{rel}","templated":true}]}}