{"id":74927,"date":"2024-10-21T09:31:15","date_gmt":"2024-10-31T11:15:40","guid":{"rendered":"https:\/\/staging.nbg.eu\/product\/grips-kmr-s-dotmatrix-ergo-silver\/"},"modified":"2024-10-31T11:17:18","modified_gmt":"2024-10-31T11:17:18","slug":"rokturi-kmr-s-dotmatrix-ergo-sudrabs","status":"publish","type":"product","link":"https:\/\/staging.nbg.eu\/lv\/product\/rokturi-kmr-s-dotmatrix-ergo-sudrabs\/","title":{"rendered":"ROKTURI KMR S DotMatrix &#8211; Ergo sudrabs"},"content":{"rendered":"<h2>GRIPS KMR S DotMatrix &#8211; Ergo Sudraba<\/h2>\n<p>KMR S-02 pistoles rokturi. Izgatavoti no anod\u0113ta duralum\u012bnija, \u0161ie garie rokturi ir ergonomiski veidoti un ar golfa bumbas rakstu lab\u0101kai satverei un kontrolei.<\/p>\n<ul>\n<li>Sader\u012bgi tikai ar KMR S-02 r\u0101mi (26mm plats)<\/li>\n<li>Anod\u0113ta duralum\u012bnija konstrukcija<\/li>\n<li>Ergonomisks dizains<\/li>\n<li>Golfa bumbas raksta tekst\u016bra lab\u0101kai satverei<\/li>\n<li>Sudraba apdare ar KMR logotipu<\/li>\n<li>Iek\u013cautas torx skr\u016bves uzst\u0101d\u012b\u0161anai<\/li>\n<\/ul>\n<p>Rokturi paredz\u0113ti KMR S-02 .22 LR pistolei. Nav sader\u012bgi ar W-02 vai L-02 r\u0101mju izm\u0113riem.<\/p>\n<dl class=\"data-sheet\">\n<dt class=\"name\">KMR iero\u010diem<\/dt>\n<dd class=\"value\">KMR S-01 LANCE (OR)<br \/>\nKMR S-02 L\u012aDZ 2023<\/dd>\n<dt class=\"name\">CZ iero\u010diem<\/dt>\n<dd class=\"value\">CZ SHADOW 1<br \/>\nCZ SHADOW 2<br \/>\nCZ SHADOW 2 (OR)<br \/>\nCZ SP-01<\/dd>\n<\/dl>\n","protected":false},"excerpt":{"rendered":"<p>Ergonomiski sudraba rokturi KMR S-02 pistol\u0113m.<br \/>\n0611-03001-0102<\/p>\n","protected":false},"featured_media":73849,"template":"","meta":{"_acf_changed":false},"product_brand":[11512],"product_cat":[13779],"product_tag":[],"class_list":{"0":"post-74927","1":"product","2":"type-product","3":"status-publish","4":"has-post-thumbnail","6":"product_brand-kmr-precision","7":"product_cat-kmr-detalas","9":"first","10":"instock","11":"taxable","12":"shipping-taxable","13":"purchasable","14":"product-type-simple"},"acf":[],"_links":{"self":[{"href":"https:\/\/staging.nbg.eu\/lv\/wp-json\/wp\/v2\/product\/74927","targetHints":{"allow":["GET"]}}],"collection":[{"href":"https:\/\/staging.nbg.eu\/lv\/wp-json\/wp\/v2\/product"}],"about":[{"href":"https:\/\/staging.nbg.eu\/lv\/wp-json\/wp\/v2\/types\/product"}],"wp:featuredmedia":[{"embeddable":true,"href":"https:\/\/staging.nbg.eu\/lv\/wp-json\/wp\/v2\/media\/73849"}],"wp:attachment":[{"href":"https:\/\/staging.nbg.eu\/lv\/wp-json\/wp\/v2\/media?parent=74927"}],"wp:term":[{"taxonomy":"product_brand","embeddable":true,"href":"https:\/\/staging.nbg.eu\/lv\/wp-json\/wp\/v2\/product_brand?post=74927"},{"taxonomy":"product_cat","embeddable":true,"href":"https:\/\/staging.nbg.eu\/lv\/wp-json\/wp\/v2\/product_cat?post=74927"},{"taxonomy":"product_tag","embeddable":true,"href":"https:\/\/staging.nbg.eu\/lv\/wp-json\/wp\/v2\/product_tag?post=74927"}],"curies":[{"name":"wp","href":"https:\/\/api.w.org\/{rel}","templated":true}]}}