{"id":74839,"date":"2024-10-21T09:33:36","date_gmt":"2024-10-31T10:58:53","guid":{"rendered":"https:\/\/staging.nbg.eu\/product\/grips-kmr-s-dotmatrix-silver\/"},"modified":"2024-10-31T11:00:32","modified_gmt":"2024-10-31T11:00:32","slug":"rokturi-kmr-s-dotmatrix-sudrabs","status":"publish","type":"product","link":"https:\/\/staging.nbg.eu\/lv\/product\/rokturi-kmr-s-dotmatrix-sudrabs\/","title":{"rendered":"ROKTURI KMR S DotMatrix &#8211; sudrabs"},"content":{"rendered":"<div class=\"product-description\">\n<h2>GRIPS KMR S DotMatrix &#8211; Sudraba<\/h2>\n<p>GRIPS KMR S DotMatrix sudraba kr\u0101s\u0101. \u0160ie garie rokturi ir izgatavoti no anod\u0113ta duralum\u012bnija ar golfa bumbi\u0146as raksta tekst\u016bru lab\u0101kai satverei.<\/p>\n<ul>\n<li>Paredz\u0113ti KMR S-02 mode\u013ciem ar 26mm platiem alum\u012bnija r\u0101mjiem<\/li>\n<li>Tekst\u016bra nodro\u0161ina stabilu satveri<\/li>\n<li>Piem\u0113roti eso\u0161o pisto\u013cu uzlabo\u0161anai vai sacens\u012bbu iero\u010du b\u016bv\u0113\u0161anai<\/li>\n<li>Nav magaz\u012bnas vadotnes<\/li>\n<li>Komplekt\u0101 ietilpst torx skr\u016bves uzst\u0101d\u012b\u0161anai<\/li>\n<li>Ar KMR logotipu<\/li>\n<\/ul>\n<p>Piez\u012bme: \u0160ie rokturi ir sader\u012bgi tikai ar KMR S-02 r\u0101mja izm\u0113riem un nav savietojami ar W-02 vai L-02 mode\u013ciem. Pirms uzst\u0101d\u012b\u0161anas p\u0101rbaudiet iek\u0161\u0113jo mar\u0137\u0113jumu (S), lai nodro\u0161in\u0101tu pareizu sader\u012bbu.<\/p>\n<\/div>\n<dl class=\"data-sheet\">\n<dt class=\"name\">Iero\u010diem KMR<\/dt>\n<dd class=\"value\">KMR S-01 LANCE (OR)<br \/>\nKMR S-02 L\u012aDZ 2023<\/dd>\n<dt class=\"name\">Iero\u010diem CZ<\/dt>\n<dd class=\"value\">CZ SHADOW 1<br \/>\nCZ SHADOW 2<br \/>\nCZ SHADOW 2 (OR)<br \/>\nCZ SP-01<\/dd>\n<\/dl>\n","protected":false},"excerpt":{"rendered":"<p>Iztur\u012bgi sudraba rokturi ar agres\u012bvu tekst\u016bru dro\u0161ai satver\u0161anai.<br \/>\n 0611-02801-0102<\/p>\n","protected":false},"featured_media":73873,"template":"","meta":{"_acf_changed":false},"product_brand":[11512],"product_cat":[369],"product_tag":[],"class_list":{"0":"post-74839","1":"product","2":"type-product","3":"status-publish","4":"has-post-thumbnail","6":"product_brand-kmr-precision","7":"product_cat-uncategorized","9":"first","10":"instock","11":"taxable","12":"shipping-taxable","13":"purchasable","14":"product-type-simple"},"acf":[],"_links":{"self":[{"href":"https:\/\/staging.nbg.eu\/lv\/wp-json\/wp\/v2\/product\/74839","targetHints":{"allow":["GET"]}}],"collection":[{"href":"https:\/\/staging.nbg.eu\/lv\/wp-json\/wp\/v2\/product"}],"about":[{"href":"https:\/\/staging.nbg.eu\/lv\/wp-json\/wp\/v2\/types\/product"}],"wp:featuredmedia":[{"embeddable":true,"href":"https:\/\/staging.nbg.eu\/lv\/wp-json\/wp\/v2\/media\/73873"}],"wp:attachment":[{"href":"https:\/\/staging.nbg.eu\/lv\/wp-json\/wp\/v2\/media?parent=74839"}],"wp:term":[{"taxonomy":"product_brand","embeddable":true,"href":"https:\/\/staging.nbg.eu\/lv\/wp-json\/wp\/v2\/product_brand?post=74839"},{"taxonomy":"product_cat","embeddable":true,"href":"https:\/\/staging.nbg.eu\/lv\/wp-json\/wp\/v2\/product_cat?post=74839"},{"taxonomy":"product_tag","embeddable":true,"href":"https:\/\/staging.nbg.eu\/lv\/wp-json\/wp\/v2\/product_tag?post=74839"}],"curies":[{"name":"wp","href":"https:\/\/api.w.org\/{rel}","templated":true}]}}