{"id":74817,"date":"2024-10-21T09:29:53","date_gmt":"2024-10-31T10:55:23","guid":{"rendered":"https:\/\/staging.nbg.eu\/product\/grips-kmr-s-dotmatrix-black\/"},"modified":"2024-10-31T10:57:01","modified_gmt":"2024-10-31T10:57:01","slug":"rokturi-kmr-s-dotmatrix-melns","status":"publish","type":"product","link":"https:\/\/staging.nbg.eu\/lv\/product\/rokturi-kmr-s-dotmatrix-melns\/","title":{"rendered":"ROKTURI KMR S DotMatrix &#8211; melns"},"content":{"rendered":"<div class=\"product-description\">\n<h2>GRIPS KMR S DotMatrix &#8211; Melns<\/h2>\n<p>GRIPS KMR S DotMatrix meln\u0101 kr\u0101s\u0101. \u0160ie rokturi pied\u0101v\u0101 tekstur\u0113tu virsmu lab\u0101kai satverei. Piem\u0113roti eso\u0161\u0101s pistoles uzlabo\u0161anai vai sacens\u012bbu iero\u010da izveidei.<\/p>\n<h3>Galven\u0101s \u012bpa\u0161\u012bbas:<\/h3>\n<ul>\n<li>Garais izm\u0113rs<\/li>\n<li>Izgatavoti no anod\u0113ta duralum\u012bnija<\/li>\n<li>Golfa bumbi\u0146as raksts<\/li>\n<li>Paredz\u0113ti lieto\u0161anai bez magaz\u012bnas vadotnes<\/li>\n<li>Komplekt\u0101 iek\u013cautas torx skr\u016bves uzst\u0101d\u012b\u0161anai<\/li>\n<li>Ar KMR logotipu<\/li>\n<\/ul>\n<p>Sader\u012bgi tikai ar KMR S-02 mode\u013ciem, kuriem ir 26 mm plats alum\u012bnija r\u0101mis. Nav piem\u0113roti W-02 vai L-02 r\u0101mju izm\u0113riem. Paredz\u0113ti KMR S-02 .22 LR pistoles uzlabo\u0161anai.<\/p>\n<\/div>\n<dl class=\"data-sheet\">\n<dt class=\"name\">KMR iero\u010diem<\/dt>\n<dd class=\"value\">KMR S-01 LANCE (OR)<br \/>\nKMR S-02 L\u012aDZ 2023<\/dd>\n<dt class=\"name\">CZ iero\u010diem<\/dt>\n<dd class=\"value\">CZ SHADOW 1<br \/>\nCZ SHADOW 2<br \/>\nCZ SHADOW 2 (OR)<br \/>\nCZ SP-01<\/dd>\n<\/dl>\n","protected":false},"excerpt":{"rendered":"<p>Iztur\u012bgi anod\u0113ti duralum\u012bnija pistoles rokturi. Agres\u012bva tekst\u016bra.<\/p>\n<p>0611-02801-0101<\/p>\n","protected":false},"featured_media":73825,"template":"","meta":{"_acf_changed":false},"product_brand":[11512],"product_cat":[13779],"product_tag":[],"class_list":{"0":"post-74817","1":"product","2":"type-product","3":"status-publish","4":"has-post-thumbnail","6":"product_brand-kmr-precision","7":"product_cat-kmr-detalas","9":"first","10":"instock","11":"taxable","12":"shipping-taxable","13":"purchasable","14":"product-type-simple"},"acf":[],"_links":{"self":[{"href":"https:\/\/staging.nbg.eu\/lv\/wp-json\/wp\/v2\/product\/74817","targetHints":{"allow":["GET"]}}],"collection":[{"href":"https:\/\/staging.nbg.eu\/lv\/wp-json\/wp\/v2\/product"}],"about":[{"href":"https:\/\/staging.nbg.eu\/lv\/wp-json\/wp\/v2\/types\/product"}],"wp:featuredmedia":[{"embeddable":true,"href":"https:\/\/staging.nbg.eu\/lv\/wp-json\/wp\/v2\/media\/73825"}],"wp:attachment":[{"href":"https:\/\/staging.nbg.eu\/lv\/wp-json\/wp\/v2\/media?parent=74817"}],"wp:term":[{"taxonomy":"product_brand","embeddable":true,"href":"https:\/\/staging.nbg.eu\/lv\/wp-json\/wp\/v2\/product_brand?post=74817"},{"taxonomy":"product_cat","embeddable":true,"href":"https:\/\/staging.nbg.eu\/lv\/wp-json\/wp\/v2\/product_cat?post=74817"},{"taxonomy":"product_tag","embeddable":true,"href":"https:\/\/staging.nbg.eu\/lv\/wp-json\/wp\/v2\/product_tag?post=74817"}],"curies":[{"name":"wp","href":"https:\/\/api.w.org\/{rel}","templated":true}]}}