{"id":74369,"date":"2024-10-19T08:43:18","date_gmt":"2024-10-19T08:43:18","guid":{"rendered":"https:\/\/staging.nbg.eu\/product\/sg-timer-go\/"},"modified":"2025-10-01T15:48:41","modified_gmt":"2025-10-01T12:48:41","slug":"sg-timer-go","status":"publish","type":"product","link":"https:\/\/staging.nbg.eu\/lv\/product\/sg-timer-go\/","title":{"rendered":"SG Timer Go"},"content":{"rendered":"<h2>SG Timer Go<\/h2>\n<p>SG Timer Go apvieno tehnolo\u0123iju kompakt\u0101 ier\u012bc\u0113. Tam ir t\u0101ds pats sensors un algoritmi k\u0101 iepriek\u0161\u0113jam modelim.<\/p>\n<h2>Galven\u0101s funkcijas:<\/h2>\n<ul>\n<li>Bluetooth savienojam\u012bba<\/li>\n<li>Sader\u012bba ar vingrin\u0101jumu lietotni<\/li>\n<li>Sausa \u0161\u0101viena noteik\u0161ana ar snieguma atgriezenisko saiti<\/li>\n<li>Atbalss filtr\u0113\u0161ana \u0161\u0101vienu noteik\u0161anai<\/li>\n<li>Ieb\u016bv\u0113ta atmi\u0146a 1 000 000 \u0161\u0101vieniem<\/li>\n<li>Piel\u0101gojami PAR laiki<\/li>\n<li>Regul\u0113jama jut\u012bba visiem kalibriem<\/li>\n<li>Main\u0101ma ska\u013cuma kontrole (5-100)<\/li>\n<li>&#8220;Spiega re\u017e\u012bms&#8221; sinhroniz\u0101cijai ar citiem taimeriem<\/li>\n<\/ul>\n<h2>Lietot\u0101jam draudz\u012bgs dizains:<\/h2>\n<ul>\n<li>Aug\u0161pus\u0113 novietots displejs<\/li>\n<li>Vienk\u0101r\u0161ota 2 pogu saskarne<\/li>\n<li>\u0100tri no\u0146emama jostas klipsa<\/li>\n<li>Kabatas klipsa<\/li>\n<\/ul>\n<h2>Ilgsto\u0161s darb\u012bbas laiks:<\/h2>\n<p>L\u012bdz 80 stundu nep\u0101rtraukta lieto\u0161ana ar vienu uzl\u0101di un USB-C ports.<\/p>\n<p>SG Timer Go apvieno vienk\u0101r\u0161\u012bbu un funkcijas \u0161au\u0161anas entuziastiem.<\/p>\n","protected":false},"excerpt":{"rendered":"<p>Kompakts viedais \u0161au\u0161anas taimeris ar Bluetooth, uzlabot\u0101m funkcij\u0101m un ilgu akumulatora darb\u012bbas laiku.<\/p>\n","protected":false},"featured_media":73221,"template":"","meta":{"_acf_changed":false},"product_brand":[11801],"product_cat":[13794,13807],"product_tag":[],"class_list":{"0":"post-74369","1":"product","2":"type-product","3":"status-publish","4":"has-post-thumbnail","6":"product_brand-shooters-global","7":"product_cat-ekipejums","8":"product_cat-savienu-taimeri","10":"first","11":"outofstock","12":"taxable","13":"shipping-taxable","14":"purchasable","15":"product-type-simple"},"acf":[],"_links":{"self":[{"href":"https:\/\/staging.nbg.eu\/lv\/wp-json\/wp\/v2\/product\/74369","targetHints":{"allow":["GET"]}}],"collection":[{"href":"https:\/\/staging.nbg.eu\/lv\/wp-json\/wp\/v2\/product"}],"about":[{"href":"https:\/\/staging.nbg.eu\/lv\/wp-json\/wp\/v2\/types\/product"}],"wp:featuredmedia":[{"embeddable":true,"href":"https:\/\/staging.nbg.eu\/lv\/wp-json\/wp\/v2\/media\/73221"}],"wp:attachment":[{"href":"https:\/\/staging.nbg.eu\/lv\/wp-json\/wp\/v2\/media?parent=74369"}],"wp:term":[{"taxonomy":"product_brand","embeddable":true,"href":"https:\/\/staging.nbg.eu\/lv\/wp-json\/wp\/v2\/product_brand?post=74369"},{"taxonomy":"product_cat","embeddable":true,"href":"https:\/\/staging.nbg.eu\/lv\/wp-json\/wp\/v2\/product_cat?post=74369"},{"taxonomy":"product_tag","embeddable":true,"href":"https:\/\/staging.nbg.eu\/lv\/wp-json\/wp\/v2\/product_tag?post=74369"}],"curies":[{"name":"wp","href":"https:\/\/api.w.org\/{rel}","templated":true}]}}