{"id":74324,"date":"2024-10-18T19:45:03","date_gmt":"2024-10-30T09:24:09","guid":{"rendered":"https:\/\/staging.nbg.eu\/product\/sordin-supreme-pro-x-led-gel\/"},"modified":"2024-10-30T09:25:44","modified_gmt":"2024-10-30T09:25:44","slug":"sordin-supreme-pro-x-led-gel","status":"publish","type":"product","link":"https:\/\/staging.nbg.eu\/lv\/product\/sordin-supreme-pro-x-led-gel\/","title":{"rendered":"Sordin Supreme Pro-X LED GEL"},"content":{"rendered":"<h2>Sordin Supreme Pro-X LED<\/h2>\n<p>Sordin Supreme Pro-X LED ir elektronisks dzirdes aizsargs medniekiem un \u0161\u0101v\u0113jiem. Tam ir SordinHEAR2 ska\u0146as sist\u0113ma ar \u010detriem audio profiliem, kas nodro\u0161ina ska\u0146as kvalit\u0101ti un aizsardz\u012bbu.<\/p>\n<h2>Galven\u0101s funkcijas:<\/h2>\n<ul>\n<li>Ieb\u016bv\u0113ta LED gaisma redzam\u012bbai tum\u0161os apst\u0101k\u013cos<\/li>\n<li>GEL bl\u012bvgredzeni \u0113rt\u012bbai<\/li>\n<li>IP67 \u016bdensiztur\u012bbas klase<\/li>\n<li>Kompakts austi\u0146u dizains vieglai lieto\u0161anai<\/li>\n<li>No l\u012bme\u0146a atkar\u012bga funkcija apk\u0101rt\u0113j\u0101s ska\u0146as uztverei<\/li>\n<li>400 stundu baterijas darb\u012bbas laiks ar div\u0101m AAA baterij\u0101m<\/li>\n<li>AUX ieeja \u0101r\u0113jiem audio avotiem<\/li>\n<\/ul>\n<p>Ier\u012bce nodro\u0161ina dabisku ska\u0146as reprodukciju ar ska\u013cru\u0146iem, vienlaikus aizsarg\u0101jot no b\u012bstama trok\u0161\u0146a. Supreme Pro-X LED pastiprina v\u0101j\u0101s ska\u0146as un ierobe\u017eo izvadi l\u012bdz 82 dB, nodro\u0161inot dzirdes aizsardz\u012bbu.<\/p>\n<p>Ar mask\u0113\u0161an\u0101s kr\u0101sas tekstila galvas siksnu, vieglu dizainu (376g) un efekt\u012bvu ska\u0146as sl\u0101p\u0113\u0161anu, ar\u012b valk\u0101jot brilles, Sordin Supreme Pro-X LED ir piem\u0113rots med\u012bb\u0101m un \u0161au\u0161anai.<\/p>\n<p>NRR: 21 | SNR: 27 | H: 29 | M: 24 | L: 19<\/p>\n","protected":false},"excerpt":{"rendered":"<p>Elektronisk\u0101 dzirdes aizsardz\u012bba ar LED gaismu, 4 audio profiliem un g\u0113la bl\u012bv\u0113jumiem.<\/p>\n","protected":false},"featured_media":72219,"template":"","meta":{"_acf_changed":false},"product_brand":[11851],"product_cat":[13789,13794],"product_tag":[],"class_list":{"0":"post-74324","1":"product","2":"type-product","3":"status-publish","4":"has-post-thumbnail","6":"product_brand-sordin","7":"product_cat-ausu-aizsardziba","8":"product_cat-ekipejums","10":"first","11":"instock","12":"taxable","13":"shipping-taxable","14":"purchasable","15":"product-type-simple"},"acf":[],"_links":{"self":[{"href":"https:\/\/staging.nbg.eu\/lv\/wp-json\/wp\/v2\/product\/74324","targetHints":{"allow":["GET"]}}],"collection":[{"href":"https:\/\/staging.nbg.eu\/lv\/wp-json\/wp\/v2\/product"}],"about":[{"href":"https:\/\/staging.nbg.eu\/lv\/wp-json\/wp\/v2\/types\/product"}],"wp:featuredmedia":[{"embeddable":true,"href":"https:\/\/staging.nbg.eu\/lv\/wp-json\/wp\/v2\/media\/72219"}],"wp:attachment":[{"href":"https:\/\/staging.nbg.eu\/lv\/wp-json\/wp\/v2\/media?parent=74324"}],"wp:term":[{"taxonomy":"product_brand","embeddable":true,"href":"https:\/\/staging.nbg.eu\/lv\/wp-json\/wp\/v2\/product_brand?post=74324"},{"taxonomy":"product_cat","embeddable":true,"href":"https:\/\/staging.nbg.eu\/lv\/wp-json\/wp\/v2\/product_cat?post=74324"},{"taxonomy":"product_tag","embeddable":true,"href":"https:\/\/staging.nbg.eu\/lv\/wp-json\/wp\/v2\/product_tag?post=74324"}],"curies":[{"name":"wp","href":"https:\/\/api.w.org\/{rel}","templated":true}]}}