{"id":74302,"date":"2024-10-18T19:29:44","date_gmt":"2024-10-30T09:18:17","guid":{"rendered":"https:\/\/staging.nbg.eu\/product\/nitehog-viper-50-next-thermal-clip-on\/"},"modified":"2024-10-30T09:20:17","modified_gmt":"2024-10-30T09:20:17","slug":"nitehog-viper-50-next-termalais-uzliktnis","status":"publish","type":"product","link":"https:\/\/staging.nbg.eu\/lv\/product\/nitehog-viper-50-next-termalais-uzliktnis\/","title":{"rendered":"NiteHog Viper 50 Next termalais uzliktnis"},"content":{"rendered":"<h2>NiteHog Viper 50 Next term\u0101lais uzliekamais<\/h2>\n<p>Viper 50 Next ir kompakta un viegla uzliekam\u0101 ier\u012bce, kas uzlabo j\u016bsu optiku.<\/p>\n<h2>Galven\u0101s \u012bpa\u0161\u012bbas:<\/h2>\n<ul>\n<li>50mm fokusa garums detekt\u0113\u0161anai un atpaz\u012b\u0161anai<\/li>\n<li>60 Hz att\u0113lveido\u0161ana re\u0101llaik\u0101<\/li>\n<li>Kompakts dizains ar svaru tikai 295 grami<\/li>\n<li>Viegli uzst\u0101d\u0101ms uz jebkuras dienas optisk\u0101s ier\u012bces<\/li>\n<li>Detekt\u0113\u0161anas att\u0101lums l\u012bdz 2160 metriem<\/li>\n<li>A-Core modulis att\u0113la kvalit\u0101tei<\/li>\n<li>1024&#215;768 pikse\u013cu iz\u0161\u0137irtsp\u0113jas displejs<\/li>\n<li>IP66 \u016bdensiztur\u012bbas sertifik\u0101cija<\/li>\n<li>5 stundu akumulatora darb\u012bbas laiks ar standarta 18650 akumulatoru<\/li>\n<li>Vair\u0101ki att\u0113lu re\u017e\u012bmi: Balts karsts, Melns karsts, Sarkans karsts, Auto Izoterma, Izoterma, Varav\u012bksne un Dzelzs loks<\/li>\n<\/ul>\n<p>Viper 50 Next apvieno prec\u012bzu in\u017eenieriju ar tehnolo\u0123iju, nodro\u0161inot precizit\u0101ti da\u017e\u0101dos apst\u0101k\u013cos. T\u0101 \u0123erm\u0101nija objekt\u012bva l\u0113ca un 12 mikronu pikse\u013cu sensors nodro\u0161ina att\u0113la kvalit\u0101ti, bet lietot\u0101ja saskarne atvieglo lieto\u0161anu.<\/p>\n<p>NiteHog Viper 50 Next ir izv\u0113le profesion\u0101\u013ciem un entuziastiem.<\/p>\n","protected":false},"excerpt":{"rendered":"<p>Kompakts term\u0101lais uzliekamais siltumskats ar 50 mm objekt\u012bvu t\u0101lai detekt\u0113\u0161anai.<\/p>\n","protected":false},"featured_media":72034,"template":"","meta":{"_acf_changed":false},"product_brand":[11601],"product_cat":[13803,13758],"product_tag":[],"class_list":{"0":"post-74302","1":"product","2":"type-product","3":"status-publish","4":"has-post-thumbnail","6":"product_brand-nitehog","7":"product_cat-merkesana","8":"product_cat-termalie","10":"first","11":"instock","12":"taxable","13":"shipping-taxable","14":"purchasable","15":"product-type-simple"},"acf":[],"_links":{"self":[{"href":"https:\/\/staging.nbg.eu\/lv\/wp-json\/wp\/v2\/product\/74302","targetHints":{"allow":["GET"]}}],"collection":[{"href":"https:\/\/staging.nbg.eu\/lv\/wp-json\/wp\/v2\/product"}],"about":[{"href":"https:\/\/staging.nbg.eu\/lv\/wp-json\/wp\/v2\/types\/product"}],"wp:featuredmedia":[{"embeddable":true,"href":"https:\/\/staging.nbg.eu\/lv\/wp-json\/wp\/v2\/media\/72034"}],"wp:attachment":[{"href":"https:\/\/staging.nbg.eu\/lv\/wp-json\/wp\/v2\/media?parent=74302"}],"wp:term":[{"taxonomy":"product_brand","embeddable":true,"href":"https:\/\/staging.nbg.eu\/lv\/wp-json\/wp\/v2\/product_brand?post=74302"},{"taxonomy":"product_cat","embeddable":true,"href":"https:\/\/staging.nbg.eu\/lv\/wp-json\/wp\/v2\/product_cat?post=74302"},{"taxonomy":"product_tag","embeddable":true,"href":"https:\/\/staging.nbg.eu\/lv\/wp-json\/wp\/v2\/product_tag?post=74302"}],"curies":[{"name":"wp","href":"https:\/\/api.w.org\/{rel}","templated":true}]}}