{"id":74257,"date":"2024-10-18T20:29:49","date_gmt":"2024-10-18T20:29:49","guid":{"rendered":"https:\/\/staging.nbg.eu\/product\/sg-pulse-electronic-level-picatinny-m-lok\/"},"modified":"2024-10-30T09:03:17","modified_gmt":"2024-10-30T09:03:17","slug":"sg-pulse-elektroniskais-limenis-picatinny-m-lok","status":"publish","type":"product","link":"https:\/\/staging.nbg.eu\/lv\/product\/sg-pulse-elektroniskais-limenis-picatinny-m-lok\/","title":{"rendered":"SG PULSE elektroniskais limenis PICATINNY + M-LOK"},"content":{"rendered":"<h2>SG PULSE ELEKTRONISKAIS L\u012aME\u0145R\u0100DIS PICATINNY + M-LOK<\/h2>\n<p>SG PULSE ELEKTRONISKAIS L\u012aME\u0145R\u0100DIS nodro\u0161ina vertik\u0101lu l\u012bdzin\u0101\u0161anu, nov\u0113r\u0161ot horizont\u0101lo novirzi prec\u012bziem \u0161\u0101vieniem. Tam ir spilgtas LED gaismas perif\u0113r\u0101s redzes atgriezeniskajai saitei un piel\u0101gojamas kalibr\u0113\u0161anas iesp\u0113jas.<\/p>\n<ul>\n<li>Digit\u0101ls l\u012bme\u0146r\u0101dis vertik\u0101lai l\u012bdzin\u0101\u0161anai<\/li>\n<li>Stabilit\u0101tes re\u017e\u012bms r\u0101da MOA optim\u0101lam \u0161au\u0161anas laikam<\/li>\n<li>Kosinusa indik\u0101cija \u0161\u0101vieniem aug\u0161up un lejup<\/li>\n<li>Viena piesk\u0101riena t\u0113mek\u013ca l\u012bme\u0146o\u0161ana<\/li>\n<li>P\u0101rejas laika uzraudz\u012bba veiktsp\u0113jas anal\u012bzei<\/li>\n<li>Kompakts un iztur\u012bgs dizains<\/li>\n<li>Da\u017e\u0101das mont\u0101\u017eas iesp\u0113jas (Picatinny un M-LOK)<\/li>\n<\/ul>\n<p>Sader\u012bgs ar Drills lietotni stabilit\u0101tes un stobra trajektorijas anal\u012bzei. SG PULSE ELEKTRONISKAIS L\u012aME\u0145R\u0100DIS uzlabo \u0161autenes apr\u012bkojumu un precizit\u0101ti.<\/p>\n","protected":false},"excerpt":{"rendered":"<p>SG PULSE: Augstas precizit\u0101tes elektroniskais l\u012bme\u0146r\u0101dis ide\u0101lai \u0161autenes noregul\u0113\u0161anai.<\/p>\n","protected":false},"featured_media":72662,"template":"","meta":{"_acf_changed":false},"product_brand":[],"product_cat":[13794],"product_tag":[],"class_list":{"0":"post-74257","1":"product","2":"type-product","3":"status-publish","4":"has-post-thumbnail","6":"product_cat-ekipejums","8":"first","9":"instock","10":"taxable","11":"shipping-taxable","12":"purchasable","13":"product-type-simple"},"acf":[],"_links":{"self":[{"href":"https:\/\/staging.nbg.eu\/lv\/wp-json\/wp\/v2\/product\/74257","targetHints":{"allow":["GET"]}}],"collection":[{"href":"https:\/\/staging.nbg.eu\/lv\/wp-json\/wp\/v2\/product"}],"about":[{"href":"https:\/\/staging.nbg.eu\/lv\/wp-json\/wp\/v2\/types\/product"}],"wp:featuredmedia":[{"embeddable":true,"href":"https:\/\/staging.nbg.eu\/lv\/wp-json\/wp\/v2\/media\/72662"}],"wp:attachment":[{"href":"https:\/\/staging.nbg.eu\/lv\/wp-json\/wp\/v2\/media?parent=74257"}],"wp:term":[{"taxonomy":"product_brand","embeddable":true,"href":"https:\/\/staging.nbg.eu\/lv\/wp-json\/wp\/v2\/product_brand?post=74257"},{"taxonomy":"product_cat","embeddable":true,"href":"https:\/\/staging.nbg.eu\/lv\/wp-json\/wp\/v2\/product_cat?post=74257"},{"taxonomy":"product_tag","embeddable":true,"href":"https:\/\/staging.nbg.eu\/lv\/wp-json\/wp\/v2\/product_tag?post=74257"}],"curies":[{"name":"wp","href":"https:\/\/api.w.org\/{rel}","templated":true}]}}