{"id":74235,"date":"2024-10-18T20:39:12","date_gmt":"2024-10-18T20:39:12","guid":{"rendered":"https:\/\/staging.nbg.eu\/product\/kmr-gun-oil-20ml\/"},"modified":"2024-10-30T08:59:54","modified_gmt":"2024-10-30T08:59:54","slug":"kmr-ierocju-ella-20ml","status":"publish","type":"product","link":"https:\/\/staging.nbg.eu\/lv\/product\/kmr-ierocju-ella-20ml\/","title":{"rendered":"KMR IEROCJU ELLA 20ML"},"content":{"rendered":"<div class=\"product-description\">\n<h2>KMR IERO\u010cU E\u013b\u013bA 20ML<\/h2>\n<p>KMR IERO\u010cU E\u013b\u013bA 20ML ir paredz\u0113ta \u0161aujamiero\u010du apkopei un aizsardz\u012bbai. \u0160\u012b sint\u0113tisk\u0101 e\u013c\u013ca ir izstr\u0101d\u0101ta, lai samazin\u0101tu berzi un nodilumu, nodro\u0161inot \u0161aujamiero\u010du vienm\u0113r\u012bgu un efekt\u012bvu darb\u012bbu.<\/p>\n<ul>\n<li>Sint\u0113tiska formula<\/li>\n<li>Samazina berzi un nodilumu<\/li>\n<li>Pagarina \u0161aujamiero\u010da kalpo\u0161anas laiku<\/li>\n<li>Uzlabo visp\u0101r\u0113jo veiktsp\u0113ju<\/li>\n<li>Piem\u0113rota visu veidu \u0161aujamiero\u010diem<\/li>\n<\/ul>\n<p>KMR IERO\u010cU E\u013b\u013bA ir pieejama 20ml iepakojum\u0101, kas atvieglo t\u0101s lieto\u0161anu un p\u0101rn\u0113s\u0101\u0161anu. \u0160\u012b pudel\u012bte nodro\u0161ina, ka jums vienm\u0113r ir pieejams pietiekams daudzums e\u013c\u013cas \u0101trai apkopei.<\/p>\n<p>KMR IERO\u010cU E\u013b\u013bA 20ML pal\u012bdz uztur\u0113t j\u016bsu \u0161aujamiero\u010dus lab\u0101 st\u0101vokl\u012b.<\/p>\n<\/div>\n","protected":false},"excerpt":{"rendered":"<p>\u012apa\u0161\u0101 KMR sint\u0113tisk\u0101 iero\u010du e\u013c\u013ca berzes un nodiluma samazin\u0101\u0161anai.<\/p>\n","protected":false},"featured_media":72873,"template":"","meta":{"_acf_changed":false},"product_brand":[11512],"product_cat":[13808,13796],"product_tag":[],"class_list":{"0":"post-74235","1":"product","2":"type-product","3":"status-publish","4":"has-post-thumbnail","6":"product_brand-kmr-precision","7":"product_cat-ierocu-tirisana","8":"product_cat-smervielas","10":"first","11":"instock","12":"taxable","13":"shipping-taxable","14":"purchasable","15":"product-type-simple"},"acf":[],"_links":{"self":[{"href":"https:\/\/staging.nbg.eu\/lv\/wp-json\/wp\/v2\/product\/74235","targetHints":{"allow":["GET"]}}],"collection":[{"href":"https:\/\/staging.nbg.eu\/lv\/wp-json\/wp\/v2\/product"}],"about":[{"href":"https:\/\/staging.nbg.eu\/lv\/wp-json\/wp\/v2\/types\/product"}],"wp:featuredmedia":[{"embeddable":true,"href":"https:\/\/staging.nbg.eu\/lv\/wp-json\/wp\/v2\/media\/72873"}],"wp:attachment":[{"href":"https:\/\/staging.nbg.eu\/lv\/wp-json\/wp\/v2\/media?parent=74235"}],"wp:term":[{"taxonomy":"product_brand","embeddable":true,"href":"https:\/\/staging.nbg.eu\/lv\/wp-json\/wp\/v2\/product_brand?post=74235"},{"taxonomy":"product_cat","embeddable":true,"href":"https:\/\/staging.nbg.eu\/lv\/wp-json\/wp\/v2\/product_cat?post=74235"},{"taxonomy":"product_tag","embeddable":true,"href":"https:\/\/staging.nbg.eu\/lv\/wp-json\/wp\/v2\/product_tag?post=74235"}],"curies":[{"name":"wp","href":"https:\/\/api.w.org\/{rel}","templated":true}]}}