{"id":74213,"date":"2024-10-18T20:28:40","date_gmt":"2024-10-30T08:48:09","guid":{"rendered":"https:\/\/staging.nbg.eu\/product\/extractor-l-02-40sw-kmr\/"},"modified":"2024-10-30T08:49:47","modified_gmt":"2024-10-30T08:49:47","slug":"izvilcejs-l-02-40sw-kmr","status":"publish","type":"product","link":"https:\/\/staging.nbg.eu\/lv\/product\/izvilcejs-l-02-40sw-kmr\/","title":{"rendered":"Izvilcejs L-02 .40SW &#8211; KMR"},"content":{"rendered":"<div class=\"product-description\">\n<h2>Ekstraktors L-02 .40SW &#8211; KMR<\/h2>\n<p>\u0160is ekstraktors ir paredz\u0113ts KMR L-02 pistolei .40 S&amp;W kalibram. Tas nodro\u0161ina izlietoto \u010daul\u012b\u0161u izvilk\u0161anu un darb\u012bbas vienm\u0113r\u012bbu. Izgatavots no iztur\u012bgiem materi\u0101liem ilgsto\u0161ai lieto\u0161anai. \u0160\u012b deta\u013ca uzlabo iero\u010da precizit\u0101ti un uzticam\u012bbu.<\/p>\n<\/div>\n","protected":false},"excerpt":{"rendered":"<p>Prec\u012bzs 40 S&amp;W extraktors KMR L-02 pistolei.<\/p>\n","protected":false},"featured_media":72592,"template":"","meta":{"_acf_changed":false},"product_brand":[],"product_cat":[13779],"product_tag":[],"class_list":{"0":"post-74213","1":"product","2":"type-product","3":"status-publish","4":"has-post-thumbnail","6":"product_cat-kmr-detalas","8":"first","9":"instock","10":"taxable","11":"shipping-taxable","12":"purchasable","13":"product-type-simple"},"acf":[],"_links":{"self":[{"href":"https:\/\/staging.nbg.eu\/lv\/wp-json\/wp\/v2\/product\/74213","targetHints":{"allow":["GET"]}}],"collection":[{"href":"https:\/\/staging.nbg.eu\/lv\/wp-json\/wp\/v2\/product"}],"about":[{"href":"https:\/\/staging.nbg.eu\/lv\/wp-json\/wp\/v2\/types\/product"}],"wp:featuredmedia":[{"embeddable":true,"href":"https:\/\/staging.nbg.eu\/lv\/wp-json\/wp\/v2\/media\/72592"}],"wp:attachment":[{"href":"https:\/\/staging.nbg.eu\/lv\/wp-json\/wp\/v2\/media?parent=74213"}],"wp:term":[{"taxonomy":"product_brand","embeddable":true,"href":"https:\/\/staging.nbg.eu\/lv\/wp-json\/wp\/v2\/product_brand?post=74213"},{"taxonomy":"product_cat","embeddable":true,"href":"https:\/\/staging.nbg.eu\/lv\/wp-json\/wp\/v2\/product_cat?post=74213"},{"taxonomy":"product_tag","embeddable":true,"href":"https:\/\/staging.nbg.eu\/lv\/wp-json\/wp\/v2\/product_tag?post=74213"}],"curies":[{"name":"wp","href":"https:\/\/api.w.org\/{rel}","templated":true}]}}