{"id":74169,"date":"2024-10-18T20:15:25","date_gmt":"2024-10-30T08:38:39","guid":{"rendered":"https:\/\/staging.nbg.eu\/product\/nitehog-sight-spot-hog-red-dot\/"},"modified":"2024-10-30T08:40:37","modified_gmt":"2024-10-30T08:40:37","slug":"nitehog-sight-spot-hog-sarkanais-punkts","status":"publish","type":"product","link":"https:\/\/staging.nbg.eu\/lv\/product\/nitehog-sight-spot-hog-sarkanais-punkts\/","title":{"rendered":"NiteHog Sight Spot Hog Sarkanais Punkts"},"content":{"rendered":"<div class=\"product-description\">\n<h2>NiteHog Sight Spot Hog sarkan\u0101 punkta t\u0113meklis<\/h2>\n<p>Spot Hog sarkan\u0101 punkta t\u0113meklis ir 1x17x24 optika ar paralakses br\u012bvu skatu. Tam ir 3MOA punkts ar 8 spilgtuma l\u012bme\u0146iem un 2 nakts redzam\u012bbas iestat\u012bjumiem.<\/p>\n<ul>\n<li>Triecieniztur\u012bgs un \u016bdensiztur\u012bgs (IPX6)<\/li>\n<li>Sader\u012bgs ar 9mm, 45ACP, 12GA un Lapua Magnum 338 mun\u012bciju<\/li>\n<li>Pl\u0101ns, zema profila dizains bez aiz\u0137er\u0161an\u0101s<\/li>\n<li>Autom\u0101tiska izsl\u0113g\u0161an\u0101s p\u0113c 2 min\u016bt\u0113m bezdarb\u012bbas<\/li>\n<li>50 000 stundu baterijas darb\u012bbas laiks zem\u0101kaj\u0101 iestat\u012bjum\u0101 (CR2032 baterija, nav iek\u013cauta)<\/li>\n<li>Weaver stiprin\u0101jums vieglai uzst\u0101d\u012b\u0161anai<\/li>\n<\/ul>\n<p>Spot Hog ir kompakts un uzticams t\u0113meklis precizit\u0101tes uzlabo\u0161anai.<\/p>\n<\/div>\n","protected":false},"excerpt":{"rendered":"<p>Iztur\u012bgs, bez paralakses 1x17x24 sarkan\u0101 punkta t\u0113meklis ar 8 intensit\u0101tes l\u012bme\u0146iem.<\/p>\n","protected":false},"featured_media":72545,"template":"","meta":{"_acf_changed":false},"product_brand":[11601],"product_cat":[13803,13804,13837],"product_tag":[],"class_list":{"0":"post-74169","1":"product","2":"type-product","3":"status-publish","4":"has-post-thumbnail","6":"product_brand-nitehog","7":"product_cat-merkesana","8":"product_cat-sarkanpunkta-temekli","9":"product_cat-sautenes-kolimatori","11":"first","12":"instock","13":"taxable","14":"shipping-taxable","15":"purchasable","16":"product-type-simple"},"acf":[],"_links":{"self":[{"href":"https:\/\/staging.nbg.eu\/lv\/wp-json\/wp\/v2\/product\/74169","targetHints":{"allow":["GET"]}}],"collection":[{"href":"https:\/\/staging.nbg.eu\/lv\/wp-json\/wp\/v2\/product"}],"about":[{"href":"https:\/\/staging.nbg.eu\/lv\/wp-json\/wp\/v2\/types\/product"}],"wp:featuredmedia":[{"embeddable":true,"href":"https:\/\/staging.nbg.eu\/lv\/wp-json\/wp\/v2\/media\/72545"}],"wp:attachment":[{"href":"https:\/\/staging.nbg.eu\/lv\/wp-json\/wp\/v2\/media?parent=74169"}],"wp:term":[{"taxonomy":"product_brand","embeddable":true,"href":"https:\/\/staging.nbg.eu\/lv\/wp-json\/wp\/v2\/product_brand?post=74169"},{"taxonomy":"product_cat","embeddable":true,"href":"https:\/\/staging.nbg.eu\/lv\/wp-json\/wp\/v2\/product_cat?post=74169"},{"taxonomy":"product_tag","embeddable":true,"href":"https:\/\/staging.nbg.eu\/lv\/wp-json\/wp\/v2\/product_tag?post=74169"}],"curies":[{"name":"wp","href":"https:\/\/api.w.org\/{rel}","templated":true}]}}